{"id":11213,"date":"2022-12-16T13:24:29","date_gmt":"2022-12-16T12:24:29","guid":{"rendered":"https:\/\/xerall.com\/product\/maya\/"},"modified":"2023-12-13T14:14:32","modified_gmt":"2023-12-13T13:14:32","slug":"maya","status":"publish","type":"product","link":"https:\/\/xerall.com\/de\/produkt\/maya\/","title":{"rendered":"MAYA"},"content":{"rendered":"<p style=\"text-align: center;\"><img fetchpriority=\"high\" decoding=\"async\" class=\"aligncenter wp-image-11099 size-full\" src=\"https:\/\/xerall.com\/wp-content\/uploads\/2022\/12\/MAYA-A-content-1-1464x600-3.jpg\" alt=\"\" width=\"1464\" height=\"600\" srcset=\"https:\/\/xerall.com\/wp-content\/uploads\/2022\/12\/MAYA-A-content-1-1464x600-3.jpg 1464w, https:\/\/xerall.com\/wp-content\/uploads\/2022\/12\/MAYA-A-content-1-1464x600-3-1000x410.jpg 1000w, https:\/\/xerall.com\/wp-content\/uploads\/2022\/12\/MAYA-A-content-1-1464x600-3-300x123.jpg 300w, https:\/\/xerall.com\/wp-content\/uploads\/2022\/12\/MAYA-A-content-1-1464x600-3-1024x420.jpg 1024w, https:\/\/xerall.com\/wp-content\/uploads\/2022\/12\/MAYA-A-content-1-1464x600-3-768x315.jpg 768w\" sizes=\"(max-width: 1464px) 100vw, 1464px\" \/><\/p>\n<p style=\"text-align: center;\">LERNEN SIE MAYA KENNEN, DIE KLEINSTE DROHNE DER XERALL-FAMILIE \u2013 Sehr stabil und einfach zu steuern f\u00fcr Anf\u00e4nger. Lassen Sie sich nicht von seiner geringen Gr\u00f6\u00dfe t\u00e4uschen, es ist vollgepackt mit vielen Funktionen: automatischer Start und Landung, Videokamera mit Live-\u00dcbertragung (FPV), benutzerdefinierte Route, Headless-Funktion und vieles mehr&#8230;<\/p>\n<p>&nbsp;<\/p>\n<p>&nbsp;<br \/>\n&nbsp;<\/p>\n<p style=\"text-align: center;\"><img decoding=\"async\" class=\"wp-image-11135 size-full aligncenter\" src=\"https:\/\/xerall.com\/wp-content\/uploads\/2022\/12\/4-MAYA-600x350-2.jpg\" alt=\"\" width=\"650\" height=\"350\" srcset=\"https:\/\/xerall.com\/wp-content\/uploads\/2022\/12\/4-MAYA-600x350-2.jpg 650w, https:\/\/xerall.com\/wp-content\/uploads\/2022\/12\/4-MAYA-600x350-2-300x162.jpg 300w\" sizes=\"(max-width: 650px) 100vw, 650px\" \/><\/p>\n<p style=\"text-align: center;\"><strong>VIDEOKAMERA MIT LIVE-VIDEO-STREAMING (FPV)<\/strong><\/p>\n<p style=\"text-align: center;\">Die Drohne ist mit einer FPV-Kamera 640x480p-\u00dcbertragung ausgestattet, was bedeutet, dass Sie w\u00e4hrend des Fluges Live-Bilder in Echtzeit auf Ihrem Smartphone anzeigen k\u00f6nnen<\/p>\n<p style=\"text-align: center;\"><img decoding=\"async\" class=\"wp-image-11141 size-full aligncenter\" src=\"https:\/\/xerall.com\/wp-content\/uploads\/2022\/12\/8-MAYA-600x350-1.jpg\" alt=\"\" width=\"600\" height=\"350\" srcset=\"https:\/\/xerall.com\/wp-content\/uploads\/2022\/12\/8-MAYA-600x350-1.jpg 600w, https:\/\/xerall.com\/wp-content\/uploads\/2022\/12\/8-MAYA-600x350-1-300x175.jpg 300w\" sizes=\"(max-width: 600px) 100vw, 600px\" \/><\/p>\n<p style=\"text-align: center;\"><strong>SMARTPHONE-APP<\/strong><\/p>\n<p style=\"text-align: center;\">Anwendung kompatibel mit Apple- und Android-Betriebssystemen. Die Anwendung erm\u00f6glicht die volle Kontrolle \u00fcber die Drohne, Videos aufnehmen, Fotos aufnehmen, Live-Videos streamen, anzeigen: Batteriestand, H\u00f6he, Signalst\u00e4rke und mehr<\/p>\n<p style=\"text-align: center;\"><img loading=\"lazy\" decoding=\"async\" class=\"wp-image-11147 aligncenter\" src=\"https:\/\/xerall.com\/wp-content\/uploads\/2022\/12\/AUTO-TAKE-OFF-650X350-300x162.jpg\" alt=\"\" width=\"650\" height=\"350\" srcset=\"https:\/\/xerall.com\/wp-content\/uploads\/2022\/12\/AUTO-TAKE-OFF-650X350-300x162.jpg 300w, https:\/\/xerall.com\/wp-content\/uploads\/2022\/12\/AUTO-TAKE-OFF-650X350.jpg 700w\" sizes=\"(max-width: 650px) 100vw, 650px\" \/><\/p>\n<p style=\"text-align: center;\"><strong>AUTOMATISCHER START UND LANDUNG<\/strong><\/p>\n<p style=\"text-align: center;\">Per Knopfdruck hebt die Drohne automatisch ab und landet<\/p>\n<p style=\"text-align: center;\"><img loading=\"lazy\" decoding=\"async\" class=\"aligncenter wp-image-11153 size-full\" src=\"https:\/\/xerall.com\/wp-content\/uploads\/2022\/12\/small-size-and-weight-650x350-3.jpg\" alt=\"\" width=\"650\" height=\"350\" srcset=\"https:\/\/xerall.com\/wp-content\/uploads\/2022\/12\/small-size-and-weight-650x350-3.jpg 650w, https:\/\/xerall.com\/wp-content\/uploads\/2022\/12\/small-size-and-weight-650x350-3-300x162.jpg 300w\" sizes=\"(max-width: 650px) 100vw, 650px\" \/><\/p>\n<p style=\"text-align: center;\"><strong>KLEIN UND LEICHT<\/strong><\/p>\n<p style=\"text-align: center;\">Kleine Gr\u00f6\u00dfe und geringes Gewicht (24 Gramm) machen diese Drohne sicher zu bedienen und praktisch unzerst\u00f6rbar. Zus\u00e4tzlich ist die Drohne mit Propellerabdeckungen ausgestattet, die die Umgebung und die Drohne vor Besch\u00e4digungen sch\u00fctzen.<\/p>\n<p style=\"text-align: center;\"><img loading=\"lazy\" decoding=\"async\" class=\"wp-image-11159 aligncenter\" src=\"https:\/\/xerall.com\/wp-content\/uploads\/2022\/12\/CUSTOM-ROUTE-650x350-1-300x162.jpg\" alt=\"\" width=\"650\" height=\"350\" srcset=\"https:\/\/xerall.com\/wp-content\/uploads\/2022\/12\/CUSTOM-ROUTE-650x350-1-300x162.jpg 300w, https:\/\/xerall.com\/wp-content\/uploads\/2022\/12\/CUSTOM-ROUTE-650x350-1.jpg 700w\" sizes=\"(max-width: 650px) 100vw, 650px\" \/><\/p>\n<p style=\"text-align: center;\"><strong>BENUTZERDEFINIERTE FLUGROUTE<\/strong><\/p>\n<p style=\"text-align: center;\">Einfach den Weg auf dem Smartphone-Bildschirm zeichnen, die Drohne folgt ihm autonom<\/p>\n<p style=\"text-align: center;\"><img loading=\"lazy\" decoding=\"async\" class=\"aligncenter wp-image-11165\" src=\"https:\/\/xerall.com\/wp-content\/uploads\/2022\/12\/altitude-hold-650x350-1-300x162.jpg\" alt=\"\" width=\"650\" height=\"350\" srcset=\"https:\/\/xerall.com\/wp-content\/uploads\/2022\/12\/altitude-hold-650x350-1-300x162.jpg 300w, https:\/\/xerall.com\/wp-content\/uploads\/2022\/12\/altitude-hold-650x350-1.jpg 700w\" sizes=\"(max-width: 650px) 100vw, 650px\" \/><\/p>\n<p style=\"text-align: center;\"><strong>H\u00d6HENHALTEFUNKTION<\/strong><\/p>\n<p style=\"text-align: center;\">Die Drohne \u00fcberwacht und h\u00e4lt eine konstante H\u00f6he, damit Sie sich auf das Fliegen konzentrieren k\u00f6nnen<\/p>\n<p style=\"text-align: center;\"><strong>DAS SET BEINHALTET:<\/strong><br \/>\n1 x MAYA Drohne komplett montiert (RTF)<br \/>\n1 x 2,4 GHz Funkcontroller mit Smartphone-Halter<br \/>\n1 x 3,7 V 180mAh Akku<br \/>\n1 x Ladeger\u00e4t<br \/>\n4 x Ersatzpropeller<\/p>\n<p style=\"text-align: center;\"><strong>TECHNISCHE SPEZIFIKATIONEN:<\/strong><br \/>\nGewicht der Drohne: 24 g<\/p>\n<p style=\"text-align: center;\"><strong>Kamera<\/strong><br \/>\nVideokamera: 640 x 480p<\/p>\n<p style=\"text-align: center;\"><strong>LIVE-VIDEO<\/strong><br \/>\nBetriebsfrequenz: WiFi (2,4 GHz)<br \/>\nLive-Vorschau: Smartphone (Anwendung f\u00fcr iOS oder Android)<\/p>\n<p style=\"text-align: center;\"><strong>VR GOGGLES<\/strong><br \/>\nKompatibel (VR-Brille nicht im Lieferumfang enthalten)<\/p>\n<p style=\"text-align: center;\"><strong>Ladeger\u00e4t<\/strong><br \/>\nAdaptertyp: USB<br \/>\nLadezeit: 25-30 min<\/p>\n<p style=\"text-align: center;\"><strong>Batterie<\/strong><\/p>\n<p style=\"text-align: center;\">ZWEI BATTERIEN SIND IM LIEFERUMFANG ENTHALTEN!<br \/>\nKapazit\u00e4t: 180mAh<br \/>\nBatterietyp: Li-Po<br \/>\nSpannung: 3,7 V<\/p>\n<p style=\"text-align: center;\"><strong>Ausdauer<\/strong><br \/>\nMaximale Flugzeit: 5-6 Minuten, 10-12 Minuten mit zwei Batterien im Lieferumfang enthalten<\/p>\n<p style=\"text-align: center;\"><strong>SMARTPHONE-APP<\/strong><br \/>\nAnwendungskompatibilit\u00e4t mit Apple- und Android-Betriebssystemen<br \/>\nSteuermodus: mit den Bildschirmtasten oder internen IMU (die Drohne folgt der Bewegung des Smartphones)<br \/>\nWegpunkte: Zeichnen Sie einfach den Pfad auf dem Smartphone-Bildschirm, die Drohne wird ihm autonom folgen<br \/>\nNehmen Sie Fotos auf, nehmen Sie Videos auf und vieles mehr.<\/p>\n<p style=\"text-align: center;\">Laden Sie die App hier herunter:<\/p>\n<p style=\"text-align: center;\"><a href=\"https:\/\/play.google.com\/store\/apps\/details?id=com.udirc.xerall&amp;hl=en\" target=\"_blank\" rel=\"noopener\"><img loading=\"lazy\" decoding=\"async\" class=\"aligncenter wp-image-1201\" src=\"https:\/\/xerall.com\/wp-content\/uploads\/2018\/06\/google-play-1000.png\" alt=\"\" width=\"200\" height=\"61\"><\/a><\/p>\n<p><a href=\"https:\/\/apps.apple.com\/us\/app\/xerall\/id1398763430\" target=\"_blank\" rel=\"noopener\"><img loading=\"lazy\" decoding=\"async\" class=\"size-full wp-image-1203 aligncenter\" src=\"https:\/\/xerall.com\/wp-content\/uploads\/2018\/06\/appple-store-badge-100.png\" alt=\"\" width=\"200\" height=\"61\" srcset=\"https:\/\/xerall.com\/wp-content\/uploads\/2018\/06\/appple-store-badge-100.png 200w, https:\/\/xerall.com\/wp-content\/uploads\/2018\/06\/appple-store-badge-100-100x31.png 100w\" sizes=\"(max-width: 200px) 100vw, 200px\" \/><\/a><\/p>\n<!-- AddThis Advanced Settings generic via filter on the_content --><!-- AddThis Share Buttons generic via filter on the_content -->","protected":false},"excerpt":{"rendered":"<p>LERNEN SIE MAYA KENNEN, DIE KLEINSTE DROHNE DER XERALL-FAMILIE<!-- AddThis Advanced Settings generic via filter on wp_trim_excerpt --><!-- AddThis Share Buttons generic via filter on wp_trim_excerpt --><\/p>\n","protected":false},"featured_media":11105,"template":"","meta":{"_acf_changed":false,"om_disable_all_campaigns":false,"_monsterinsights_skip_tracking":false,"_monsterinsights_sitenote_active":false,"_monsterinsights_sitenote_note":"","_monsterinsights_sitenote_category":0},"product_brand":[],"product_cat":[231],"product_tag":[405],"class_list":{"0":"post-11213","1":"product","2":"type-product","3":"status-publish","4":"has-post-thumbnail","6":"product_cat-modelle","7":"product_tag-maya-de","9":"first","10":"instock","11":"sale","12":"taxable","13":"shipping-taxable","14":"purchasable","15":"product-type-simple"},"acf":[],"_links":{"self":[{"href":"https:\/\/xerall.com\/de\/wp-json\/wp\/v2\/product\/11213","targetHints":{"allow":["GET"]}}],"collection":[{"href":"https:\/\/xerall.com\/de\/wp-json\/wp\/v2\/product"}],"about":[{"href":"https:\/\/xerall.com\/de\/wp-json\/wp\/v2\/types\/product"}],"wp:featuredmedia":[{"embeddable":true,"href":"https:\/\/xerall.com\/de\/wp-json\/wp\/v2\/media\/11105"}],"wp:attachment":[{"href":"https:\/\/xerall.com\/de\/wp-json\/wp\/v2\/media?parent=11213"}],"wp:term":[{"taxonomy":"product_brand","embeddable":true,"href":"https:\/\/xerall.com\/de\/wp-json\/wp\/v2\/product_brand?post=11213"},{"taxonomy":"product_cat","embeddable":true,"href":"https:\/\/xerall.com\/de\/wp-json\/wp\/v2\/product_cat?post=11213"},{"taxonomy":"product_tag","embeddable":true,"href":"https:\/\/xerall.com\/de\/wp-json\/wp\/v2\/product_tag?post=11213"}],"curies":[{"name":"wp","href":"https:\/\/api.w.org\/{rel}","templated":true}]}}