{"id":11261,"date":"2022-12-18T22:59:14","date_gmt":"2022-12-18T21:59:14","guid":{"rendered":"https:\/\/xerall.com\/product\/x\/"},"modified":"2024-04-03T04:22:54","modified_gmt":"2024-04-03T02:22:54","slug":"vivi","status":"publish","type":"product","link":"https:\/\/xerall.com\/de\/produkt\/vivi\/","title":{"rendered":"VIVI DROHNE MIT HD-KAMERA SMARTPHONE-APP"},"content":{"rendered":"<p><img fetchpriority=\"high\" decoding=\"async\" class=\"aligncenter wp-image-11350 size-full\" src=\"https:\/\/xerall.com\/wp-content\/uploads\/2022\/12\/VIVI-A-content-1-1464x600-2.jpg\" alt=\"\" width=\"1464\" height=\"600\" srcset=\"https:\/\/xerall.com\/wp-content\/uploads\/2022\/12\/VIVI-A-content-1-1464x600-2.jpg 1464w, https:\/\/xerall.com\/wp-content\/uploads\/2022\/12\/VIVI-A-content-1-1464x600-2-300x123.jpg 300w, https:\/\/xerall.com\/wp-content\/uploads\/2022\/12\/VIVI-A-content-1-1464x600-2-1024x420.jpg 1024w, https:\/\/xerall.com\/wp-content\/uploads\/2022\/12\/VIVI-A-content-1-1464x600-2-768x315.jpg 768w, https:\/\/xerall.com\/wp-content\/uploads\/2022\/12\/VIVI-A-content-1-1464x600-2-1000x410.jpg 1000w\" sizes=\"(max-width: 1464px) 100vw, 1464px\" \/><\/p>\n<p>&nbsp;<\/p>\n<p style=\"text-align: center;\">LERNEN SIE VIVI KENNEN DIE KLEINSTE XERALL-DROHNE MIT HD-KAMERA \u2013 Sehr stabil und einfach zu steuern f\u00fcr Anf\u00e4nger. Lassen Sie sich nicht von seiner geringen Gr\u00f6\u00dfe t\u00e4uschen, es ist vollgepackt mit vielen Funktionen: automatischer Start und Landung, Videokamera mit Live-\u00dcbertragung in HD-Qualit\u00e4t (FPV), benutzerdefinierte Route, Headless-Funktion und vieles mehr&#8230;<\/p>\n<p style=\"text-align: center;\"><img decoding=\"async\" class=\"alignnone wp-image-11377 size-full\" src=\"https:\/\/xerall.com\/wp-content\/uploads\/2022\/12\/VIVI-CAMERA-700.jpg\" alt=\"\" width=\"700\" height=\"377\" srcset=\"https:\/\/xerall.com\/wp-content\/uploads\/2022\/12\/VIVI-CAMERA-700.jpg 700w, https:\/\/xerall.com\/wp-content\/uploads\/2022\/12\/VIVI-CAMERA-700-300x162.jpg 300w\" sizes=\"(max-width: 700px) 100vw, 700px\" \/><\/p>\n<p style=\"text-align: center;\"><strong>VIDEOKAMERA MIT LIVE-VIDEOSTREAMING IN HD-QUALIT\u00c4T (FPV)<\/strong><\/p>\n<p style=\"text-align: center;\">Die Drohne ist mit einer FPV HD Kamera 720p \u00dcbertragung ausgestattet, was bedeutet, dass Sie w\u00e4hrend des Fluges Live-Bilder in Echtzeit auf Ihrem Smartphone anzeigen k\u00f6nnen<\/p>\n<p><img decoding=\"async\" class=\"aligncenter wp-image-11383 size-full\" src=\"https:\/\/xerall.com\/wp-content\/uploads\/2022\/12\/VIVI-SMARTPHONE-700.jpg\" alt=\"\" width=\"700\" height=\"377\" srcset=\"https:\/\/xerall.com\/wp-content\/uploads\/2022\/12\/VIVI-SMARTPHONE-700.jpg 700w, https:\/\/xerall.com\/wp-content\/uploads\/2022\/12\/VIVI-SMARTPHONE-700-300x162.jpg 300w\" sizes=\"(max-width: 700px) 100vw, 700px\" \/><\/p>\n<p style=\"text-align: center;\"><strong>SMARTPHONE-APP<\/strong><\/p>\n<p style=\"text-align: center;\">Anwendung kompatibel mit Apple- und Android-Betriebssystemen. Die Anwendung erm\u00f6glicht die volle Kontrolle \u00fcber die Drohne, Videos aufnehmen, Fotos aufnehmen, Live-Videos streamen, anzeigen: Batteriestand, H\u00f6he, Signalst\u00e4rke und mehr<\/p>\n<p><img loading=\"lazy\" decoding=\"async\" class=\"aligncenter wp-image-11389 size-full\" src=\"https:\/\/xerall.com\/wp-content\/uploads\/2022\/12\/vivi-autotake-off.jpg\" alt=\"\" width=\"700\" height=\"377\" srcset=\"https:\/\/xerall.com\/wp-content\/uploads\/2022\/12\/vivi-autotake-off.jpg 700w, https:\/\/xerall.com\/wp-content\/uploads\/2022\/12\/vivi-autotake-off-300x162.jpg 300w\" sizes=\"(max-width: 700px) 100vw, 700px\" \/><\/p>\n<p style=\"text-align: center;\"><strong>AUTOMATISCHER START UND LANDUNG<\/strong><\/p>\n<p style=\"text-align: center;\">Per Knopfdruck hebt die Drohne automatisch ab und landet<\/p>\n<p><img loading=\"lazy\" decoding=\"async\" class=\"wp-image-11395 size-full aligncenter\" src=\"https:\/\/xerall.com\/wp-content\/uploads\/2022\/12\/VIVI-rotate-camera-700.jpg\" alt=\"\" width=\"700\" height=\"377\" srcset=\"https:\/\/xerall.com\/wp-content\/uploads\/2022\/12\/VIVI-rotate-camera-700.jpg 700w, https:\/\/xerall.com\/wp-content\/uploads\/2022\/12\/VIVI-rotate-camera-700-300x162.jpg 300w\" sizes=\"(max-width: 700px) 100vw, 700px\" \/><\/p>\n<p style=\"text-align: center;\"><strong>EINSTELLBARE WINKELKAMERA<\/strong><\/p>\n<p style=\"text-align: center;\">Die Kamera der Drohne kann um 90 Grad eingestellt werden. Dies ist sehr praktisch f\u00fcr die Aufnahme von Videos aus verschiedenen Perspektiven, die Kamera kann positioniert werden, um gerade nach unten oder horizontal zu schauen<\/p>\n<p><img loading=\"lazy\" decoding=\"async\" class=\"aligncenter wp-image-11401 size-full\" src=\"https:\/\/xerall.com\/wp-content\/uploads\/2022\/12\/VIVI-CUSTOM-ROUTE-700.jpg\" alt=\"\" width=\"700\" height=\"377\" srcset=\"https:\/\/xerall.com\/wp-content\/uploads\/2022\/12\/VIVI-CUSTOM-ROUTE-700.jpg 700w, https:\/\/xerall.com\/wp-content\/uploads\/2022\/12\/VIVI-CUSTOM-ROUTE-700-300x162.jpg 300w\" sizes=\"(max-width: 700px) 100vw, 700px\" \/><\/p>\n<p style=\"text-align: center;\"><strong>BENUTZERDEFINIERTE FLUGROUTE<\/strong><\/p>\n<p style=\"text-align: center;\">Einfach den Weg auf dem Smartphone-Bildschirm zeichnen, die Drohne folgt ihm autonom<\/p>\n<p><img loading=\"lazy\" decoding=\"async\" class=\"wp-image-11407 size-full aligncenter\" src=\"https:\/\/xerall.com\/wp-content\/uploads\/2022\/12\/vivi-altitude-hold-700.jpg\" alt=\"\" width=\"700\" height=\"377\" srcset=\"https:\/\/xerall.com\/wp-content\/uploads\/2022\/12\/vivi-altitude-hold-700.jpg 700w, https:\/\/xerall.com\/wp-content\/uploads\/2022\/12\/vivi-altitude-hold-700-300x162.jpg 300w\" sizes=\"(max-width: 700px) 100vw, 700px\" \/><\/p>\n<p style=\"text-align: center;\"><strong>H\u00d6HENHALTEFUNKTION<\/strong><\/p>\n<p style=\"text-align: center;\">Die Drohne \u00fcberwacht und h\u00e4lt eine konstante H\u00f6he, damit Sie sich auf das Fliegen konzentrieren k\u00f6nnen<\/p>\n<p style=\"text-align: center;\"><strong>DAS SET BEINHALTET:<\/strong><br \/>\n1 x VIVI Drohne komplett montiert (RTF)<br \/>\n1 x 2,4 GHz Funkcontroller mit Smartphone-Halter<br \/>\n<strong>2 x 3,7 V 500mAh Akku<\/strong><br \/>\n1 x Ladeger\u00e4t<br \/>\n4 x Ersatzpropeller<\/p>\n<p style=\"text-align: center;\"><strong>TECHNISCHE SPEZIFIKATIONEN:<\/strong><br \/>\nGewicht der Drohne: 63 g<\/p>\n<p style=\"text-align: center;\"><strong>Kamera<\/strong><br \/>\nVideokamera: HD 720p<\/p>\n<p style=\"text-align: center;\"><strong>LIVE-VIDEO<\/strong><br \/>\nBetriebsfrequenz: WiFi (2,4 GHz)<br \/>\nLive-Vorschau: Smartphone (Anwendung f\u00fcr iOS oder Android)<\/p>\n<p style=\"text-align: center;\"><strong>VR GOGGLES<\/strong><br \/>\nKompatibel (VR-Brille nicht im Lieferumfang enthalten)<\/p>\n<p style=\"text-align: center;\"><strong>Ladeger\u00e4t<\/strong><br \/>\nAdaptertyp: USB<br \/>\nLadezeit: 25-30 min<\/p>\n<p style=\"text-align: center;\"><strong>Batterie<\/strong><\/p>\n<p style=\"text-align: center;\"><strong>ZWEI BATTERIEN SIND IM LIEFERUMFANG ENTHALTEN!<\/strong><br \/>\nKapazit\u00e4t: 180mAh<br \/>\nBatterietyp: Li-Po<br \/>\nSpannung: 3,7 V<\/p>\n<p style=\"text-align: center;\"><strong>Ausdauer<\/strong><br \/>\nMaximale Flugzeit: 6-7 Minuten, 12-14 Minuten mit zwei Batterien im Lieferumfang enthalten<\/p>\n<p style=\"text-align: center;\"><strong>SMARTPHONE-APP<\/strong><br \/>\nAnwendungskompatibilit\u00e4t mit Apple- und Android-Betriebssystemen<br \/>\nSteuermodus: mit den Bildschirmtasten oder internen IMU (die Drohne folgt der Bewegung des Smartphones)<br \/>\nWegpunkte: Zeichnen Sie einfach den Pfad auf dem Smartphone-Bildschirm, die Drohne wird ihm autonom folgen<br \/>\nNehmen Sie Fotos auf, nehmen Sie Videos auf und vieles mehr.<\/p>\n<p style=\"text-align: center;\">Laden Sie die App hier herunter:<\/p>\n<p style=\"text-align: center;\"><a href=\"https:\/\/play.google.com\/store\/apps\/details?id=com.udirc.xerall&amp;hl=en\" target=\"_blank\" rel=\"noopener\"><img loading=\"lazy\" decoding=\"async\" class=\"aligncenter wp-image-1201\" src=\"https:\/\/xerall.com\/wp-content\/uploads\/2018\/06\/google-play-1000.png\" alt=\"\" width=\"200\" height=\"61\"><\/a><\/p>\n<p><a href=\"https:\/\/apps.apple.com\/us\/app\/xerall\/id1398763430\" target=\"_blank\" rel=\"noopener\"><img loading=\"lazy\" decoding=\"async\" class=\"size-full wp-image-1203 aligncenter\" src=\"https:\/\/xerall.com\/wp-content\/uploads\/2018\/06\/appple-store-badge-100.png\" alt=\"\" width=\"200\" height=\"61\" srcset=\"https:\/\/xerall.com\/wp-content\/uploads\/2018\/06\/appple-store-badge-100.png 200w, https:\/\/xerall.com\/wp-content\/uploads\/2018\/06\/appple-store-badge-100-100x31.png 100w\" sizes=\"(max-width: 200px) 100vw, 200px\" \/><\/a><\/p>\n<!-- AddThis Advanced Settings generic via filter on the_content --><!-- AddThis Share Buttons generic via filter on the_content -->","protected":false},"excerpt":{"rendered":"<p>LERNEN SIE VIVI KENNEN, DIE KLEINSTE XERALL-DROHNE MIT HD-KAMERA<!-- AddThis Advanced Settings generic via filter on wp_trim_excerpt --><!-- AddThis Share Buttons generic via filter on wp_trim_excerpt --><\/p>\n","protected":false},"featured_media":11252,"template":"","meta":{"_acf_changed":false,"om_disable_all_campaigns":false,"_monsterinsights_skip_tracking":false,"_monsterinsights_sitenote_active":false,"_monsterinsights_sitenote_note":"","_monsterinsights_sitenote_category":0},"product_brand":[],"product_cat":[231],"product_tag":[416],"class_list":{"0":"post-11261","1":"product","2":"type-product","3":"status-publish","4":"has-post-thumbnail","6":"product_cat-modelle","7":"product_tag-vivi-de","9":"first","10":"instock","11":"sale","12":"taxable","13":"shipping-taxable","14":"purchasable","15":"product-type-simple"},"acf":[],"_links":{"self":[{"href":"https:\/\/xerall.com\/de\/wp-json\/wp\/v2\/product\/11261","targetHints":{"allow":["GET"]}}],"collection":[{"href":"https:\/\/xerall.com\/de\/wp-json\/wp\/v2\/product"}],"about":[{"href":"https:\/\/xerall.com\/de\/wp-json\/wp\/v2\/types\/product"}],"wp:featuredmedia":[{"embeddable":true,"href":"https:\/\/xerall.com\/de\/wp-json\/wp\/v2\/media\/11252"}],"wp:attachment":[{"href":"https:\/\/xerall.com\/de\/wp-json\/wp\/v2\/media?parent=11261"}],"wp:term":[{"taxonomy":"product_brand","embeddable":true,"href":"https:\/\/xerall.com\/de\/wp-json\/wp\/v2\/product_brand?post=11261"},{"taxonomy":"product_cat","embeddable":true,"href":"https:\/\/xerall.com\/de\/wp-json\/wp\/v2\/product_cat?post=11261"},{"taxonomy":"product_tag","embeddable":true,"href":"https:\/\/xerall.com\/de\/wp-json\/wp\/v2\/product_tag?post=11261"}],"curies":[{"name":"wp","href":"https:\/\/api.w.org\/{rel}","templated":true}]}}