{"id":6251,"date":"2017-01-07T12:06:52","date_gmt":"2017-01-07T11:06:52","guid":{"rendered":"https:\/\/xerall.com\/product\/x-tankcopter\/"},"modified":"2026-01-07T17:21:06","modified_gmt":"2026-01-07T16:21:06","slug":"x-tankcopter","status":"publish","type":"product","link":"https:\/\/xerall.com\/de\/produkt\/x-tankcopter\/","title":{"rendered":"X-TANKCOPTER"},"content":{"rendered":"<p style=\"font-size: 17.6px;\"><img fetchpriority=\"high\" decoding=\"async\" class=\"wp-image-9326 size-full aligncenter\" src=\"https:\/\/xerall.com\/wp-content\/uploads\/2020\/10\/Xerall-drone-1.jpg\" alt=\"\" width=\"1200\" height=\"675\" srcset=\"https:\/\/xerall.com\/wp-content\/uploads\/2020\/10\/Xerall-drone-1.jpg 1200w, https:\/\/xerall.com\/wp-content\/uploads\/2020\/10\/Xerall-drone-1-1000x563.jpg 1000w, https:\/\/xerall.com\/wp-content\/uploads\/2020\/10\/Xerall-drone-1-300x169.jpg 300w, https:\/\/xerall.com\/wp-content\/uploads\/2020\/10\/Xerall-drone-1-1024x576.jpg 1024w, https:\/\/xerall.com\/wp-content\/uploads\/2020\/10\/Xerall-drone-1-768x432.jpg 768w\" sizes=\"(max-width: 1200px) 100vw, 1200px\" \/><\/p>\n<p style=\"text-align: center;\">Die <strong>Xerall X-TANKCOPTER-Drohne <\/strong>ist der einzige fliegende Panzer der Welt, der sowohl am Boden als auch in der Luft hervorragende Leistungen erbringt. Das Produkt wurde auf einem patentierten Antriebssystem entwickelt, das die effektive Verbindung von Antriebs- und Flugfortbewegungssystemen erm\u00f6glicht.<\/p>\n<p><img decoding=\"async\" class=\"size-full wp-image-9528 aligncenter\" src=\"https:\/\/xerall.com\/wp-content\/uploads\/2017\/01\/Xerall-Drone-HD-camera.jpg\" alt=\"\" width=\"1000\" height=\"1000\" srcset=\"https:\/\/xerall.com\/wp-content\/uploads\/2017\/01\/Xerall-Drone-HD-camera.jpg 1000w, https:\/\/xerall.com\/wp-content\/uploads\/2017\/01\/Xerall-Drone-HD-camera-500x500.jpg 500w, https:\/\/xerall.com\/wp-content\/uploads\/2017\/01\/Xerall-Drone-HD-camera-100x100.jpg 100w, https:\/\/xerall.com\/wp-content\/uploads\/2017\/01\/Xerall-Drone-HD-camera-300x300.jpg 300w, https:\/\/xerall.com\/wp-content\/uploads\/2017\/01\/Xerall-Drone-HD-camera-150x150.jpg 150w, https:\/\/xerall.com\/wp-content\/uploads\/2017\/01\/Xerall-Drone-HD-camera-768x768.jpg 768w\" sizes=\"(max-width: 1000px) 100vw, 1000px\" \/><\/p>\n<p style=\"text-align: center;\">Machen Sie sich keine Sorgen, wenn Sie ein Anf\u00e4nger sind. Der <strong>X-TANKCOPTER<\/strong> ist sehr einfach zu steuern, perfekt f\u00fcr Kinder und Erwachsene. Der erweiterte H\u00f6henhaltemodus h\u00e4lt die Drohne stabil in einer festgelegten H\u00f6he, sodass Sie sich auf den Spa\u00df konzentrieren k\u00f6nnen.<\/p>\n<p><img decoding=\"async\" class=\"size-full wp-image-9536 aligncenter\" src=\"https:\/\/xerall.com\/wp-content\/uploads\/2017\/01\/Xerall-Auto-landing.jpg\" alt=\"\" width=\"1000\" height=\"1000\" srcset=\"https:\/\/xerall.com\/wp-content\/uploads\/2017\/01\/Xerall-Auto-landing.jpg 1000w, https:\/\/xerall.com\/wp-content\/uploads\/2017\/01\/Xerall-Auto-landing-500x500.jpg 500w, https:\/\/xerall.com\/wp-content\/uploads\/2017\/01\/Xerall-Auto-landing-100x100.jpg 100w, https:\/\/xerall.com\/wp-content\/uploads\/2017\/01\/Xerall-Auto-landing-300x300.jpg 300w, https:\/\/xerall.com\/wp-content\/uploads\/2017\/01\/Xerall-Auto-landing-150x150.jpg 150w, https:\/\/xerall.com\/wp-content\/uploads\/2017\/01\/Xerall-Auto-landing-768x768.jpg 768w\" sizes=\"(max-width: 1000px) 100vw, 1000px\" \/><\/p>\n<p style=\"text-align: center;\">Es verf\u00fcgt auch \u00fcber automatische Start- und Landefunktionen. Mit dem Dr\u00fccken der Taste wird die Drohne abheben und an Ort und Stelle schweben, ein weiterer Druck der Taste und es wird absteigen und sicher landen. Eine weitere interessante Funktion ist eine benutzerdefinierte Route. Zeichnen Sie einfach einen Pfad auf Ihrem Bildschirm und die Drohne wird ihm autonom folgen! Das Fahren ist noch einfacher, die Spur jeder Drohne wird durch einen separaten Stick (Hand) gesteuert, der es erm\u00f6glicht, die Tankleistung voll auszusch\u00f6pfen, coole Tricks wie Driften, 360 Spin usw. zu machen.<\/p>\n<p><img loading=\"lazy\" decoding=\"async\" class=\"size-full wp-image-9544 aligncenter\" src=\"https:\/\/xerall.com\/wp-content\/uploads\/2017\/01\/6-1.jpg\" alt=\"\" width=\"1000\" height=\"1000\" srcset=\"https:\/\/xerall.com\/wp-content\/uploads\/2017\/01\/6-1.jpg 1000w, https:\/\/xerall.com\/wp-content\/uploads\/2017\/01\/6-1-500x500.jpg 500w, https:\/\/xerall.com\/wp-content\/uploads\/2017\/01\/6-1-100x100.jpg 100w, https:\/\/xerall.com\/wp-content\/uploads\/2017\/01\/6-1-300x300.jpg 300w, https:\/\/xerall.com\/wp-content\/uploads\/2017\/01\/6-1-150x150.jpg 150w, https:\/\/xerall.com\/wp-content\/uploads\/2017\/01\/6-1-768x768.jpg 768w\" sizes=\"(max-width: 1000px) 100vw, 1000px\" \/><\/p>\n<p style=\"text-align: center;\"><strong>REMOTE CONTROLLER 2,4 GHz<\/strong><br \/>\nDer Fernbedienungs-Controller funktioniert wie bei anderen Drohnen und bietet Kontrolle \u00fcber G\u00e4hnen, Tonh\u00f6he, Rolle, H\u00f6he, HD-Kamera usw. Nach Dem Dr\u00fccken der &#8222;Mode&#8220;-Taste verwandelt sich der Quadcopter in einen Tank. Jede der Spuren wird durch einen separaten Stick gesteuert.<\/p>\n<p><img loading=\"lazy\" decoding=\"async\" class=\"aligncenter wp-image-2901\" src=\"https:\/\/xerall.com\/wp-content\/uploads\/2017\/01\/xerall-rx-e1589907448775.jpg\" alt=\"\" width=\"600\" height=\"597\" srcset=\"https:\/\/xerall.com\/wp-content\/uploads\/2017\/01\/xerall-rx-e1589907448775.jpg 700w, https:\/\/xerall.com\/wp-content\/uploads\/2017\/01\/xerall-rx-e1589907448775-100x100.jpg 100w\" sizes=\"(max-width: 600px) 100vw, 600px\" \/><\/p>\n<p style=\"text-align: center;\"><strong>FPV TRANSMISSION THROUGH VR GLASSES<\/strong><br \/>\nVR-Echtzeit-Video\u00fcbertragung (FPV).  <strong>VR-BRILLE IST NICHT IM LIEFERUMFANG ENTHALTEN  <\/strong><\/p>\n<p><img loading=\"lazy\" decoding=\"async\" class=\"aligncenter wp-image-12772\" src=\"https:\/\/xerall.com\/wp-content\/uploads\/2017\/01\/8-scaled.jpg\" alt=\"\" width=\"1000\" height=\"1000\" srcset=\"https:\/\/xerall.com\/wp-content\/uploads\/2017\/01\/8-scaled.jpg 2560w, https:\/\/xerall.com\/wp-content\/uploads\/2017\/01\/8-300x300.jpg 300w, https:\/\/xerall.com\/wp-content\/uploads\/2017\/01\/8-1024x1024.jpg 1024w, https:\/\/xerall.com\/wp-content\/uploads\/2017\/01\/8-150x150.jpg 150w, https:\/\/xerall.com\/wp-content\/uploads\/2017\/01\/8-768x768.jpg 768w, https:\/\/xerall.com\/wp-content\/uploads\/2017\/01\/8-1536x1536.jpg 1536w, https:\/\/xerall.com\/wp-content\/uploads\/2017\/01\/8-2048x2048.jpg 2048w, https:\/\/xerall.com\/wp-content\/uploads\/2017\/01\/8-500x500.jpg 500w, https:\/\/xerall.com\/wp-content\/uploads\/2017\/01\/8-1000x1000.jpg 1000w, https:\/\/xerall.com\/wp-content\/uploads\/2017\/01\/8-100x100.jpg 100w\" sizes=\"(max-width: 1000px) 100vw, 1000px\" \/><\/p>\n<p>&nbsp;<\/p>\n<p style=\"text-align: center;\"><strong>DAS SET BEINHALTET:<\/strong><br \/>\n1 x X-TankCopter komplett montiert (RTF)<br \/>\n1 x 2,4 GHz Funkcontroller mit Smartphone-Halter<br \/>\n1 x 3,7 V 900 mAh Akku<br \/>\n1 x Ladeger\u00e4t<br \/>\n4 x Ersatzpropeller<br \/>\n1 x Schraubendreher f\u00fcr alle Verbindungselemente<\/p>\n<p>&nbsp;<\/p>\n<p>&nbsp;<\/p>\n<p style=\"text-align: center;\"><strong>TECHNISCHE SPEZIFIKATIONEN:<\/strong><br \/>\nGewicht der Drohne: 131 g<\/p>\n<p style=\"text-align: center;\"><strong>Kamera<\/strong><br \/>\nVideoaufnahmemodi: HD 1280x720p 30 fps<br \/>\nUnterst\u00fctzter SD-Kartentyp: MicroSD bis zu 32 GB<\/p>\n<p style=\"text-align: center;\"><strong>LIVE-VIDEO<\/strong><br \/>\nBetriebsfrequenz: WiFi (2,4 GHz)<br \/>\nVorschau: Smartphone (Anwendung f\u00fcr iOS oder Android)<\/p>\n<p style=\"text-align: center;\"><strong>Ladeger\u00e4t<\/strong><br \/>\nAdaptertyp: USB<br \/>\nLadezeit: 25-30 min<\/p>\n<p style=\"text-align: center;\"><strong>Batterie<\/strong><br \/>\nKapazit\u00e4t: 900 mAh<br \/>\nBatterietyp: Li-Po<br \/>\nSpannung: 3,7 V<\/p>\n<p style=\"text-align: center;\"><strong>Ausdauer<\/strong><br \/>\nMaximale Flugzeit: 8 min<br \/>\nMaximale Fahrzeit: 20-25 min<\/p>\n<p style=\"text-align: center;\"><strong>SMARTPHONE-APP<\/strong><br \/>\nAnwendungskompatibilit\u00e4t mit Apple- und Android-Betriebssystemen<br \/>\nSteuermodus: mit den Bildschirmtasten oder internen IMU (die Drohne folgt der Bewegung des Smartphones)<br \/>\nWegpunkte: Zeichnen Sie einfach den Pfad auf dem Smartphone-Bildschirm, die Drohne wird ihm autonom folgen<br \/>\nNehmen Sie Fotos auf, nehmen Sie Videos auf und vieles mehr.<\/p>\n<p style=\"text-align: center;\">Laden Sie die App hier herunter:<\/p>\n<p>&nbsp;<\/p>\n<p><a href=\"https:\/\/play.google.com\/store\/apps\/details?id=com.udirc.xerall&amp;hl=en\" target=\"_blank\" rel=\"noopener\"><img loading=\"lazy\" decoding=\"async\" class=\"aligncenter wp-image-1201\" src=\"https:\/\/xerall.com\/wp-content\/uploads\/2018\/06\/google-play-1000.png\" alt=\"\" width=\"200\" height=\"61\"><\/a><\/p>\n<p><a href=\"https:\/\/apps.apple.com\/us\/app\/xerall\/id1398763430\" target=\"_blank\" rel=\"noopener\"><img loading=\"lazy\" decoding=\"async\" class=\"size-full wp-image-1203 aligncenter\" src=\"https:\/\/xerall.com\/wp-content\/uploads\/2018\/06\/appple-store-badge-100.png\" alt=\"\" width=\"200\" height=\"61\" srcset=\"https:\/\/xerall.com\/wp-content\/uploads\/2018\/06\/appple-store-badge-100.png 200w, https:\/\/xerall.com\/wp-content\/uploads\/2018\/06\/appple-store-badge-100-100x31.png 100w\" sizes=\"(max-width: 200px) 100vw, 200px\" \/><\/a><\/p>\n<!-- AddThis Advanced Settings generic via filter on the_content --><!-- AddThis Share Buttons generic via filter on the_content -->","protected":false},"excerpt":{"rendered":"<p>X-TANKCOPTER Worlds erste Hybrid-Tank-Quadcopter-Drohne<!-- AddThis Advanced Settings generic via filter on wp_trim_excerpt --><!-- AddThis Share Buttons generic via filter on wp_trim_excerpt --><\/p>\n","protected":false},"featured_media":12781,"template":"","meta":{"_acf_changed":false,"om_disable_all_campaigns":false,"_monsterinsights_skip_tracking":false,"_monsterinsights_sitenote_active":false,"_monsterinsights_sitenote_note":"","_monsterinsights_sitenote_category":0},"product_brand":[],"product_cat":[231],"product_tag":[316],"class_list":{"0":"post-6251","1":"product","2":"type-product","3":"status-publish","4":"has-post-thumbnail","6":"product_cat-modelle","7":"product_tag-x-tankcopter-sv-de","9":"first","10":"instock","11":"sale","12":"taxable","13":"shipping-taxable","14":"purchasable","15":"product-type-simple"},"acf":[],"_links":{"self":[{"href":"https:\/\/xerall.com\/de\/wp-json\/wp\/v2\/product\/6251","targetHints":{"allow":["GET"]}}],"collection":[{"href":"https:\/\/xerall.com\/de\/wp-json\/wp\/v2\/product"}],"about":[{"href":"https:\/\/xerall.com\/de\/wp-json\/wp\/v2\/types\/product"}],"wp:featuredmedia":[{"embeddable":true,"href":"https:\/\/xerall.com\/de\/wp-json\/wp\/v2\/media\/12781"}],"wp:attachment":[{"href":"https:\/\/xerall.com\/de\/wp-json\/wp\/v2\/media?parent=6251"}],"wp:term":[{"taxonomy":"product_brand","embeddable":true,"href":"https:\/\/xerall.com\/de\/wp-json\/wp\/v2\/product_brand?post=6251"},{"taxonomy":"product_cat","embeddable":true,"href":"https:\/\/xerall.com\/de\/wp-json\/wp\/v2\/product_cat?post=6251"},{"taxonomy":"product_tag","embeddable":true,"href":"https:\/\/xerall.com\/de\/wp-json\/wp\/v2\/product_tag?post=6251"}],"curies":[{"name":"wp","href":"https:\/\/api.w.org\/{rel}","templated":true}]}}