{"id":6004,"date":"2020-05-20T09:11:44","date_gmt":"2020-05-20T07:11:44","guid":{"rendered":"https:\/\/xerall.com\/acerca-de\/"},"modified":"2022-12-17T15:38:02","modified_gmt":"2022-12-17T14:38:02","slug":"acerca-de","status":"publish","type":"page","link":"https:\/\/xerall.com\/es\/acerca-de\/","title":{"rendered":"acerca de"},"content":{"rendered":"\t\t<div data-elementor-type=\"wp-page\" data-elementor-id=\"6004\" class=\"elementor elementor-6004 elementor-323\">\n\t\t\t\t\t\t<section class=\"elementor-section elementor-top-section elementor-element elementor-element-d48ce0e elementor-section-boxed elementor-section-height-default elementor-section-height-default\" data-id=\"d48ce0e\" data-element_type=\"section\" data-e-type=\"section\">\n\t\t\t\t\t\t<div class=\"elementor-container elementor-column-gap-default\">\n\t\t\t\t\t<div class=\"elementor-column elementor-col-100 elementor-top-column elementor-element elementor-element-ab0e755\" data-id=\"ab0e755\" data-element_type=\"column\" data-e-type=\"column\">\n\t\t\t<div class=\"elementor-widget-wrap elementor-element-populated\">\n\t\t\t\t\t\t<div class=\"elementor-element elementor-element-db58cb4 elementor-widget elementor-widget-text-editor\" data-id=\"db58cb4\" data-element_type=\"widget\" data-e-type=\"widget\" data-widget_type=\"text-editor.default\">\n\t\t\t\t<div class=\"elementor-widget-container\">\n\t\t\t\t\t\t\t\t\t<p>Xerall es una marca registrada de la empresa B-Technology Sp z.o.o. especializada en dise\u00f1o, I+D y producci\u00f3n de innovadores drones todo terreno, UAV, RC Toys, robots y electr\u00f3nica de clientes. Nuestro objetivo es llevar nueva tecnolog\u00eda al campo de los drones y el transporte automotriz con un \u00e9nfasis en la forma en que se mueven. Esperamos crear el dron\/veh\u00edculo que pueda operar en cualquier entorno, agua, tierra y aire. Nuestro primer modelo B Flying Car, lanzado con \u00e9xito en la plataforma Kickstarter. El proyecto ampli\u00f3 su objetivo y alcanz\u00f3 122 000 GBP. La segunda campa\u00f1a en la plataforma Indiegogo aument\u00f3 4700 USD. Ya que seguimos desarrollando, a\u00fan m\u00e1s, emocionantes drones, UAV, robots y esperamos escalar nuestro invento al tama\u00f1o del veh\u00edculo tripulado (Flying Car).<br \/>Nuestra invenci\u00f3n est\u00e1 protegida por la patente internacional concedida. Eso cubre 80 de los mercados globales. En nuestra corta historia, tuvimos una oportunidad incre\u00edble de presentar nuestro innovador dron en la pel\u00edcula de Sylvester Stallone The Expendables 3. Por favor, echa un vistazo a la pel\u00edcula para ver c\u00f3mo funciona nuestro dron<\/p>\n\t\t\t\t\t\t\t\t<\/div>\n\t\t\t\t<\/div>\n\t\t\t\t\t<\/div>\n\t\t<\/div>\n\t\t\t\t\t<\/div>\n\t\t<\/section>\n\t\t\t\t<section class=\"elementor-section elementor-top-section elementor-element elementor-element-3122205 elementor-section-boxed elementor-section-height-default elementor-section-height-default\" data-id=\"3122205\" data-element_type=\"section\" data-e-type=\"section\">\n\t\t\t\t\t\t<div class=\"elementor-container elementor-column-gap-default\">\n\t\t\t\t\t<div class=\"elementor-column elementor-col-100 elementor-top-column elementor-element elementor-element-33f355a\" data-id=\"33f355a\" data-element_type=\"column\" data-e-type=\"column\">\n\t\t\t<div class=\"elementor-widget-wrap elementor-element-populated\">\n\t\t\t\t\t\t<div class=\"elementor-element elementor-element-423a574 elementor-widget elementor-widget-spacer\" data-id=\"423a574\" data-element_type=\"widget\" data-e-type=\"widget\" data-widget_type=\"spacer.default\">\n\t\t\t\t<div class=\"elementor-widget-container\">\n\t\t\t\t\t\t\t<div class=\"elementor-spacer\">\n\t\t\t<div class=\"elementor-spacer-inner\"><\/div>\n\t\t<\/div>\n\t\t\t\t\t\t<\/div>\n\t\t\t\t<\/div>\n\t\t\t\t\t<\/div>\n\t\t<\/div>\n\t\t\t\t\t<\/div>\n\t\t<\/section>\n\t\t\t\t<\/div>\n\t\t<!-- AddThis Advanced Settings generic via filter on the_content --><!-- AddThis Share Buttons generic via filter on the_content -->","protected":false},"excerpt":{"rendered":"<p>Xerall es una marca registrada de la empresa B-Technology Sp z.o.o. especializada en dise\u00f1o, I+D y producci\u00f3n de innovadores drones todo terreno, UAV, RC Toys, robots y electr\u00f3nica de clientes. Nuestro objetivo es llevar nueva tecnolog\u00eda al campo de los drones y el transporte automotriz con un \u00e9nfasis en la forma en que se mueven. [&hellip;]<!-- AddThis Advanced Settings generic via filter on wp_trim_excerpt --><!-- AddThis Share Buttons generic via filter on wp_trim_excerpt --><\/p>\n","protected":false},"author":1,"featured_media":0,"parent":0,"menu_order":0,"comment_status":"closed","ping_status":"closed","template":"","meta":{"_acf_changed":false,"om_disable_all_campaigns":false,"_monsterinsights_skip_tracking":false,"_monsterinsights_sitenote_active":false,"_monsterinsights_sitenote_note":"","_monsterinsights_sitenote_category":0,"footnotes":""},"class_list":["post-6004","page","type-page","status-publish","hentry"],"acf":[],"_links":{"self":[{"href":"https:\/\/xerall.com\/es\/wp-json\/wp\/v2\/pages\/6004","targetHints":{"allow":["GET"]}}],"collection":[{"href":"https:\/\/xerall.com\/es\/wp-json\/wp\/v2\/pages"}],"about":[{"href":"https:\/\/xerall.com\/es\/wp-json\/wp\/v2\/types\/page"}],"author":[{"embeddable":true,"href":"https:\/\/xerall.com\/es\/wp-json\/wp\/v2\/users\/1"}],"replies":[{"embeddable":true,"href":"https:\/\/xerall.com\/es\/wp-json\/wp\/v2\/comments?post=6004"}],"version-history":[{"count":0,"href":"https:\/\/xerall.com\/es\/wp-json\/wp\/v2\/pages\/6004\/revisions"}],"wp:attachment":[{"href":"https:\/\/xerall.com\/es\/wp-json\/wp\/v2\/media?parent=6004"}],"curies":[{"name":"wp","href":"https:\/\/api.w.org\/{rel}","templated":true}]}}