{"id":11214,"date":"2022-12-16T13:24:29","date_gmt":"2022-12-16T12:24:29","guid":{"rendered":"https:\/\/xerall.com\/product\/maya\/"},"modified":"2023-12-13T14:14:35","modified_gmt":"2023-12-13T13:14:35","slug":"maya","status":"publish","type":"product","link":"https:\/\/xerall.com\/es\/producto\/maya\/","title":{"rendered":"MAYA"},"content":{"rendered":"<p style=\"text-align: center;\"><img fetchpriority=\"high\" decoding=\"async\" class=\"aligncenter wp-image-11099 size-full\" src=\"https:\/\/xerall.com\/wp-content\/uploads\/2022\/12\/MAYA-A-content-1-1464x600-3.jpg\" alt=\"\" width=\"1464\" height=\"600\" srcset=\"https:\/\/xerall.com\/wp-content\/uploads\/2022\/12\/MAYA-A-content-1-1464x600-3.jpg 1464w, https:\/\/xerall.com\/wp-content\/uploads\/2022\/12\/MAYA-A-content-1-1464x600-3-1000x410.jpg 1000w, https:\/\/xerall.com\/wp-content\/uploads\/2022\/12\/MAYA-A-content-1-1464x600-3-300x123.jpg 300w, https:\/\/xerall.com\/wp-content\/uploads\/2022\/12\/MAYA-A-content-1-1464x600-3-1024x420.jpg 1024w, https:\/\/xerall.com\/wp-content\/uploads\/2022\/12\/MAYA-A-content-1-1464x600-3-768x315.jpg 768w\" sizes=\"(max-width: 1464px) 100vw, 1464px\" \/><\/p>\n<p style=\"text-align: center;\">CONOCE A MAYA, EL DRON M\u00c1S PEQUE\u00d1O DE LA FAMILIA XERALL: MUY ESTABLE Y F\u00c1CIL DE CONTROLAR PARA PILOTOS NOVATOS. No se deje enga\u00f1ar por su peque\u00f1o tama\u00f1o, est\u00e1 repleto de muchas caracter\u00edsticas: despegue y aterrizaje autom\u00e1tico, c\u00e1mara de video con transmisi\u00f3n en vivo (FPV), ruta personalizada, funci\u00f3n sin cabeza y muchas m\u00e1s &#8230;<\/p>\n<p>&nbsp;<\/p>\n<p>&nbsp;<br \/>\n&nbsp;<\/p>\n<p style=\"text-align: center;\"><img decoding=\"async\" class=\"wp-image-11135 size-full aligncenter\" src=\"https:\/\/xerall.com\/wp-content\/uploads\/2022\/12\/4-MAYA-600x350-2.jpg\" alt=\"\" width=\"650\" height=\"350\" srcset=\"https:\/\/xerall.com\/wp-content\/uploads\/2022\/12\/4-MAYA-600x350-2.jpg 650w, https:\/\/xerall.com\/wp-content\/uploads\/2022\/12\/4-MAYA-600x350-2-300x162.jpg 300w\" sizes=\"(max-width: 650px) 100vw, 650px\" \/><\/p>\n<p style=\"text-align: center;\"><strong>C\u00c1MARA DE V\u00cdDEO CON STREAMING DE V\u00cdDEO EN DIRECTO (FPV)<\/strong><\/p>\n<p style=\"text-align: center;\">El dron est\u00e1 equipado con una c\u00e1mara FPV de transmisi\u00f3n de 640x480p, lo que significa que durante el vuelo puede mostrar im\u00e1genes en vivo en tiempo real en su tel\u00e9fono inteligente.<\/p>\n<p style=\"text-align: center;\"><img decoding=\"async\" class=\"wp-image-11141 size-full aligncenter\" src=\"https:\/\/xerall.com\/wp-content\/uploads\/2022\/12\/8-MAYA-600x350-1.jpg\" alt=\"\" width=\"600\" height=\"350\" srcset=\"https:\/\/xerall.com\/wp-content\/uploads\/2022\/12\/8-MAYA-600x350-1.jpg 600w, https:\/\/xerall.com\/wp-content\/uploads\/2022\/12\/8-MAYA-600x350-1-300x175.jpg 300w\" sizes=\"(max-width: 600px) 100vw, 600px\" \/><\/p>\n<p style=\"text-align: center;\"><strong>APLICACI\u00d3N SMARTPHONE<\/strong><\/p>\n<p style=\"text-align: center;\">Aplicaci\u00f3n compatible con los sistemas operativos Apple y Android. La aplicaci\u00f3n permite el control total del dron, grabar video, tomar fotos, transmitir video en vivo, mostrar: nivel de bater\u00eda, altitud, intensidad de la se\u00f1al y m\u00e1s<\/p>\n<p style=\"text-align: center;\"><img loading=\"lazy\" decoding=\"async\" class=\"wp-image-11147 aligncenter\" src=\"https:\/\/xerall.com\/wp-content\/uploads\/2022\/12\/AUTO-TAKE-OFF-650X350-300x162.jpg\" alt=\"\" width=\"650\" height=\"350\" srcset=\"https:\/\/xerall.com\/wp-content\/uploads\/2022\/12\/AUTO-TAKE-OFF-650X350-300x162.jpg 300w, https:\/\/xerall.com\/wp-content\/uploads\/2022\/12\/AUTO-TAKE-OFF-650X350.jpg 700w\" sizes=\"(max-width: 650px) 100vw, 650px\" \/><\/p>\n<p style=\"text-align: center;\"><strong>DESPEGUE Y ATERRIZAJE AUTOM\u00c1TICOS<\/strong><\/p>\n<p style=\"text-align: center;\">Con solo presionar un bot\u00f3n, el dron despega y aterriza autom\u00e1ticamente<\/p>\n<p style=\"text-align: center;\"><img loading=\"lazy\" decoding=\"async\" class=\"aligncenter wp-image-11153 size-full\" src=\"https:\/\/xerall.com\/wp-content\/uploads\/2022\/12\/small-size-and-weight-650x350-3.jpg\" alt=\"\" width=\"650\" height=\"350\" srcset=\"https:\/\/xerall.com\/wp-content\/uploads\/2022\/12\/small-size-and-weight-650x350-3.jpg 650w, https:\/\/xerall.com\/wp-content\/uploads\/2022\/12\/small-size-and-weight-650x350-3-300x162.jpg 300w\" sizes=\"(max-width: 650px) 100vw, 650px\" \/><\/p>\n<p style=\"text-align: center;\"><strong>TAMA\u00d1O PEQUE\u00d1O Y LIGERO<\/strong><\/p>\n<p style=\"text-align: center;\">El tama\u00f1o peque\u00f1o y la ligereza (24 gramos) hacen que este dron sea seguro de operar y pr\u00e1cticamente indestructible. Adem\u00e1s, el dron est\u00e1 equipado con cubiertas de h\u00e9lice que protegen el entorno y el dron de da\u00f1os.<\/p>\n<p style=\"text-align: center;\"><img loading=\"lazy\" decoding=\"async\" class=\"wp-image-11159 aligncenter\" src=\"https:\/\/xerall.com\/wp-content\/uploads\/2022\/12\/CUSTOM-ROUTE-650x350-1-300x162.jpg\" alt=\"\" width=\"650\" height=\"350\" srcset=\"https:\/\/xerall.com\/wp-content\/uploads\/2022\/12\/CUSTOM-ROUTE-650x350-1-300x162.jpg 300w, https:\/\/xerall.com\/wp-content\/uploads\/2022\/12\/CUSTOM-ROUTE-650x350-1.jpg 700w\" sizes=\"(max-width: 650px) 100vw, 650px\" \/><\/p>\n<p style=\"text-align: center;\"><strong>RUTA DE VUELO PERSONALIZADA<\/strong><\/p>\n<p style=\"text-align: center;\">Simplemente dibuje el camino en la pantalla del tel\u00e9fono inteligente, el dron lo seguir\u00e1 de forma aut\u00f3noma<\/p>\n<p style=\"text-align: center;\"><img loading=\"lazy\" decoding=\"async\" class=\"aligncenter wp-image-11165\" src=\"https:\/\/xerall.com\/wp-content\/uploads\/2022\/12\/altitude-hold-650x350-1-300x162.jpg\" alt=\"\" width=\"650\" height=\"350\" srcset=\"https:\/\/xerall.com\/wp-content\/uploads\/2022\/12\/altitude-hold-650x350-1-300x162.jpg 300w, https:\/\/xerall.com\/wp-content\/uploads\/2022\/12\/altitude-hold-650x350-1.jpg 700w\" sizes=\"(max-width: 650px) 100vw, 650px\" \/><\/p>\n<p style=\"text-align: center;\"><strong>FUNCI\u00d3N DE RETENCI\u00d3N DE ALTITUD<\/strong><\/p>\n<p style=\"text-align: center;\">El dron monitorear\u00e1 y mantendr\u00e1 una altura constante para que pueda concentrarse en volar<\/p>\n<p style=\"text-align: center;\"><strong>EL CONJUNTO INCLUYE:<\/strong><br \/>\n1 x MAYA drone totalmente ensamblado (RTF)<br \/>\n1 x 2,4 GHz controlador de radio con un soporte para smartphone<br \/>\n1 x 3.7 V 180mAh bater\u00eda<br \/>\n1 x cargador<br \/>\n4 x h\u00e9lices de repuesto<\/p>\n<p style=\"text-align: center;\"><strong>ESPECIFICACIONES TECNICAS:<\/strong><br \/>\nPeso del dron: 24 g<\/p>\n<p style=\"text-align: center;\"><strong>C\u00e1mara<\/strong><br \/>\nC\u00e1mara de v\u00eddeo: 640 x 480p<\/p>\n<p style=\"text-align: center;\"><strong>VIDEO EN VIVO<\/strong><br \/>\nFrecuencia de funcionamiento: WiFi (2,4 GHz)<br \/>\nVista previa en vivo: tel\u00e9fono inteligente (aplicaci\u00f3n para iOS o Android)<\/p>\n<p style=\"text-align: center;\"><strong>VR GOGGLES<\/strong><br \/>\nCompatible (gafas VR no incluidas)<\/p>\n<p style=\"text-align: center;\"><strong>Cargador<\/strong><br \/>\nTipo de adaptador: USB<br \/>\nTiempo de carga: 25-30 min<\/p>\n<p style=\"text-align: center;\"><strong>Bater\u00eda<\/strong><\/p>\n<p style=\"text-align: center;\">\u00a1DOS BATER\u00cdAS EST\u00c1N INCLUIDAS!<br \/>\nCapacidad: 180mAh<br \/>\nTipo de bater\u00eda: Li-Po<br \/>\nVoltaje: 3.7 V<\/p>\n<p style=\"text-align: center;\"><strong>Resistencia<\/strong><br \/>\nTiempo m\u00e1ximo de vuelo: 5-6 minutos, 10-12 minutos con dos bater\u00edas incluidas<\/p>\n<p style=\"text-align: center;\"><strong>APLICACI\u00d3N SMARTPHONE<\/strong><br \/>\nAplicaci\u00f3n compatible con los sistemas operativos Apple y Android<br \/>\nModo de control: utilizando los botones en pantalla o IMU interna (el dron seguir\u00e1 el movimiento del smartphone)<br \/>\nWay-points: basta con dibujar el camino en la pantalla del tel\u00e9fono inteligente, el dron lo seguir\u00e1 de forma aut\u00f3noma<br \/>\nToma fotos, graba v\u00eddeos y mucho m\u00e1s.<\/p>\n<p style=\"text-align: center;\">Descarga la aplicaci\u00f3n aqu\u00ed:<\/p>\n<p style=\"text-align: center;\"><a href=\"https:\/\/play.google.com\/store\/apps\/details?id=com.udirc.xerall&amp;hl=en\" target=\"_blank\" rel=\"noopener\"><img loading=\"lazy\" decoding=\"async\" class=\"aligncenter wp-image-1201\" src=\"https:\/\/xerall.com\/wp-content\/uploads\/2018\/06\/google-play-1000.png\" alt=\"\" width=\"200\" height=\"61\"><\/a><\/p>\n<p><a href=\"https:\/\/apps.apple.com\/us\/app\/xerall\/id1398763430\" target=\"_blank\" rel=\"noopener\"><img loading=\"lazy\" decoding=\"async\" class=\"size-full wp-image-1203 aligncenter\" src=\"https:\/\/xerall.com\/wp-content\/uploads\/2018\/06\/appple-store-badge-100.png\" alt=\"\" width=\"200\" height=\"61\" srcset=\"https:\/\/xerall.com\/wp-content\/uploads\/2018\/06\/appple-store-badge-100.png 200w, https:\/\/xerall.com\/wp-content\/uploads\/2018\/06\/appple-store-badge-100-100x31.png 100w\" sizes=\"(max-width: 200px) 100vw, 200px\" \/><\/a><\/p>\n<!-- AddThis Advanced Settings generic via filter on the_content --><!-- AddThis Share Buttons generic via filter on the_content -->","protected":false},"excerpt":{"rendered":"<p>CONOCE A MAYA, EL DRON M\u00c1S PEQUE\u00d1O DE LA FAMILIA XERALL<!-- AddThis Advanced Settings generic via filter on wp_trim_excerpt --><!-- AddThis Share Buttons generic via filter on wp_trim_excerpt --><\/p>\n","protected":false},"featured_media":11105,"template":"","meta":{"_acf_changed":false,"om_disable_all_campaigns":false,"_monsterinsights_skip_tracking":false,"_monsterinsights_sitenote_active":false,"_monsterinsights_sitenote_note":"","_monsterinsights_sitenote_category":0},"product_brand":[],"product_cat":[233],"product_tag":[407],"class_list":{"0":"post-11214","1":"product","2":"type-product","3":"status-publish","4":"has-post-thumbnail","6":"product_cat-modelos","7":"product_tag-maya-es","9":"first","10":"instock","11":"sale","12":"taxable","13":"shipping-taxable","14":"purchasable","15":"product-type-simple"},"acf":[],"_links":{"self":[{"href":"https:\/\/xerall.com\/es\/wp-json\/wp\/v2\/product\/11214","targetHints":{"allow":["GET"]}}],"collection":[{"href":"https:\/\/xerall.com\/es\/wp-json\/wp\/v2\/product"}],"about":[{"href":"https:\/\/xerall.com\/es\/wp-json\/wp\/v2\/types\/product"}],"wp:featuredmedia":[{"embeddable":true,"href":"https:\/\/xerall.com\/es\/wp-json\/wp\/v2\/media\/11105"}],"wp:attachment":[{"href":"https:\/\/xerall.com\/es\/wp-json\/wp\/v2\/media?parent=11214"}],"wp:term":[{"taxonomy":"product_brand","embeddable":true,"href":"https:\/\/xerall.com\/es\/wp-json\/wp\/v2\/product_brand?post=11214"},{"taxonomy":"product_cat","embeddable":true,"href":"https:\/\/xerall.com\/es\/wp-json\/wp\/v2\/product_cat?post=11214"},{"taxonomy":"product_tag","embeddable":true,"href":"https:\/\/xerall.com\/es\/wp-json\/wp\/v2\/product_tag?post=11214"}],"curies":[{"name":"wp","href":"https:\/\/api.w.org\/{rel}","templated":true}]}}