{"id":11263,"date":"2022-12-18T22:59:14","date_gmt":"2022-12-18T21:59:14","guid":{"rendered":"https:\/\/xerall.com\/product\/x\/"},"modified":"2024-04-03T04:22:55","modified_gmt":"2024-04-03T02:22:55","slug":"vivi","status":"publish","type":"product","link":"https:\/\/xerall.com\/es\/producto\/vivi\/","title":{"rendered":"APLICACI\u00d3N PARA TEL\u00c9FONOS INTELIGENTES VIVI DRONE CON C\u00c1MARA HD"},"content":{"rendered":"<p><img fetchpriority=\"high\" decoding=\"async\" class=\"aligncenter wp-image-11350 size-full\" src=\"https:\/\/xerall.com\/wp-content\/uploads\/2022\/12\/VIVI-A-content-1-1464x600-2.jpg\" alt=\"\" width=\"1464\" height=\"600\" srcset=\"https:\/\/xerall.com\/wp-content\/uploads\/2022\/12\/VIVI-A-content-1-1464x600-2.jpg 1464w, https:\/\/xerall.com\/wp-content\/uploads\/2022\/12\/VIVI-A-content-1-1464x600-2-300x123.jpg 300w, https:\/\/xerall.com\/wp-content\/uploads\/2022\/12\/VIVI-A-content-1-1464x600-2-1024x420.jpg 1024w, https:\/\/xerall.com\/wp-content\/uploads\/2022\/12\/VIVI-A-content-1-1464x600-2-768x315.jpg 768w, https:\/\/xerall.com\/wp-content\/uploads\/2022\/12\/VIVI-A-content-1-1464x600-2-1000x410.jpg 1000w\" sizes=\"(max-width: 1464px) 100vw, 1464px\" \/><\/p>\n<p>&nbsp;<\/p>\n<p style=\"text-align: center;\">CONOCE A VIVI, EL DRON XERALL M\u00c1S PEQUE\u00d1O CON C\u00c1MARA HD: MUY ESTABLE Y F\u00c1CIL DE CONTROLAR PARA PILOTOS NOVATOS. No se deje enga\u00f1ar por su peque\u00f1o tama\u00f1o, est\u00e1 repleto de muchas caracter\u00edsticas: despegue y aterrizaje autom\u00e1tico, c\u00e1mara de video con transmisi\u00f3n en vivo en calidad HD (FPV), ruta personalizada, funci\u00f3n sin cabeza y muchas m\u00e1s &#8230;<\/p>\n<p style=\"text-align: center;\"><img decoding=\"async\" class=\"alignnone wp-image-11377 size-full\" src=\"https:\/\/xerall.com\/wp-content\/uploads\/2022\/12\/VIVI-CAMERA-700.jpg\" alt=\"\" width=\"700\" height=\"377\" srcset=\"https:\/\/xerall.com\/wp-content\/uploads\/2022\/12\/VIVI-CAMERA-700.jpg 700w, https:\/\/xerall.com\/wp-content\/uploads\/2022\/12\/VIVI-CAMERA-700-300x162.jpg 300w\" sizes=\"(max-width: 700px) 100vw, 700px\" \/><\/p>\n<p style=\"text-align: center;\"><strong>C\u00c1MARA DE VIDEO CON TRANSMISI\u00d3N DE VIDEO DE CALIDAD HD EN VIVO (FPV)<\/strong><\/p>\n<p style=\"text-align: center;\">El dron est\u00e1 equipado con una c\u00e1mara FPV HD 720p de transmisi\u00f3n, lo que significa que durante el vuelo puede mostrar im\u00e1genes en vivo en tiempo real en su tel\u00e9fono inteligente<\/p>\n<p><img decoding=\"async\" class=\"aligncenter wp-image-11383 size-full\" src=\"https:\/\/xerall.com\/wp-content\/uploads\/2022\/12\/VIVI-SMARTPHONE-700.jpg\" alt=\"\" width=\"700\" height=\"377\" srcset=\"https:\/\/xerall.com\/wp-content\/uploads\/2022\/12\/VIVI-SMARTPHONE-700.jpg 700w, https:\/\/xerall.com\/wp-content\/uploads\/2022\/12\/VIVI-SMARTPHONE-700-300x162.jpg 300w\" sizes=\"(max-width: 700px) 100vw, 700px\" \/><\/p>\n<p style=\"text-align: center;\"><strong>APLICACI\u00d3N SMARTPHONE<\/strong><\/p>\n<p style=\"text-align: center;\">Aplicaci\u00f3n compatible con los sistemas operativos Apple y Android. La aplicaci\u00f3n permite el control total del dron, grabar video, tomar fotos, transmitir video en vivo, mostrar: nivel de bater\u00eda, altitud, intensidad de la se\u00f1al y m\u00e1s<\/p>\n<p><img loading=\"lazy\" decoding=\"async\" class=\"aligncenter wp-image-11389 size-full\" src=\"https:\/\/xerall.com\/wp-content\/uploads\/2022\/12\/vivi-autotake-off.jpg\" alt=\"\" width=\"700\" height=\"377\" srcset=\"https:\/\/xerall.com\/wp-content\/uploads\/2022\/12\/vivi-autotake-off.jpg 700w, https:\/\/xerall.com\/wp-content\/uploads\/2022\/12\/vivi-autotake-off-300x162.jpg 300w\" sizes=\"(max-width: 700px) 100vw, 700px\" \/><\/p>\n<p style=\"text-align: center;\"><strong>DESPEGUE Y ATERRIZAJE AUTOM\u00c1TICOS<\/strong><\/p>\n<p style=\"text-align: center;\">Con solo presionar un bot\u00f3n, el dron despega y aterriza autom\u00e1ticamente<\/p>\n<p><img loading=\"lazy\" decoding=\"async\" class=\"wp-image-11395 size-full aligncenter\" src=\"https:\/\/xerall.com\/wp-content\/uploads\/2022\/12\/VIVI-rotate-camera-700.jpg\" alt=\"\" width=\"700\" height=\"377\" srcset=\"https:\/\/xerall.com\/wp-content\/uploads\/2022\/12\/VIVI-rotate-camera-700.jpg 700w, https:\/\/xerall.com\/wp-content\/uploads\/2022\/12\/VIVI-rotate-camera-700-300x162.jpg 300w\" sizes=\"(max-width: 700px) 100vw, 700px\" \/><\/p>\n<p style=\"text-align: center;\"><strong>C\u00c1MARA DE \u00c1NGULO AJUSTABLE<\/strong><\/p>\n<p style=\"text-align: center;\">La c\u00e1mara del dron se puede ajustar 90 grados. Esto es muy conveniente para capturar video desde diferentes perspectivas, la c\u00e1mara se puede colocar para mirar hacia abajo u horizontalmente.<\/p>\n<p><img loading=\"lazy\" decoding=\"async\" class=\"aligncenter wp-image-11401 size-full\" src=\"https:\/\/xerall.com\/wp-content\/uploads\/2022\/12\/VIVI-CUSTOM-ROUTE-700.jpg\" alt=\"\" width=\"700\" height=\"377\" srcset=\"https:\/\/xerall.com\/wp-content\/uploads\/2022\/12\/VIVI-CUSTOM-ROUTE-700.jpg 700w, https:\/\/xerall.com\/wp-content\/uploads\/2022\/12\/VIVI-CUSTOM-ROUTE-700-300x162.jpg 300w\" sizes=\"(max-width: 700px) 100vw, 700px\" \/><\/p>\n<p style=\"text-align: center;\"><strong>RUTA DE VUELO PERSONALIZADA<\/strong><\/p>\n<p style=\"text-align: center;\">Simplemente dibuje el camino en la pantalla del tel\u00e9fono inteligente, el dron lo seguir\u00e1 de forma aut\u00f3noma<\/p>\n<p><img loading=\"lazy\" decoding=\"async\" class=\"wp-image-11407 size-full aligncenter\" src=\"https:\/\/xerall.com\/wp-content\/uploads\/2022\/12\/vivi-altitude-hold-700.jpg\" alt=\"\" width=\"700\" height=\"377\" srcset=\"https:\/\/xerall.com\/wp-content\/uploads\/2022\/12\/vivi-altitude-hold-700.jpg 700w, https:\/\/xerall.com\/wp-content\/uploads\/2022\/12\/vivi-altitude-hold-700-300x162.jpg 300w\" sizes=\"(max-width: 700px) 100vw, 700px\" \/><\/p>\n<p style=\"text-align: center;\"><strong>FUNCI\u00d3N DE RETENCI\u00d3N DE ALTITUD<\/strong><\/p>\n<p style=\"text-align: center;\">El dron monitorear\u00e1 y mantendr\u00e1 una altura constante para que pueda concentrarse en volar<\/p>\n<p style=\"text-align: center;\"><strong>EL CONJUNTO INCLUYE:<\/strong><br \/>\n1 x VIVI drone totalmente ensamblado (RTF)<br \/>\n1 x 2,4 GHz controlador de radio con un soporte para smartphone<br \/>\n<strong>2 x 3.7 V 500mAh bater\u00eda<\/strong><br \/>\n1 x cargador<br \/>\n4 x h\u00e9lices de repuesto<\/p>\n<p style=\"text-align: center;\"><strong>ESPECIFICACIONES TECNICAS:<\/strong><br \/>\nPeso del dron: 63 g<\/p>\n<p style=\"text-align: center;\"><strong>C\u00e1mara<\/strong><br \/>\nC\u00e1mara de v\u00eddeo: HD 720p<\/p>\n<p style=\"text-align: center;\"><strong>VIDEO EN VIVO<\/strong><br \/>\nFrecuencia de funcionamiento: WiFi (2,4 GHz)<br \/>\nVista previa en vivo: tel\u00e9fono inteligente (aplicaci\u00f3n para iOS o Android)<\/p>\n<p style=\"text-align: center;\"><strong>VR GOGGLES<\/strong><br \/>\nCompatible (gafas VR no incluidas)<\/p>\n<p style=\"text-align: center;\"><strong>Cargador<\/strong><br \/>\nTipo de adaptador: USB<br \/>\nTiempo de carga: 25-30 min<\/p>\n<p style=\"text-align: center;\"><strong>Bater\u00eda<\/strong><\/p>\n<p style=\"text-align: center;\"><strong>\u00a1DOS BATER\u00cdAS EST\u00c1N INCLUIDAS!<\/strong><br \/>\nCapacidad: 180mAh<br \/>\nTipo de bater\u00eda: Li-Po<br \/>\nVoltaje: 3.7 V<\/p>\n<p style=\"text-align: center;\"><strong>Resistencia<\/strong><br \/>\nTiempo m\u00e1ximo de vuelo: 6-7 minutos, 12-14 minutos con dos bater\u00edas incluidas<\/p>\n<p style=\"text-align: center;\"><strong>APLICACI\u00d3N SMARTPHONE<\/strong><br \/>\nAplicaci\u00f3n compatible con los sistemas operativos Apple y Android<br \/>\nModo de control: utilizando los botones en pantalla o IMU interna (el dron seguir\u00e1 el movimiento del smartphone)<br \/>\nWay-points: basta con dibujar el camino en la pantalla del tel\u00e9fono inteligente, el dron lo seguir\u00e1 de forma aut\u00f3noma<br \/>\nToma fotos, graba v\u00eddeos y mucho m\u00e1s.<\/p>\n<p style=\"text-align: center;\">Descarga la aplicaci\u00f3n aqu\u00ed:<\/p>\n<p style=\"text-align: center;\"><a href=\"https:\/\/play.google.com\/store\/apps\/details?id=com.udirc.xerall&amp;hl=en\" target=\"_blank\" rel=\"noopener\"><img loading=\"lazy\" decoding=\"async\" class=\"aligncenter wp-image-1201\" src=\"https:\/\/xerall.com\/wp-content\/uploads\/2018\/06\/google-play-1000.png\" alt=\"\" width=\"200\" height=\"61\"><\/a><\/p>\n<p><a href=\"https:\/\/apps.apple.com\/us\/app\/xerall\/id1398763430\" target=\"_blank\" rel=\"noopener\"><img loading=\"lazy\" decoding=\"async\" class=\"size-full wp-image-1203 aligncenter\" src=\"https:\/\/xerall.com\/wp-content\/uploads\/2018\/06\/appple-store-badge-100.png\" alt=\"\" width=\"200\" height=\"61\" srcset=\"https:\/\/xerall.com\/wp-content\/uploads\/2018\/06\/appple-store-badge-100.png 200w, https:\/\/xerall.com\/wp-content\/uploads\/2018\/06\/appple-store-badge-100-100x31.png 100w\" sizes=\"(max-width: 200px) 100vw, 200px\" \/><\/a><\/p>\n<!-- AddThis Advanced Settings generic via filter on the_content --><!-- AddThis Share Buttons generic via filter on the_content -->","protected":false},"excerpt":{"rendered":"<p>CONOCE A VIVI, EL DRON XERALL M\u00c1S PEQUE\u00d1O CON C\u00c1MARA HD<!-- AddThis Advanced Settings generic via filter on wp_trim_excerpt --><!-- AddThis Share Buttons generic via filter on wp_trim_excerpt --><\/p>\n","protected":false},"featured_media":11252,"template":"","meta":{"_acf_changed":false,"om_disable_all_campaigns":false,"_monsterinsights_skip_tracking":false,"_monsterinsights_sitenote_active":false,"_monsterinsights_sitenote_note":"","_monsterinsights_sitenote_category":0},"product_brand":[],"product_cat":[233],"product_tag":[418],"class_list":{"0":"post-11263","1":"product","2":"type-product","3":"status-publish","4":"has-post-thumbnail","6":"product_cat-modelos","7":"product_tag-vivi-es","9":"first","10":"instock","11":"sale","12":"taxable","13":"shipping-taxable","14":"purchasable","15":"product-type-simple"},"acf":[],"_links":{"self":[{"href":"https:\/\/xerall.com\/es\/wp-json\/wp\/v2\/product\/11263","targetHints":{"allow":["GET"]}}],"collection":[{"href":"https:\/\/xerall.com\/es\/wp-json\/wp\/v2\/product"}],"about":[{"href":"https:\/\/xerall.com\/es\/wp-json\/wp\/v2\/types\/product"}],"wp:featuredmedia":[{"embeddable":true,"href":"https:\/\/xerall.com\/es\/wp-json\/wp\/v2\/media\/11252"}],"wp:attachment":[{"href":"https:\/\/xerall.com\/es\/wp-json\/wp\/v2\/media?parent=11263"}],"wp:term":[{"taxonomy":"product_brand","embeddable":true,"href":"https:\/\/xerall.com\/es\/wp-json\/wp\/v2\/product_brand?post=11263"},{"taxonomy":"product_cat","embeddable":true,"href":"https:\/\/xerall.com\/es\/wp-json\/wp\/v2\/product_cat?post=11263"},{"taxonomy":"product_tag","embeddable":true,"href":"https:\/\/xerall.com\/es\/wp-json\/wp\/v2\/product_tag?post=11263"}],"curies":[{"name":"wp","href":"https:\/\/api.w.org\/{rel}","templated":true}]}}