{"id":6252,"date":"2017-01-07T12:06:52","date_gmt":"2017-01-07T11:06:52","guid":{"rendered":"https:\/\/xerall.com\/product\/x-tankcopter\/"},"modified":"2023-12-22T10:25:10","modified_gmt":"2023-12-22T09:25:10","slug":"x-tankcopter","status":"publish","type":"product","link":"https:\/\/xerall.com\/es\/producto\/x-tankcopter\/","title":{"rendered":"X-TANKCOPTER"},"content":{"rendered":"<p style=\"font-size: 17.6px;\"><img fetchpriority=\"high\" decoding=\"async\" class=\"wp-image-9326 size-full aligncenter\" src=\"https:\/\/xerall.com\/wp-content\/uploads\/2020\/10\/Xerall-drone-1.jpg\" alt=\"\" width=\"1200\" height=\"675\" srcset=\"https:\/\/xerall.com\/wp-content\/uploads\/2020\/10\/Xerall-drone-1.jpg 1200w, https:\/\/xerall.com\/wp-content\/uploads\/2020\/10\/Xerall-drone-1-1000x563.jpg 1000w, https:\/\/xerall.com\/wp-content\/uploads\/2020\/10\/Xerall-drone-1-300x169.jpg 300w, https:\/\/xerall.com\/wp-content\/uploads\/2020\/10\/Xerall-drone-1-1024x576.jpg 1024w, https:\/\/xerall.com\/wp-content\/uploads\/2020\/10\/Xerall-drone-1-768x432.jpg 768w\" sizes=\"(max-width: 1200px) 100vw, 1200px\" \/><\/p>\n<p style=\"text-align: center;\">El dron Xerall <strong>X-TANKCOPTER <\/strong>es el \u00fanico tanque volador del mundo que funciona muy bien tanto en tierra como en el aire. El producto ha sido dise\u00f1ado sobre un sistema de propulsi\u00f3n patentado que permite la conexi\u00f3n efectiva de los sistemas de locomoci\u00f3n de conducci\u00f3n y vuelo.<\/p>\n<p><img decoding=\"async\" class=\"size-full wp-image-9528 aligncenter\" src=\"https:\/\/xerall.com\/wp-content\/uploads\/2017\/01\/Xerall-Drone-HD-camera.jpg\" alt=\"\" width=\"1000\" height=\"1000\" srcset=\"https:\/\/xerall.com\/wp-content\/uploads\/2017\/01\/Xerall-Drone-HD-camera.jpg 1000w, https:\/\/xerall.com\/wp-content\/uploads\/2017\/01\/Xerall-Drone-HD-camera-500x500.jpg 500w, https:\/\/xerall.com\/wp-content\/uploads\/2017\/01\/Xerall-Drone-HD-camera-100x100.jpg 100w, https:\/\/xerall.com\/wp-content\/uploads\/2017\/01\/Xerall-Drone-HD-camera-300x300.jpg 300w, https:\/\/xerall.com\/wp-content\/uploads\/2017\/01\/Xerall-Drone-HD-camera-150x150.jpg 150w, https:\/\/xerall.com\/wp-content\/uploads\/2017\/01\/Xerall-Drone-HD-camera-768x768.jpg 768w\" sizes=\"(max-width: 1000px) 100vw, 1000px\" \/><\/p>\n<p style=\"text-align: center;\">No te preocupes si eres un principiante. El <strong>X-TANKCOPTER<\/strong> es muy f\u00e1cil de controlar, perfecto para ni\u00f1os y adultos. El modo avanzado de retenci\u00f3n de altitud mantendr\u00e1 el dron estable a una altura establecida, para que pueda concentrarse en divertirse.<\/p>\n<p><img decoding=\"async\" class=\"size-full wp-image-9536 aligncenter\" src=\"https:\/\/xerall.com\/wp-content\/uploads\/2017\/01\/Xerall-Auto-landing.jpg\" alt=\"\" width=\"1000\" height=\"1000\" srcset=\"https:\/\/xerall.com\/wp-content\/uploads\/2017\/01\/Xerall-Auto-landing.jpg 1000w, https:\/\/xerall.com\/wp-content\/uploads\/2017\/01\/Xerall-Auto-landing-500x500.jpg 500w, https:\/\/xerall.com\/wp-content\/uploads\/2017\/01\/Xerall-Auto-landing-100x100.jpg 100w, https:\/\/xerall.com\/wp-content\/uploads\/2017\/01\/Xerall-Auto-landing-300x300.jpg 300w, https:\/\/xerall.com\/wp-content\/uploads\/2017\/01\/Xerall-Auto-landing-150x150.jpg 150w, https:\/\/xerall.com\/wp-content\/uploads\/2017\/01\/Xerall-Auto-landing-768x768.jpg 768w\" sizes=\"(max-width: 1000px) 100vw, 1000px\" \/><\/p>\n<p style=\"text-align: center;\">Tambi\u00e9n cuenta con funciones autom\u00e1ticas de despegue y aterrizaje. Con la pulsaci\u00f3n del bot\u00f3n, el dron despegar\u00e1 y flotar\u00e1 en su lugar, una pulsaci\u00f3n m\u00e1s del bot\u00f3n y descender\u00e1 y aterrizar\u00e1 de forma segura. Otra funci\u00f3n interesante es una ruta personalizada. S\u00f3lo tiene que dibujar un camino en la pantalla y el dron lo seguir\u00e1 de forma aut\u00f3noma! Conducir es a\u00fan m\u00e1s f\u00e1cil, la pista de cada dron est\u00e1 controlada por un palo separado (mano) que permite aprovechar al m\u00e1ximo el rendimiento del tanque, hacer trucos geniales, como la deriva, giro 360, etc.<\/p>\n<p><img loading=\"lazy\" decoding=\"async\" class=\"size-full wp-image-9544 aligncenter\" src=\"https:\/\/xerall.com\/wp-content\/uploads\/2017\/01\/6-1.jpg\" alt=\"\" width=\"1000\" height=\"1000\" srcset=\"https:\/\/xerall.com\/wp-content\/uploads\/2017\/01\/6-1.jpg 1000w, https:\/\/xerall.com\/wp-content\/uploads\/2017\/01\/6-1-500x500.jpg 500w, https:\/\/xerall.com\/wp-content\/uploads\/2017\/01\/6-1-100x100.jpg 100w, https:\/\/xerall.com\/wp-content\/uploads\/2017\/01\/6-1-300x300.jpg 300w, https:\/\/xerall.com\/wp-content\/uploads\/2017\/01\/6-1-150x150.jpg 150w, https:\/\/xerall.com\/wp-content\/uploads\/2017\/01\/6-1-768x768.jpg 768w\" sizes=\"(max-width: 1000px) 100vw, 1000px\" \/><\/p>\n<p style=\"text-align: center;\"><strong>REMOTE CONTROLLER 2.4GHz<\/strong><br \/>\nEl mando a distancia funciona como en el caso de otros drones, ofreciendo control sobre guiso, tono, balanceo, altitud, c\u00e1mara HD, etc. Despu\u00e9s de pulsar el bot\u00f3n \u00abmodo\u00bb, el quadcopter se convierte en un tanque. Cada una de las pistas est\u00e1 controlada por un stick separado.<\/p>\n<p><img loading=\"lazy\" decoding=\"async\" class=\"aligncenter wp-image-2901\" src=\"https:\/\/xerall.com\/wp-content\/uploads\/2017\/01\/xerall-rx-e1589907448775.jpg\" alt=\"\" width=\"600\" height=\"597\" srcset=\"https:\/\/xerall.com\/wp-content\/uploads\/2017\/01\/xerall-rx-e1589907448775.jpg 700w, https:\/\/xerall.com\/wp-content\/uploads\/2017\/01\/xerall-rx-e1589907448775-100x100.jpg 100w\" sizes=\"(max-width: 600px) 100vw, 600px\" \/><\/p>\n<p style=\"text-align: center;\"><strong>TRANSMISION FPV A TRAV\u00c9S DE GAFAS VR<\/strong><br \/>\nTransmisi\u00f3n de v\u00eddeo en tiempo real (FPV) de realidad virtual.  <strong>LAS GAFAS DE REALIDAD VIRTUAL NO EST\u00c1N INCLUIDAS  <\/strong><\/p>\n<p><img loading=\"lazy\" decoding=\"async\" class=\"aligncenter wp-image-12772\" src=\"https:\/\/xerall.com\/wp-content\/uploads\/2017\/01\/8-scaled.jpg\" alt=\"\" width=\"1000\" height=\"1000\" srcset=\"https:\/\/xerall.com\/wp-content\/uploads\/2017\/01\/8-scaled.jpg 2560w, https:\/\/xerall.com\/wp-content\/uploads\/2017\/01\/8-300x300.jpg 300w, https:\/\/xerall.com\/wp-content\/uploads\/2017\/01\/8-1024x1024.jpg 1024w, https:\/\/xerall.com\/wp-content\/uploads\/2017\/01\/8-150x150.jpg 150w, https:\/\/xerall.com\/wp-content\/uploads\/2017\/01\/8-768x768.jpg 768w, https:\/\/xerall.com\/wp-content\/uploads\/2017\/01\/8-1536x1536.jpg 1536w, https:\/\/xerall.com\/wp-content\/uploads\/2017\/01\/8-2048x2048.jpg 2048w, https:\/\/xerall.com\/wp-content\/uploads\/2017\/01\/8-500x500.jpg 500w, https:\/\/xerall.com\/wp-content\/uploads\/2017\/01\/8-1000x1000.jpg 1000w, https:\/\/xerall.com\/wp-content\/uploads\/2017\/01\/8-100x100.jpg 100w\" sizes=\"(max-width: 1000px) 100vw, 1000px\" \/><\/p>\n<p>&nbsp;<\/p>\n<p style=\"text-align: center;\"><strong>EL CONJUNTO INCLUYE:<\/strong><br \/>\n1 x X-TankCopter completamente montado (RTF)<br \/>\n1 x 2,4 GHz controlador de radio con un soporte para smartphone<br \/>\n1 x 3.7 V 900 mAh bater\u00eda<br \/>\n1 x cargador<br \/>\n4 x h\u00e9lices de repuesto<br \/>\n1 x destornillador para todos los sujetadores<\/p>\n<p>&nbsp;<\/p>\n<p>&nbsp;<\/p>\n<p style=\"text-align: center;\"><strong>ESPECIFICACIONES TECNICAS:<\/strong><br \/>\nPeso del dron: 131 g<\/p>\n<p style=\"text-align: center;\"><strong>C\u00e1mara<\/strong><br \/>\nModos de grabaci\u00f3n de v\u00eddeo: HD 1280x720p 30 fps<br \/>\nTipo de tarjeta SD compatible: MicroSD de hasta 32 GB<\/p>\n<p style=\"text-align: center;\"><strong>VIDEO EN VIVO<\/strong><br \/>\nFrecuencia de funcionamiento: WiFi (2,4 GHz)<br \/>\nVista previa: smartphone (aplicaci\u00f3n para iOS o Android)<\/p>\n<p style=\"text-align: center;\"><strong>Cargador<\/strong><br \/>\nTipo de adaptador: USB<br \/>\nTiempo de carga: 25-30 min<\/p>\n<p style=\"text-align: center;\"><strong>Bater\u00eda<\/strong><br \/>\nCapacidad: 900 mAh<br \/>\nTipo de bater\u00eda: Li-Po<br \/>\nVoltaje: 3.7 V<\/p>\n<p style=\"text-align: center;\"><strong>Resistencia<\/strong><br \/>\nTiempo m\u00e1ximo de vuelo: 8 min<br \/>\nTiempo m\u00e1ximo de conducci\u00f3n: 20-25 min<\/p>\n<p style=\"text-align: center;\"><strong>APLICACI\u00d3N SMARTPHONE<\/strong><br \/>\nAplicaci\u00f3n compatible con los sistemas operativos Apple y Android<br \/>\nModo de control: utilizando los botones en pantalla o IMU interna (el dron seguir\u00e1 el movimiento del smartphone)<br \/>\nWay-points: basta con dibujar el camino en la pantalla del tel\u00e9fono inteligente, el dron lo seguir\u00e1 de forma aut\u00f3noma<br \/>\nToma fotos, graba v\u00eddeos y mucho m\u00e1s.<\/p>\n<p style=\"text-align: center;\">Descarga la aplicaci\u00f3n aqu\u00ed:<\/p>\n<p>&nbsp;<\/p>\n<p><a href=\"https:\/\/play.google.com\/store\/apps\/details?id=com.udirc.xerall&amp;hl=en\" target=\"_blank\" rel=\"noopener\"><img loading=\"lazy\" decoding=\"async\" class=\"aligncenter wp-image-1201\" src=\"https:\/\/xerall.com\/wp-content\/uploads\/2018\/06\/google-play-1000.png\" alt=\"\" width=\"200\" height=\"61\"><\/a><\/p>\n<p><a href=\"https:\/\/apps.apple.com\/us\/app\/xerall\/id1398763430\" target=\"_blank\" rel=\"noopener\"><img loading=\"lazy\" decoding=\"async\" class=\"size-full wp-image-1203 aligncenter\" src=\"https:\/\/xerall.com\/wp-content\/uploads\/2018\/06\/appple-store-badge-100.png\" alt=\"\" width=\"200\" height=\"61\" srcset=\"https:\/\/xerall.com\/wp-content\/uploads\/2018\/06\/appple-store-badge-100.png 200w, https:\/\/xerall.com\/wp-content\/uploads\/2018\/06\/appple-store-badge-100-100x31.png 100w\" sizes=\"(max-width: 200px) 100vw, 200px\" \/><\/a><\/p>\n<!-- AddThis Advanced Settings generic via filter on the_content --><!-- AddThis Share Buttons generic via filter on the_content -->","protected":false},"excerpt":{"rendered":"<p>X-TANKCOPTER El primer dron h\u00edbrido tanque-quadcopter<!-- AddThis Advanced Settings generic via filter on wp_trim_excerpt --><!-- AddThis Share Buttons generic via filter on wp_trim_excerpt --><\/p>\n","protected":false},"featured_media":12783,"template":"","meta":{"_acf_changed":false,"om_disable_all_campaigns":false,"_monsterinsights_skip_tracking":false,"_monsterinsights_sitenote_active":false,"_monsterinsights_sitenote_note":"","_monsterinsights_sitenote_category":0},"product_brand":[],"product_cat":[233],"product_tag":[311],"class_list":{"0":"post-6252","1":"product","2":"type-product","3":"status-publish","4":"has-post-thumbnail","6":"product_cat-modelos","7":"product_tag-x-tankcopter-sv-es","9":"first","10":"instock","11":"sale","12":"taxable","13":"shipping-taxable","14":"purchasable","15":"product-type-simple"},"acf":[],"_links":{"self":[{"href":"https:\/\/xerall.com\/es\/wp-json\/wp\/v2\/product\/6252","targetHints":{"allow":["GET"]}}],"collection":[{"href":"https:\/\/xerall.com\/es\/wp-json\/wp\/v2\/product"}],"about":[{"href":"https:\/\/xerall.com\/es\/wp-json\/wp\/v2\/types\/product"}],"wp:featuredmedia":[{"embeddable":true,"href":"https:\/\/xerall.com\/es\/wp-json\/wp\/v2\/media\/12783"}],"wp:attachment":[{"href":"https:\/\/xerall.com\/es\/wp-json\/wp\/v2\/media?parent=6252"}],"wp:term":[{"taxonomy":"product_brand","embeddable":true,"href":"https:\/\/xerall.com\/es\/wp-json\/wp\/v2\/product_brand?post=6252"},{"taxonomy":"product_cat","embeddable":true,"href":"https:\/\/xerall.com\/es\/wp-json\/wp\/v2\/product_cat?post=6252"},{"taxonomy":"product_tag","embeddable":true,"href":"https:\/\/xerall.com\/es\/wp-json\/wp\/v2\/product_tag?post=6252"}],"curies":[{"name":"wp","href":"https:\/\/api.w.org\/{rel}","templated":true}]}}