{"id":6266,"date":"2019-11-27T12:16:07","date_gmt":"2020-05-20T14:18:50","guid":{"rendered":"https:\/\/xerall.com\/product\/bateria-de-drones\/"},"modified":"2024-12-12T12:18:21","modified_gmt":"2024-12-12T11:18:21","slug":"drone-bateria-900-mah-3-7-v-li-po","status":"publish","type":"product","link":"https:\/\/xerall.com\/es\/producto\/drone-bateria-900-mah-3-7-v-li-po\/","title":{"rendered":"Bater\u00eda de drones"},"content":{"rendered":"<p>Bater\u00eda de drones 900 mAh 3.7 V Li-Po con construcci\u00f3n en <strong>disyuntor<\/strong><\/p>\n<!-- AddThis Advanced Settings generic via filter on the_content --><!-- AddThis Share Buttons generic via filter on the_content -->","protected":false},"excerpt":{"rendered":"<p>Bater\u00eda de drones 900 mAh 3.7 V Li-Po con construcci\u00f3n en disyuntor<!-- AddThis Advanced Settings generic via filter on wp_trim_excerpt --><!-- AddThis Share Buttons generic via filter on wp_trim_excerpt --><\/p>\n","protected":false},"featured_media":5569,"template":"","meta":{"_acf_changed":false,"om_disable_all_campaigns":false,"_monsterinsights_skip_tracking":false,"_monsterinsights_sitenote_active":false,"_monsterinsights_sitenote_note":"","_monsterinsights_sitenote_category":0},"product_brand":[],"product_cat":[204],"product_tag":[],"class_list":{"0":"post-6266","1":"product","2":"type-product","3":"status-publish","4":"has-post-thumbnail","6":"product_cat-x-tankcopter-repuestos-es","8":"first","9":"instock","10":"taxable","11":"shipping-taxable","12":"purchasable","13":"product-type-simple"},"acf":[],"_links":{"self":[{"href":"https:\/\/xerall.com\/es\/wp-json\/wp\/v2\/product\/6266","targetHints":{"allow":["GET"]}}],"collection":[{"href":"https:\/\/xerall.com\/es\/wp-json\/wp\/v2\/product"}],"about":[{"href":"https:\/\/xerall.com\/es\/wp-json\/wp\/v2\/types\/product"}],"wp:featuredmedia":[{"embeddable":true,"href":"https:\/\/xerall.com\/es\/wp-json\/wp\/v2\/media\/5569"}],"wp:attachment":[{"href":"https:\/\/xerall.com\/es\/wp-json\/wp\/v2\/media?parent=6266"}],"wp:term":[{"taxonomy":"product_brand","embeddable":true,"href":"https:\/\/xerall.com\/es\/wp-json\/wp\/v2\/product_brand?post=6266"},{"taxonomy":"product_cat","embeddable":true,"href":"https:\/\/xerall.com\/es\/wp-json\/wp\/v2\/product_cat?post=6266"},{"taxonomy":"product_tag","embeddable":true,"href":"https:\/\/xerall.com\/es\/wp-json\/wp\/v2\/product_tag?post=6266"}],"curies":[{"name":"wp","href":"https:\/\/api.w.org\/{rel}","templated":true}]}}