{"id":5994,"date":"2020-05-20T08:59:13","date_gmt":"2020-05-20T06:59:13","guid":{"rendered":"https:\/\/xerall.com\/environ\/"},"modified":"2022-12-17T14:15:54","modified_gmt":"2022-12-17T13:15:54","slug":"environ","status":"publish","type":"page","link":"https:\/\/xerall.com\/fr\/environ\/","title":{"rendered":"environ"},"content":{"rendered":"\t\t<div data-elementor-type=\"wp-page\" data-elementor-id=\"5994\" class=\"elementor elementor-5994 elementor-323\">\n\t\t\t\t\t\t<section class=\"elementor-section elementor-top-section elementor-element elementor-element-d48ce0e elementor-section-boxed elementor-section-height-default elementor-section-height-default\" data-id=\"d48ce0e\" data-element_type=\"section\" data-e-type=\"section\">\n\t\t\t\t\t\t<div class=\"elementor-container elementor-column-gap-default\">\n\t\t\t\t\t<div class=\"elementor-column elementor-col-100 elementor-top-column elementor-element elementor-element-ab0e755\" data-id=\"ab0e755\" data-element_type=\"column\" data-e-type=\"column\">\n\t\t\t<div class=\"elementor-widget-wrap elementor-element-populated\">\n\t\t\t\t\t\t<div class=\"elementor-element elementor-element-db58cb4 elementor-widget elementor-widget-text-editor\" data-id=\"db58cb4\" data-element_type=\"widget\" data-e-type=\"widget\" data-widget_type=\"text-editor.default\">\n\t\t\t\t<div class=\"elementor-widget-container\">\n\t\t\t\t\t\t\t\t\t<p>Xerall est une marque enregistr\u00e9e de B-Technology Sp z.o.o. soci\u00e9t\u00e9 sp\u00e9cialis\u00e9e dans le design, la R-D et la production de drones tout-terrain innovants, UAV, RC Toys, robots et l\u2019\u00e9lectronique client. Notre objectif est d\u2019apporter de nouvelles technologies dans le domaine des drones et du transport automobile en mettant l\u2019accent sur la fa\u00e7on dont ils se d\u00e9placent. Nous esp\u00e9rons cr\u00e9er le drone\/v\u00e9hicule qui peut fonctionner dans n\u2019importe quel environnement, eau, sol et dans les airs. Notre premier mod\u00e8le B Flying Car, lanc\u00e9 avec succ\u00e8s sur la plate-forme Kickstarter. Le projet a \u00e9largi son objectif et atteint 122 000 GBP. La deuxi\u00e8me campagne sur la plate-forme Indiegogo a augment\u00e9 de 4700 USD. Depuis que nous continuons \u00e0 d\u00e9velopper, encore plus, des drones passionnants, des drones, des robots et l\u2019espoir d\u2019\u00e9tendre notre invention \u00e0 la taille du v\u00e9hicule habit\u00e9 (Flying Car).<br \/>Notre invention est prot\u00e9g\u00e9e par le brevet international d\u00e9livr\u00e9. Cela couvre 80 des march\u00e9s mondiaux. Dans notre courte histoire, nous avons eu une occasion incroyable de mettre en vedette notre drone innovant dans le film de Sylvester Stallone The Expendables 3. S\u2019il vous pla\u00eet v\u00e9rifier le film pour voir comment notre drone effectu\u00e9<\/p>\n\t\t\t\t\t\t\t\t<\/div>\n\t\t\t\t<\/div>\n\t\t\t\t\t<\/div>\n\t\t<\/div>\n\t\t\t\t\t<\/div>\n\t\t<\/section>\n\t\t\t\t<section class=\"elementor-section elementor-top-section elementor-element elementor-element-3122205 elementor-section-boxed elementor-section-height-default elementor-section-height-default\" data-id=\"3122205\" data-element_type=\"section\" data-e-type=\"section\">\n\t\t\t\t\t\t<div class=\"elementor-container elementor-column-gap-default\">\n\t\t\t\t\t<div class=\"elementor-column elementor-col-100 elementor-top-column elementor-element elementor-element-33f355a\" data-id=\"33f355a\" data-element_type=\"column\" data-e-type=\"column\">\n\t\t\t<div class=\"elementor-widget-wrap elementor-element-populated\">\n\t\t\t\t\t\t<div class=\"elementor-element elementor-element-423a574 elementor-widget elementor-widget-spacer\" data-id=\"423a574\" data-element_type=\"widget\" data-e-type=\"widget\" data-widget_type=\"spacer.default\">\n\t\t\t\t<div class=\"elementor-widget-container\">\n\t\t\t\t\t\t\t<div class=\"elementor-spacer\">\n\t\t\t<div class=\"elementor-spacer-inner\"><\/div>\n\t\t<\/div>\n\t\t\t\t\t\t<\/div>\n\t\t\t\t<\/div>\n\t\t\t\t\t<\/div>\n\t\t<\/div>\n\t\t\t\t\t<\/div>\n\t\t<\/section>\n\t\t\t\t<\/div>\n\t\t<!-- AddThis Advanced Settings generic via filter on the_content --><!-- AddThis Share Buttons generic via filter on the_content -->","protected":false},"excerpt":{"rendered":"<p>Xerall est une marque enregistr\u00e9e de B-Technology Sp z.o.o. soci\u00e9t\u00e9 sp\u00e9cialis\u00e9e dans le design, la R-D et la production de drones tout-terrain innovants, UAV, RC Toys, robots et l\u2019\u00e9lectronique client. Notre objectif est d\u2019apporter de nouvelles technologies dans le domaine des drones et du transport automobile en mettant l\u2019accent sur la fa\u00e7on dont ils se [&hellip;]<!-- AddThis Advanced Settings generic via filter on wp_trim_excerpt --><!-- AddThis Share Buttons generic via filter on wp_trim_excerpt --><\/p>\n","protected":false},"author":1,"featured_media":0,"parent":0,"menu_order":0,"comment_status":"closed","ping_status":"closed","template":"","meta":{"_acf_changed":false,"om_disable_all_campaigns":false,"_monsterinsights_skip_tracking":false,"_monsterinsights_sitenote_active":false,"_monsterinsights_sitenote_note":"","_monsterinsights_sitenote_category":0,"footnotes":""},"class_list":["post-5994","page","type-page","status-publish","hentry"],"acf":[],"_links":{"self":[{"href":"https:\/\/xerall.com\/fr\/wp-json\/wp\/v2\/pages\/5994","targetHints":{"allow":["GET"]}}],"collection":[{"href":"https:\/\/xerall.com\/fr\/wp-json\/wp\/v2\/pages"}],"about":[{"href":"https:\/\/xerall.com\/fr\/wp-json\/wp\/v2\/types\/page"}],"author":[{"embeddable":true,"href":"https:\/\/xerall.com\/fr\/wp-json\/wp\/v2\/users\/1"}],"replies":[{"embeddable":true,"href":"https:\/\/xerall.com\/fr\/wp-json\/wp\/v2\/comments?post=5994"}],"version-history":[{"count":0,"href":"https:\/\/xerall.com\/fr\/wp-json\/wp\/v2\/pages\/5994\/revisions"}],"wp:attachment":[{"href":"https:\/\/xerall.com\/fr\/wp-json\/wp\/v2\/media?parent=5994"}],"curies":[{"name":"wp","href":"https:\/\/api.w.org\/{rel}","templated":true}]}}