{"id":11216,"date":"2022-12-16T13:24:29","date_gmt":"2022-12-16T12:24:29","guid":{"rendered":"https:\/\/xerall.com\/product\/maya\/"},"modified":"2023-12-13T14:14:31","modified_gmt":"2023-12-13T13:14:31","slug":"maya","status":"publish","type":"product","link":"https:\/\/xerall.com\/fr\/produit\/maya\/","title":{"rendered":"MAYA"},"content":{"rendered":"<p style=\"text-align: center;\"><img fetchpriority=\"high\" decoding=\"async\" class=\"aligncenter wp-image-11099 size-full\" src=\"https:\/\/xerall.com\/wp-content\/uploads\/2022\/12\/MAYA-A-content-1-1464x600-3.jpg\" alt=\"\" width=\"1464\" height=\"600\" srcset=\"https:\/\/xerall.com\/wp-content\/uploads\/2022\/12\/MAYA-A-content-1-1464x600-3.jpg 1464w, https:\/\/xerall.com\/wp-content\/uploads\/2022\/12\/MAYA-A-content-1-1464x600-3-1000x410.jpg 1000w, https:\/\/xerall.com\/wp-content\/uploads\/2022\/12\/MAYA-A-content-1-1464x600-3-300x123.jpg 300w, https:\/\/xerall.com\/wp-content\/uploads\/2022\/12\/MAYA-A-content-1-1464x600-3-1024x420.jpg 1024w, https:\/\/xerall.com\/wp-content\/uploads\/2022\/12\/MAYA-A-content-1-1464x600-3-768x315.jpg 768w\" sizes=\"(max-width: 1464px) 100vw, 1464px\" \/><\/p>\n<p style=\"text-align: center;\">RENCONTREZ MAYA, LE PLUS PETIT DRONE DE LA FAMILLE XERALL \u2013 Tr\u00e8s stable et facile \u00e0 contr\u00f4ler pour les pilotes d\u00e9butants. Ne vous laissez pas berner par sa petite taille, il regorge de nombreuses fonctionnalit\u00e9s : d\u00e9collage et atterrissage automatiques, cam\u00e9ra vid\u00e9o avec transmission en direct (FPV), itin\u00e9raire personnalis\u00e9, fonction headless et bien d\u2019autres&#8230;<\/p>\n<p>&nbsp;<\/p>\n<p>&nbsp;<br \/>\n&nbsp;<\/p>\n<p style=\"text-align: center;\"><img decoding=\"async\" class=\"wp-image-11135 size-full aligncenter\" src=\"https:\/\/xerall.com\/wp-content\/uploads\/2022\/12\/4-MAYA-600x350-2.jpg\" alt=\"\" width=\"650\" height=\"350\" srcset=\"https:\/\/xerall.com\/wp-content\/uploads\/2022\/12\/4-MAYA-600x350-2.jpg 650w, https:\/\/xerall.com\/wp-content\/uploads\/2022\/12\/4-MAYA-600x350-2-300x162.jpg 300w\" sizes=\"(max-width: 650px) 100vw, 650px\" \/><\/p>\n<p style=\"text-align: center;\"><strong>CAM\u00c9RA VID\u00c9O AVEC STREAMING VID\u00c9O EN DIRECT (FPV)<\/strong><\/p>\n<p style=\"text-align: center;\">Le drone est \u00e9quip\u00e9 d\u2019une transmission de cam\u00e9ra FPV 640x480p, ce qui signifie que pendant le vol, vous pouvez afficher des images en direct en temps r\u00e9el sur votre smartphone<\/p>\n<p style=\"text-align: center;\"><img decoding=\"async\" class=\"wp-image-11141 size-full aligncenter\" src=\"https:\/\/xerall.com\/wp-content\/uploads\/2022\/12\/8-MAYA-600x350-1.jpg\" alt=\"\" width=\"600\" height=\"350\" srcset=\"https:\/\/xerall.com\/wp-content\/uploads\/2022\/12\/8-MAYA-600x350-1.jpg 600w, https:\/\/xerall.com\/wp-content\/uploads\/2022\/12\/8-MAYA-600x350-1-300x175.jpg 300w\" sizes=\"(max-width: 600px) 100vw, 600px\" \/><\/p>\n<p style=\"text-align: center;\"><strong>APPLICATION SMARTPHONE<\/strong><\/p>\n<p style=\"text-align: center;\">Application compatible avec les syst\u00e8mes d\u2019exploitation Apple et Android. L\u2019application permet un contr\u00f4le total du drone, enregistrer des vid\u00e9os, prendre des photos, diffuser des vid\u00e9os en direct, afficher: niveau de la batterie, altitude, force du signal et plus encore<\/p>\n<p style=\"text-align: center;\"><img loading=\"lazy\" decoding=\"async\" class=\"wp-image-11147 aligncenter\" src=\"https:\/\/xerall.com\/wp-content\/uploads\/2022\/12\/AUTO-TAKE-OFF-650X350-300x162.jpg\" alt=\"\" width=\"650\" height=\"350\" srcset=\"https:\/\/xerall.com\/wp-content\/uploads\/2022\/12\/AUTO-TAKE-OFF-650X350-300x162.jpg 300w, https:\/\/xerall.com\/wp-content\/uploads\/2022\/12\/AUTO-TAKE-OFF-650X350.jpg 700w\" sizes=\"(max-width: 650px) 100vw, 650px\" \/><\/p>\n<p style=\"text-align: center;\"><strong>D\u00c9COLLAGE ET ATTERRISSAGE AUTOMATIQUES<\/strong><\/p>\n<p style=\"text-align: center;\">En appuyant sur un bouton, le drone d\u00e9colle et atterrit automatiquement<\/p>\n<p style=\"text-align: center;\"><img loading=\"lazy\" decoding=\"async\" class=\"aligncenter wp-image-11153 size-full\" src=\"https:\/\/xerall.com\/wp-content\/uploads\/2022\/12\/small-size-and-weight-650x350-3.jpg\" alt=\"\" width=\"650\" height=\"350\" srcset=\"https:\/\/xerall.com\/wp-content\/uploads\/2022\/12\/small-size-and-weight-650x350-3.jpg 650w, https:\/\/xerall.com\/wp-content\/uploads\/2022\/12\/small-size-and-weight-650x350-3-300x162.jpg 300w\" sizes=\"(max-width: 650px) 100vw, 650px\" \/><\/p>\n<p style=\"text-align: center;\"><strong>PETITE TAILLE ET L\u00c9GER<\/strong><\/p>\n<p style=\"text-align: center;\">La petite taille et la l\u00e9g\u00e8ret\u00e9 (24 grammes) rendent ce drone s\u00fbr \u00e0 utiliser et pratiquement indestructible. De plus, le drone est \u00e9quip\u00e9 de couvercles d\u2019h\u00e9lice qui prot\u00e8gent l\u2019environnement et le drone contre les dommages.<\/p>\n<p style=\"text-align: center;\"><img loading=\"lazy\" decoding=\"async\" class=\"wp-image-11159 aligncenter\" src=\"https:\/\/xerall.com\/wp-content\/uploads\/2022\/12\/CUSTOM-ROUTE-650x350-1-300x162.jpg\" alt=\"\" width=\"650\" height=\"350\" srcset=\"https:\/\/xerall.com\/wp-content\/uploads\/2022\/12\/CUSTOM-ROUTE-650x350-1-300x162.jpg 300w, https:\/\/xerall.com\/wp-content\/uploads\/2022\/12\/CUSTOM-ROUTE-650x350-1.jpg 700w\" sizes=\"(max-width: 650px) 100vw, 650px\" \/><\/p>\n<p style=\"text-align: center;\"><strong>ITIN\u00c9RAIRE DE VOL PERSONNALIS\u00c9<\/strong><\/p>\n<p style=\"text-align: center;\">Il suffit de dessiner le chemin sur l\u2019\u00e9cran du smartphone, le drone le suivra de mani\u00e8re autonome<\/p>\n<p style=\"text-align: center;\"><img loading=\"lazy\" decoding=\"async\" class=\"aligncenter wp-image-11165\" src=\"https:\/\/xerall.com\/wp-content\/uploads\/2022\/12\/altitude-hold-650x350-1-300x162.jpg\" alt=\"\" width=\"650\" height=\"350\" srcset=\"https:\/\/xerall.com\/wp-content\/uploads\/2022\/12\/altitude-hold-650x350-1-300x162.jpg 300w, https:\/\/xerall.com\/wp-content\/uploads\/2022\/12\/altitude-hold-650x350-1.jpg 700w\" sizes=\"(max-width: 650px) 100vw, 650px\" \/><\/p>\n<p style=\"text-align: center;\"><strong>FONCTION DE MAINTIEN DE L\u2019ALTITUDE<\/strong><\/p>\n<p style=\"text-align: center;\">Le drone surveillera et gardera une hauteur constante afin que vous puissiez vous concentrer sur le vol<\/p>\n<p style=\"text-align: center;\"><strong>L\u2019ENSEMBLE COMPREND :<\/strong><br \/>\n1 x drone MAYA enti\u00e8rement assembl\u00e9 (RTF)<br \/>\n1 contr\u00f4leur radio de 2,4 GHz avec un support de smartphone<br \/>\n1 x batterie 3.7 V 180mAh<br \/>\n1 x chargeur<br \/>\n4 x h\u00e9lices de rechange<\/p>\n<p style=\"text-align: center;\"><strong>SP\u00c9CIFICATIONS TECHNIQUES:<\/strong><br \/>\nPoids du drone: 24 g<\/p>\n<p style=\"text-align: center;\"><strong>Cam\u00e9ra<\/strong><br \/>\nCam\u00e9ra vid\u00e9o: 640 x 480p<\/p>\n<p style=\"text-align: center;\"><strong>VID\u00c9O EN DIRECT<\/strong><br \/>\nFr\u00e9quence d\u2019exploitation: WiFi (2.4 GHz)<br \/>\nAper\u00e7u en direct : smartphone (application pour iOS ou Android)<\/p>\n<p style=\"text-align: center;\"><strong>LUNETTES VR<\/strong><br \/>\nCompatible (lunettes VR non incluses)<\/p>\n<p style=\"text-align: center;\"><strong>Chargeur<\/strong><br \/>\nType d\u2019adaptateur: USB<br \/>\nTemps de chargement: 25-30 min<\/p>\n<p style=\"text-align: center;\"><strong>batterie<\/strong><\/p>\n<p style=\"text-align: center;\">DEUX PILES SONT INCLUSES!<br \/>\nCapacit\u00e9: 180mAh<br \/>\nType de batterie: Li-Po<br \/>\nTension: 3.7 V<\/p>\n<p style=\"text-align: center;\"><strong>Endurance<\/strong><br \/>\nTemps de vol maximum: 5-6 minutes, 10-12 minutes avec deux batteries incluses<\/p>\n<p style=\"text-align: center;\"><strong>APPLICATION SMARTPHONE<\/strong><br \/>\nApplication compatible avec les syst\u00e8mes d\u2019exploitation Apple et Android<br \/>\nMode de contr\u00f4le : \u00e0 l\u2019aide des boutons \u00e0 l\u2019\u00e9cran ou de l\u2019UMI interne (le drone suivra le mouvement du smartphone)<br \/>\nPoints de passage : il suffit de tracer le chemin sur l\u2019\u00e9cran du smartphone, le drone le suivra de mani\u00e8re autonome<br \/>\nPrenez des photos, enregistrez des vid\u00e9os et plus encore.<\/p>\n<p style=\"text-align: center;\">T\u00e9l\u00e9chargez l\u2019application ici:<\/p>\n<p style=\"text-align: center;\"><a href=\"https:\/\/play.google.com\/store\/apps\/details?id=com.udirc.xerall&amp;hl=en\" target=\"_blank\" rel=\"noopener\"><img loading=\"lazy\" decoding=\"async\" class=\"aligncenter wp-image-1201\" src=\"https:\/\/xerall.com\/wp-content\/uploads\/2018\/06\/google-play-1000.png\" alt=\"\" width=\"200\" height=\"61\"><\/a><\/p>\n<p><a href=\"https:\/\/apps.apple.com\/us\/app\/xerall\/id1398763430\" target=\"_blank\" rel=\"noopener\"><img loading=\"lazy\" decoding=\"async\" class=\"size-full wp-image-1203 aligncenter\" src=\"https:\/\/xerall.com\/wp-content\/uploads\/2018\/06\/appple-store-badge-100.png\" alt=\"\" width=\"200\" height=\"61\" srcset=\"https:\/\/xerall.com\/wp-content\/uploads\/2018\/06\/appple-store-badge-100.png 200w, https:\/\/xerall.com\/wp-content\/uploads\/2018\/06\/appple-store-badge-100-100x31.png 100w\" sizes=\"(max-width: 200px) 100vw, 200px\" \/><\/a><\/p>\n<!-- AddThis Advanced Settings generic via filter on the_content --><!-- AddThis Share Buttons generic via filter on the_content -->","protected":false},"excerpt":{"rendered":"<p>RENCONTREZ MAYA, LE PLUS PETIT DRONE DE LA FAMILLE XERALL<!-- AddThis Advanced Settings generic via filter on wp_trim_excerpt --><!-- AddThis Share Buttons generic via filter on wp_trim_excerpt --><\/p>\n","protected":false},"featured_media":11105,"template":"","meta":{"_acf_changed":false,"om_disable_all_campaigns":false,"_monsterinsights_skip_tracking":false,"_monsterinsights_sitenote_active":false,"_monsterinsights_sitenote_note":"","_monsterinsights_sitenote_category":0},"product_brand":[],"product_cat":[229],"product_tag":[404],"class_list":{"0":"post-11216","1":"product","2":"type-product","3":"status-publish","4":"has-post-thumbnail","6":"product_cat-modeles","7":"product_tag-maya-fr","9":"first","10":"instock","11":"sale","12":"taxable","13":"shipping-taxable","14":"purchasable","15":"product-type-simple"},"acf":[],"_links":{"self":[{"href":"https:\/\/xerall.com\/fr\/wp-json\/wp\/v2\/product\/11216","targetHints":{"allow":["GET"]}}],"collection":[{"href":"https:\/\/xerall.com\/fr\/wp-json\/wp\/v2\/product"}],"about":[{"href":"https:\/\/xerall.com\/fr\/wp-json\/wp\/v2\/types\/product"}],"wp:featuredmedia":[{"embeddable":true,"href":"https:\/\/xerall.com\/fr\/wp-json\/wp\/v2\/media\/11105"}],"wp:attachment":[{"href":"https:\/\/xerall.com\/fr\/wp-json\/wp\/v2\/media?parent=11216"}],"wp:term":[{"taxonomy":"product_brand","embeddable":true,"href":"https:\/\/xerall.com\/fr\/wp-json\/wp\/v2\/product_brand?post=11216"},{"taxonomy":"product_cat","embeddable":true,"href":"https:\/\/xerall.com\/fr\/wp-json\/wp\/v2\/product_cat?post=11216"},{"taxonomy":"product_tag","embeddable":true,"href":"https:\/\/xerall.com\/fr\/wp-json\/wp\/v2\/product_tag?post=11216"}],"curies":[{"name":"wp","href":"https:\/\/api.w.org\/{rel}","templated":true}]}}