{"id":11260,"date":"2022-12-18T22:59:14","date_gmt":"2022-12-18T21:59:14","guid":{"rendered":"https:\/\/xerall.com\/product\/x\/"},"modified":"2024-04-03T04:22:53","modified_gmt":"2024-04-03T02:22:53","slug":"vivi","status":"publish","type":"product","link":"https:\/\/xerall.com\/fr\/produit\/vivi\/","title":{"rendered":"VIVI DRONE AVEC CAM\u00c9RA HD APPLICATION POUR SMARTPHONE"},"content":{"rendered":"<p><img fetchpriority=\"high\" decoding=\"async\" class=\"aligncenter wp-image-11350 size-full\" src=\"https:\/\/xerall.com\/wp-content\/uploads\/2022\/12\/VIVI-A-content-1-1464x600-2.jpg\" alt=\"\" width=\"1464\" height=\"600\" srcset=\"https:\/\/xerall.com\/wp-content\/uploads\/2022\/12\/VIVI-A-content-1-1464x600-2.jpg 1464w, https:\/\/xerall.com\/wp-content\/uploads\/2022\/12\/VIVI-A-content-1-1464x600-2-300x123.jpg 300w, https:\/\/xerall.com\/wp-content\/uploads\/2022\/12\/VIVI-A-content-1-1464x600-2-1024x420.jpg 1024w, https:\/\/xerall.com\/wp-content\/uploads\/2022\/12\/VIVI-A-content-1-1464x600-2-768x315.jpg 768w, https:\/\/xerall.com\/wp-content\/uploads\/2022\/12\/VIVI-A-content-1-1464x600-2-1000x410.jpg 1000w\" sizes=\"(max-width: 1464px) 100vw, 1464px\" \/><\/p>\n<p>&nbsp;<\/p>\n<p style=\"text-align: center;\">RENCONTREZ VIVI LE PLUS PETIT DRONE XERALL AVEC CAM\u00c9RA HD \u2013 Tr\u00e8s stable et facile \u00e0 contr\u00f4ler pour les pilotes d\u00e9butants. Ne vous laissez pas berner par sa petite taille, il regorge de nombreuses fonctionnalit\u00e9s : d\u00e9collage et atterrissage automatiques, cam\u00e9ra vid\u00e9o avec transmission en direct en qualit\u00e9 HD (FPV), itin\u00e9raire personnalis\u00e9, fonction headless et bien d\u2019autres&#8230;<\/p>\n<p style=\"text-align: center;\"><img decoding=\"async\" class=\"alignnone wp-image-11377 size-full\" src=\"https:\/\/xerall.com\/wp-content\/uploads\/2022\/12\/VIVI-CAMERA-700.jpg\" alt=\"\" width=\"700\" height=\"377\" srcset=\"https:\/\/xerall.com\/wp-content\/uploads\/2022\/12\/VIVI-CAMERA-700.jpg 700w, https:\/\/xerall.com\/wp-content\/uploads\/2022\/12\/VIVI-CAMERA-700-300x162.jpg 300w\" sizes=\"(max-width: 700px) 100vw, 700px\" \/><\/p>\n<p style=\"text-align: center;\"><strong>CAM\u00c9RA VID\u00c9O AVEC STREAMING VID\u00c9O DE QUALIT\u00c9 HD EN DIRECT (FPV)<\/strong><\/p>\n<p style=\"text-align: center;\">Le drone est \u00e9quip\u00e9 d\u2019une transmission de cam\u00e9ra FPV HD 720p, ce qui signifie que pendant le vol, vous pouvez afficher des images en direct en temps r\u00e9el sur votre smartphone<\/p>\n<p><img decoding=\"async\" class=\"aligncenter wp-image-11383 size-full\" src=\"https:\/\/xerall.com\/wp-content\/uploads\/2022\/12\/VIVI-SMARTPHONE-700.jpg\" alt=\"\" width=\"700\" height=\"377\" srcset=\"https:\/\/xerall.com\/wp-content\/uploads\/2022\/12\/VIVI-SMARTPHONE-700.jpg 700w, https:\/\/xerall.com\/wp-content\/uploads\/2022\/12\/VIVI-SMARTPHONE-700-300x162.jpg 300w\" sizes=\"(max-width: 700px) 100vw, 700px\" \/><\/p>\n<p style=\"text-align: center;\"><strong>APPLICATION SMARTPHONE<\/strong><\/p>\n<p style=\"text-align: center;\">Application compatible avec les syst\u00e8mes d\u2019exploitation Apple et Android. L\u2019application permet un contr\u00f4le total du drone, enregistrer des vid\u00e9os, prendre des photos, diffuser des vid\u00e9os en direct, afficher: niveau de la batterie, altitude, force du signal et plus encore<\/p>\n<p><img loading=\"lazy\" decoding=\"async\" class=\"aligncenter wp-image-11389 size-full\" src=\"https:\/\/xerall.com\/wp-content\/uploads\/2022\/12\/vivi-autotake-off.jpg\" alt=\"\" width=\"700\" height=\"377\" srcset=\"https:\/\/xerall.com\/wp-content\/uploads\/2022\/12\/vivi-autotake-off.jpg 700w, https:\/\/xerall.com\/wp-content\/uploads\/2022\/12\/vivi-autotake-off-300x162.jpg 300w\" sizes=\"(max-width: 700px) 100vw, 700px\" \/><\/p>\n<p style=\"text-align: center;\"><strong>D\u00c9COLLAGE ET ATTERRISSAGE AUTOMATIQUES<\/strong><\/p>\n<p style=\"text-align: center;\">En appuyant sur un bouton, le drone d\u00e9colle et atterrit automatiquement<\/p>\n<p><img loading=\"lazy\" decoding=\"async\" class=\"wp-image-11395 size-full aligncenter\" src=\"https:\/\/xerall.com\/wp-content\/uploads\/2022\/12\/VIVI-rotate-camera-700.jpg\" alt=\"\" width=\"700\" height=\"377\" srcset=\"https:\/\/xerall.com\/wp-content\/uploads\/2022\/12\/VIVI-rotate-camera-700.jpg 700w, https:\/\/xerall.com\/wp-content\/uploads\/2022\/12\/VIVI-rotate-camera-700-300x162.jpg 300w\" sizes=\"(max-width: 700px) 100vw, 700px\" \/><\/p>\n<p style=\"text-align: center;\"><strong>CAM\u00c9RA \u00c0 ANGLE R\u00c9GLABLE<\/strong><\/p>\n<p style=\"text-align: center;\">La cam\u00e9ra du drone peut \u00eatre ajust\u00e9e de 90 degr\u00e9s. Ceci est tr\u00e8s pratique pour capturer des vid\u00e9os sous diff\u00e9rents angles, la cam\u00e9ra peut \u00eatre positionn\u00e9e pour regarder droit vers le bas ou horizontalement<\/p>\n<p><img loading=\"lazy\" decoding=\"async\" class=\"aligncenter wp-image-11401 size-full\" src=\"https:\/\/xerall.com\/wp-content\/uploads\/2022\/12\/VIVI-CUSTOM-ROUTE-700.jpg\" alt=\"\" width=\"700\" height=\"377\" srcset=\"https:\/\/xerall.com\/wp-content\/uploads\/2022\/12\/VIVI-CUSTOM-ROUTE-700.jpg 700w, https:\/\/xerall.com\/wp-content\/uploads\/2022\/12\/VIVI-CUSTOM-ROUTE-700-300x162.jpg 300w\" sizes=\"(max-width: 700px) 100vw, 700px\" \/><\/p>\n<p style=\"text-align: center;\"><strong>ITIN\u00c9RAIRE DE VOL PERSONNALIS\u00c9<\/strong><\/p>\n<p style=\"text-align: center;\">Il suffit de dessiner le chemin sur l\u2019\u00e9cran du smartphone, le drone le suivra de mani\u00e8re autonome<\/p>\n<p><img loading=\"lazy\" decoding=\"async\" class=\"wp-image-11407 size-full aligncenter\" src=\"https:\/\/xerall.com\/wp-content\/uploads\/2022\/12\/vivi-altitude-hold-700.jpg\" alt=\"\" width=\"700\" height=\"377\" srcset=\"https:\/\/xerall.com\/wp-content\/uploads\/2022\/12\/vivi-altitude-hold-700.jpg 700w, https:\/\/xerall.com\/wp-content\/uploads\/2022\/12\/vivi-altitude-hold-700-300x162.jpg 300w\" sizes=\"(max-width: 700px) 100vw, 700px\" \/><\/p>\n<p style=\"text-align: center;\"><strong>FONCTION DE MAINTIEN DE L\u2019ALTITUDE<\/strong><\/p>\n<p style=\"text-align: center;\">Le drone surveillera et gardera une hauteur constante afin que vous puissiez vous concentrer sur le vol<\/p>\n<p style=\"text-align: center;\"><strong>L\u2019ENSEMBLE COMPREND :<\/strong><br \/>\n1 x drone VIVI enti\u00e8rement assembl\u00e9 (RTF)<br \/>\n1 contr\u00f4leur radio de 2,4 GHz avec un support de smartphone<br \/>\n<strong>2 x batterie 3.7 V 500mAh<\/strong><br \/>\n1 x chargeur<br \/>\n4 x h\u00e9lices de rechange<\/p>\n<p style=\"text-align: center;\"><strong>SP\u00c9CIFICATIONS TECHNIQUES:<\/strong><br \/>\nPoids du drone : 63 g<\/p>\n<p style=\"text-align: center;\"><strong>Cam\u00e9ra<\/strong><br \/>\nCam\u00e9ra vid\u00e9o: HD 720p<\/p>\n<p style=\"text-align: center;\"><strong>VID\u00c9O EN DIRECT<\/strong><br \/>\nFr\u00e9quence d\u2019exploitation: WiFi (2.4 GHz)<br \/>\nAper\u00e7u en direct : smartphone (application pour iOS ou Android)<\/p>\n<p style=\"text-align: center;\"><strong>LUNETTES VR<\/strong><br \/>\nCompatible (lunettes VR non incluses)<\/p>\n<p style=\"text-align: center;\"><strong>Chargeur<\/strong><br \/>\nType d\u2019adaptateur: USB<br \/>\nTemps de chargement: 25-30 min<\/p>\n<p style=\"text-align: center;\"><strong>batterie<\/strong><\/p>\n<p style=\"text-align: center;\"><strong>DEUX PILES SONT INCLUSES!<\/strong><br \/>\nCapacit\u00e9: 180mAh<br \/>\nType de batterie: Li-Po<br \/>\nTension: 3.7 V<\/p>\n<p style=\"text-align: center;\"><strong>Endurance<\/strong><br \/>\nTemps de vol maximum: 6-7 minutes, 12-14 minutes avec deux batteries incluses<\/p>\n<p style=\"text-align: center;\"><strong>APPLICATION SMARTPHONE<\/strong><br \/>\nApplication compatible avec les syst\u00e8mes d\u2019exploitation Apple et Android<br \/>\nMode de contr\u00f4le : \u00e0 l\u2019aide des boutons \u00e0 l\u2019\u00e9cran ou de l\u2019UMI interne (le drone suivra le mouvement du smartphone)<br \/>\nPoints de passage : il suffit de tracer le chemin sur l\u2019\u00e9cran du smartphone, le drone le suivra de mani\u00e8re autonome<br \/>\nPrenez des photos, enregistrez des vid\u00e9os et plus encore.<\/p>\n<p style=\"text-align: center;\">T\u00e9l\u00e9chargez l\u2019application ici:<\/p>\n<p style=\"text-align: center;\"><a href=\"https:\/\/play.google.com\/store\/apps\/details?id=com.udirc.xerall&amp;hl=en\" target=\"_blank\" rel=\"noopener\"><img loading=\"lazy\" decoding=\"async\" class=\"aligncenter wp-image-1201\" src=\"https:\/\/xerall.com\/wp-content\/uploads\/2018\/06\/google-play-1000.png\" alt=\"\" width=\"200\" height=\"61\"><\/a><\/p>\n<p><a href=\"https:\/\/apps.apple.com\/us\/app\/xerall\/id1398763430\" target=\"_blank\" rel=\"noopener\"><img loading=\"lazy\" decoding=\"async\" class=\"size-full wp-image-1203 aligncenter\" src=\"https:\/\/xerall.com\/wp-content\/uploads\/2018\/06\/appple-store-badge-100.png\" alt=\"\" width=\"200\" height=\"61\" srcset=\"https:\/\/xerall.com\/wp-content\/uploads\/2018\/06\/appple-store-badge-100.png 200w, https:\/\/xerall.com\/wp-content\/uploads\/2018\/06\/appple-store-badge-100-100x31.png 100w\" sizes=\"(max-width: 200px) 100vw, 200px\" \/><\/a><\/p>\n<!-- AddThis Advanced Settings generic via filter on the_content --><!-- AddThis Share Buttons generic via filter on the_content -->","protected":false},"excerpt":{"rendered":"<p>RENCONTREZ VIVI LE PLUS PETIT DRONE XERALL AVEC CAM\u00c9RA HD<!-- AddThis Advanced Settings generic via filter on wp_trim_excerpt --><!-- AddThis Share Buttons generic via filter on wp_trim_excerpt --><\/p>\n","protected":false},"featured_media":11252,"template":"","meta":{"_acf_changed":false,"om_disable_all_campaigns":false,"_monsterinsights_skip_tracking":false,"_monsterinsights_sitenote_active":false,"_monsterinsights_sitenote_note":"","_monsterinsights_sitenote_category":0},"product_brand":[],"product_cat":[229],"product_tag":[415],"class_list":{"0":"post-11260","1":"product","2":"type-product","3":"status-publish","4":"has-post-thumbnail","6":"product_cat-modeles","7":"product_tag-vivi-fr","9":"first","10":"instock","11":"sale","12":"taxable","13":"shipping-taxable","14":"purchasable","15":"product-type-simple"},"acf":[],"_links":{"self":[{"href":"https:\/\/xerall.com\/fr\/wp-json\/wp\/v2\/product\/11260","targetHints":{"allow":["GET"]}}],"collection":[{"href":"https:\/\/xerall.com\/fr\/wp-json\/wp\/v2\/product"}],"about":[{"href":"https:\/\/xerall.com\/fr\/wp-json\/wp\/v2\/types\/product"}],"wp:featuredmedia":[{"embeddable":true,"href":"https:\/\/xerall.com\/fr\/wp-json\/wp\/v2\/media\/11252"}],"wp:attachment":[{"href":"https:\/\/xerall.com\/fr\/wp-json\/wp\/v2\/media?parent=11260"}],"wp:term":[{"taxonomy":"product_brand","embeddable":true,"href":"https:\/\/xerall.com\/fr\/wp-json\/wp\/v2\/product_brand?post=11260"},{"taxonomy":"product_cat","embeddable":true,"href":"https:\/\/xerall.com\/fr\/wp-json\/wp\/v2\/product_cat?post=11260"},{"taxonomy":"product_tag","embeddable":true,"href":"https:\/\/xerall.com\/fr\/wp-json\/wp\/v2\/product_tag?post=11260"}],"curies":[{"name":"wp","href":"https:\/\/api.w.org\/{rel}","templated":true}]}}