{"id":6175,"date":"2019-11-27T10:59:17","date_gmt":"2020-05-20T11:38:42","guid":{"rendered":"https:\/\/xerall.com\/product\/conseil-de-controle\/"},"modified":"2023-09-05T18:31:57","modified_gmt":"2023-09-05T16:31:57","slug":"bord-de-controle-de-la-conduite-de-vol","status":"publish","type":"product","link":"https:\/\/xerall.com\/fr\/produit\/bord-de-controle-de-la-conduite-de-vol\/","title":{"rendered":"Conseil de contr\u00f4le"},"content":{"rendered":"<p>Contr\u00f4leur de vol, R\u00e9ception avec fonction Drive<\/p>\n<!-- AddThis Advanced Settings generic via filter on the_content --><!-- AddThis Share Buttons generic via filter on the_content -->","protected":false},"excerpt":{"rendered":"<p>Contr\u00f4leur de vol, R\u00e9ception avec fonction Drive<!-- AddThis Advanced Settings generic via filter on wp_trim_excerpt --><!-- AddThis Share Buttons generic via filter on wp_trim_excerpt --><\/p>\n","protected":false},"featured_media":5585,"template":"","meta":{"_acf_changed":false,"om_disable_all_campaigns":false,"_monsterinsights_skip_tracking":false,"_monsterinsights_sitenote_active":false,"_monsterinsights_sitenote_note":"","_monsterinsights_sitenote_category":0},"product_brand":[],"product_cat":[202],"product_tag":[209],"class_list":{"0":"post-6175","1":"product","2":"type-product","3":"status-publish","4":"has-post-thumbnail","6":"product_cat-x-tankcopter-pieces-de-rechange-fr","7":"product_tag-x-tankcopter-fr","9":"first","10":"onbackorder","11":"taxable","12":"shipping-taxable","13":"purchasable","14":"product-type-simple"},"acf":[],"_links":{"self":[{"href":"https:\/\/xerall.com\/fr\/wp-json\/wp\/v2\/product\/6175","targetHints":{"allow":["GET"]}}],"collection":[{"href":"https:\/\/xerall.com\/fr\/wp-json\/wp\/v2\/product"}],"about":[{"href":"https:\/\/xerall.com\/fr\/wp-json\/wp\/v2\/types\/product"}],"wp:featuredmedia":[{"embeddable":true,"href":"https:\/\/xerall.com\/fr\/wp-json\/wp\/v2\/media\/5585"}],"wp:attachment":[{"href":"https:\/\/xerall.com\/fr\/wp-json\/wp\/v2\/media?parent=6175"}],"wp:term":[{"taxonomy":"product_brand","embeddable":true,"href":"https:\/\/xerall.com\/fr\/wp-json\/wp\/v2\/product_brand?post=6175"},{"taxonomy":"product_cat","embeddable":true,"href":"https:\/\/xerall.com\/fr\/wp-json\/wp\/v2\/product_cat?post=6175"},{"taxonomy":"product_tag","embeddable":true,"href":"https:\/\/xerall.com\/fr\/wp-json\/wp\/v2\/product_tag?post=6175"}],"curies":[{"name":"wp","href":"https:\/\/api.w.org\/{rel}","templated":true}]}}