{"id":6250,"date":"2017-01-07T12:06:52","date_gmt":"2017-01-07T11:06:52","guid":{"rendered":"https:\/\/xerall.com\/product\/x-tankcopter\/"},"modified":"2023-12-22T10:25:06","modified_gmt":"2023-12-22T09:25:06","slug":"x-tankcopter","status":"publish","type":"product","link":"https:\/\/xerall.com\/fr\/produit\/x-tankcopter\/","title":{"rendered":"X-TANKCOPTER"},"content":{"rendered":"<p style=\"font-size: 17.6px;\"><img fetchpriority=\"high\" decoding=\"async\" class=\"wp-image-9326 size-full aligncenter\" src=\"https:\/\/xerall.com\/wp-content\/uploads\/2020\/10\/Xerall-drone-1.jpg\" alt=\"\" width=\"1200\" height=\"675\" srcset=\"https:\/\/xerall.com\/wp-content\/uploads\/2020\/10\/Xerall-drone-1.jpg 1200w, https:\/\/xerall.com\/wp-content\/uploads\/2020\/10\/Xerall-drone-1-1000x563.jpg 1000w, https:\/\/xerall.com\/wp-content\/uploads\/2020\/10\/Xerall-drone-1-300x169.jpg 300w, https:\/\/xerall.com\/wp-content\/uploads\/2020\/10\/Xerall-drone-1-1024x576.jpg 1024w, https:\/\/xerall.com\/wp-content\/uploads\/2020\/10\/Xerall-drone-1-768x432.jpg 768w\" sizes=\"(max-width: 1200px) 100vw, 1200px\" \/><\/p>\n<p style=\"text-align: center;\">Le <strong>drone Xerall X-TANKCOPTER <\/strong>est le seul char volant au monde qui fonctionne tr\u00e8s bien au sol et dans les airs. Le produit a \u00e9t\u00e9 con\u00e7u sur un syst\u00e8me de propulsion brevet\u00e9 qui permet la connexion efficace des syst\u00e8mes de conduite et de locomotion de vol.<\/p>\n<p><img decoding=\"async\" class=\"size-full wp-image-9528 aligncenter\" src=\"https:\/\/xerall.com\/wp-content\/uploads\/2017\/01\/Xerall-Drone-HD-camera.jpg\" alt=\"\" width=\"1000\" height=\"1000\" srcset=\"https:\/\/xerall.com\/wp-content\/uploads\/2017\/01\/Xerall-Drone-HD-camera.jpg 1000w, https:\/\/xerall.com\/wp-content\/uploads\/2017\/01\/Xerall-Drone-HD-camera-500x500.jpg 500w, https:\/\/xerall.com\/wp-content\/uploads\/2017\/01\/Xerall-Drone-HD-camera-100x100.jpg 100w, https:\/\/xerall.com\/wp-content\/uploads\/2017\/01\/Xerall-Drone-HD-camera-300x300.jpg 300w, https:\/\/xerall.com\/wp-content\/uploads\/2017\/01\/Xerall-Drone-HD-camera-150x150.jpg 150w, https:\/\/xerall.com\/wp-content\/uploads\/2017\/01\/Xerall-Drone-HD-camera-768x768.jpg 768w\" sizes=\"(max-width: 1000px) 100vw, 1000px\" \/><\/p>\n<p style=\"text-align: center;\">Ne vous inqui\u00e9tez pas si vous \u00eates un d\u00e9butant. Le <strong>X-TANKCOPTER<\/strong> est tr\u00e8s facile \u00e0 contr\u00f4ler, parfait pour les enfants et les adultes. Le mode avanc\u00e9 de maintien de l\u2019altitude maintiendra le drone stable \u00e0 une hauteur d\u00e9finie, afin que vous puissiez vous concentrer sur le plaisir.<\/p>\n<p><img decoding=\"async\" class=\"size-full wp-image-9536 aligncenter\" src=\"https:\/\/xerall.com\/wp-content\/uploads\/2017\/01\/Xerall-Auto-landing.jpg\" alt=\"\" width=\"1000\" height=\"1000\" srcset=\"https:\/\/xerall.com\/wp-content\/uploads\/2017\/01\/Xerall-Auto-landing.jpg 1000w, https:\/\/xerall.com\/wp-content\/uploads\/2017\/01\/Xerall-Auto-landing-500x500.jpg 500w, https:\/\/xerall.com\/wp-content\/uploads\/2017\/01\/Xerall-Auto-landing-100x100.jpg 100w, https:\/\/xerall.com\/wp-content\/uploads\/2017\/01\/Xerall-Auto-landing-300x300.jpg 300w, https:\/\/xerall.com\/wp-content\/uploads\/2017\/01\/Xerall-Auto-landing-150x150.jpg 150w, https:\/\/xerall.com\/wp-content\/uploads\/2017\/01\/Xerall-Auto-landing-768x768.jpg 768w\" sizes=\"(max-width: 1000px) 100vw, 1000px\" \/><\/p>\n<p style=\"text-align: center;\">Il dispose \u00e9galement de fonctions de d\u00e9collage et d\u2019atterrissage automatiques. Avec la pression du bouton, le drone d\u00e9collera et planera en place, une pression de plus sur le bouton et il descendra et atterrira en toute s\u00e9curit\u00e9. Une autre fonction int\u00e9ressante est un itin\u00e9raire personnalis\u00e9. Il suffit de dessiner un chemin sur votre \u00e9cran et le drone le suivra de fa\u00e7on autonome! La conduite est encore plus facile, la piste de chaque drone est contr\u00f4l\u00e9e par un b\u00e2ton s\u00e9par\u00e9 (main) qui permet de profiter pleinement des performances du r\u00e9servoir, faire des tours cool, comme la d\u00e9rive, 360 spin etc.<\/p>\n<p><img loading=\"lazy\" decoding=\"async\" class=\"size-full wp-image-9544 aligncenter\" src=\"https:\/\/xerall.com\/wp-content\/uploads\/2017\/01\/6-1.jpg\" alt=\"\" width=\"1000\" height=\"1000\" srcset=\"https:\/\/xerall.com\/wp-content\/uploads\/2017\/01\/6-1.jpg 1000w, https:\/\/xerall.com\/wp-content\/uploads\/2017\/01\/6-1-500x500.jpg 500w, https:\/\/xerall.com\/wp-content\/uploads\/2017\/01\/6-1-100x100.jpg 100w, https:\/\/xerall.com\/wp-content\/uploads\/2017\/01\/6-1-300x300.jpg 300w, https:\/\/xerall.com\/wp-content\/uploads\/2017\/01\/6-1-150x150.jpg 150w, https:\/\/xerall.com\/wp-content\/uploads\/2017\/01\/6-1-768x768.jpg 768w\" sizes=\"(max-width: 1000px) 100vw, 1000px\" \/><\/p>\n<p style=\"text-align: center;\"><strong>REMOTE CONTROLLER 2.4GHz<\/strong><br \/>\nLe contr\u00f4leur \u00e0 distance fonctionne comme dans le cas d\u2019autres drones, offrant le contr\u00f4le sur lacet, tangage, roulis, altitude, cam\u00e9ra HD, etc. Apr\u00e8s avoir appuy\u00e9 sur le bouton \u00ab\u00a0mode\u00a0\u00bb, le quadcopter se transforme en r\u00e9servoir. Chacune des pistes est contr\u00f4l\u00e9e par un b\u00e2ton s\u00e9par\u00e9.<\/p>\n<p><img loading=\"lazy\" decoding=\"async\" class=\"aligncenter wp-image-2901\" src=\"https:\/\/xerall.com\/wp-content\/uploads\/2017\/01\/xerall-rx-e1589907448775.jpg\" alt=\"\" width=\"600\" height=\"597\" srcset=\"https:\/\/xerall.com\/wp-content\/uploads\/2017\/01\/xerall-rx-e1589907448775.jpg 700w, https:\/\/xerall.com\/wp-content\/uploads\/2017\/01\/xerall-rx-e1589907448775-100x100.jpg 100w\" sizes=\"(max-width: 600px) 100vw, 600px\" \/><\/p>\n<p style=\"text-align: center;\"><strong>TRANSMISSION FPV \u00c0 TRAVERS DES LUNETTES VR<\/strong><br \/>\nTransmission vid\u00e9o en temps r\u00e9el (FPV) VR.  <strong>LES LUNETTES VR NE SONT PAS INCLUSES  <\/strong><\/p>\n<p><img loading=\"lazy\" decoding=\"async\" class=\"aligncenter wp-image-12772\" src=\"https:\/\/xerall.com\/wp-content\/uploads\/2017\/01\/8-scaled.jpg\" alt=\"\" width=\"1000\" height=\"1000\" srcset=\"https:\/\/xerall.com\/wp-content\/uploads\/2017\/01\/8-scaled.jpg 2560w, https:\/\/xerall.com\/wp-content\/uploads\/2017\/01\/8-300x300.jpg 300w, https:\/\/xerall.com\/wp-content\/uploads\/2017\/01\/8-1024x1024.jpg 1024w, https:\/\/xerall.com\/wp-content\/uploads\/2017\/01\/8-150x150.jpg 150w, https:\/\/xerall.com\/wp-content\/uploads\/2017\/01\/8-768x768.jpg 768w, https:\/\/xerall.com\/wp-content\/uploads\/2017\/01\/8-1536x1536.jpg 1536w, https:\/\/xerall.com\/wp-content\/uploads\/2017\/01\/8-2048x2048.jpg 2048w, https:\/\/xerall.com\/wp-content\/uploads\/2017\/01\/8-500x500.jpg 500w, https:\/\/xerall.com\/wp-content\/uploads\/2017\/01\/8-1000x1000.jpg 1000w, https:\/\/xerall.com\/wp-content\/uploads\/2017\/01\/8-100x100.jpg 100w\" sizes=\"(max-width: 1000px) 100vw, 1000px\" \/><\/p>\n<p>&nbsp;<\/p>\n<p style=\"text-align: center;\"><strong>L\u2019ENSEMBLE COMPREND :<\/strong><br \/>\n1 x X-TankCopter enti\u00e8rement assembl\u00e9 (RTF)<br \/>\n1 contr\u00f4leur radio de 2,4 GHz avec un support de smartphone<br \/>\n1 x 3,7 V 900 mAh batterie<br \/>\n1 x chargeur<br \/>\n4 x h\u00e9lices de rechange<br \/>\n1 x tournevis pour tous les attacheurs<\/p>\n<p>&nbsp;<\/p>\n<p>&nbsp;<\/p>\n<p style=\"text-align: center;\"><strong>SP\u00c9CIFICATIONS TECHNIQUES:<\/strong><br \/>\nPoids du drone: 131 g<\/p>\n<p style=\"text-align: center;\"><strong>Cam\u00e9ra<\/strong><br \/>\nModes d\u2019enregistrement vid\u00e9o: HD 1280x720p 30 fps<br \/>\nType de carte SD pris en charge : MicroSD jusqu\u2019\u00e0 32 Go<\/p>\n<p style=\"text-align: center;\"><strong>VID\u00c9O EN DIRECT<\/strong><br \/>\nFr\u00e9quence d\u2019exploitation: WiFi (2.4 GHz)<br \/>\nAper\u00e7u: smartphone (application pour iOS ou Android)<\/p>\n<p style=\"text-align: center;\"><strong>Chargeur<\/strong><br \/>\nType d\u2019adaptateur: USB<br \/>\nTemps de chargement: 25-30 min<\/p>\n<p style=\"text-align: center;\"><strong>batterie<\/strong><br \/>\nCapacit\u00e9: 900 mAh<br \/>\nType de batterie: Li-Po<br \/>\nTension: 3.7 V<\/p>\n<p style=\"text-align: center;\"><strong>Endurance<\/strong><br \/>\nTemps de vol maximum: 8 min<br \/>\nTemps de conduite maximum: 20-25 min<\/p>\n<p style=\"text-align: center;\"><strong>APPLICATION SMARTPHONE<\/strong><br \/>\nApplication compatible avec les syst\u00e8mes d\u2019exploitation Apple et Android<br \/>\nMode de contr\u00f4le : \u00e0 l\u2019aide des boutons \u00e0 l\u2019\u00e9cran ou de l\u2019UMI interne (le drone suivra le mouvement du smartphone)<br \/>\nPoints de passage : il suffit de tracer le chemin sur l\u2019\u00e9cran du smartphone, le drone le suivra de mani\u00e8re autonome<br \/>\nPrenez des photos, enregistrez des vid\u00e9os et plus encore.<\/p>\n<p style=\"text-align: center;\">T\u00e9l\u00e9chargez l\u2019application ici:<\/p>\n<p>&nbsp;<\/p>\n<p><a href=\"https:\/\/play.google.com\/store\/apps\/details?id=com.udirc.xerall&amp;hl=en\" target=\"_blank\" rel=\"noopener\"><img loading=\"lazy\" decoding=\"async\" class=\"aligncenter wp-image-1201\" src=\"https:\/\/xerall.com\/wp-content\/uploads\/2018\/06\/google-play-1000.png\" alt=\"\" width=\"200\" height=\"61\"><\/a><\/p>\n<p><a href=\"https:\/\/apps.apple.com\/us\/app\/xerall\/id1398763430\" target=\"_blank\" rel=\"noopener\"><img loading=\"lazy\" decoding=\"async\" class=\"size-full wp-image-1203 aligncenter\" src=\"https:\/\/xerall.com\/wp-content\/uploads\/2018\/06\/appple-store-badge-100.png\" alt=\"\" width=\"200\" height=\"61\" srcset=\"https:\/\/xerall.com\/wp-content\/uploads\/2018\/06\/appple-store-badge-100.png 200w, https:\/\/xerall.com\/wp-content\/uploads\/2018\/06\/appple-store-badge-100-100x31.png 100w\" sizes=\"(max-width: 200px) 100vw, 200px\" \/><\/a><\/p>\n<!-- AddThis Advanced Settings generic via filter on the_content --><!-- AddThis Share Buttons generic via filter on the_content -->","protected":false},"excerpt":{"rendered":"<p>X-TANKCOPTER World premier drone hybride de tank-quadcopter<!-- AddThis Advanced Settings generic via filter on wp_trim_excerpt --><!-- AddThis Share Buttons generic via filter on wp_trim_excerpt --><\/p>\n","protected":false},"featured_media":12780,"template":"","meta":{"_acf_changed":false,"om_disable_all_campaigns":false,"_monsterinsights_skip_tracking":false,"_monsterinsights_sitenote_active":false,"_monsterinsights_sitenote_note":"","_monsterinsights_sitenote_category":0},"product_brand":[],"product_cat":[229],"product_tag":[313],"class_list":{"0":"post-6250","1":"product","2":"type-product","3":"status-publish","4":"has-post-thumbnail","6":"product_cat-modeles","7":"product_tag-x-tankcopter-sv-fr","9":"first","10":"instock","11":"sale","12":"taxable","13":"shipping-taxable","14":"purchasable","15":"product-type-simple"},"acf":[],"_links":{"self":[{"href":"https:\/\/xerall.com\/fr\/wp-json\/wp\/v2\/product\/6250","targetHints":{"allow":["GET"]}}],"collection":[{"href":"https:\/\/xerall.com\/fr\/wp-json\/wp\/v2\/product"}],"about":[{"href":"https:\/\/xerall.com\/fr\/wp-json\/wp\/v2\/types\/product"}],"wp:featuredmedia":[{"embeddable":true,"href":"https:\/\/xerall.com\/fr\/wp-json\/wp\/v2\/media\/12780"}],"wp:attachment":[{"href":"https:\/\/xerall.com\/fr\/wp-json\/wp\/v2\/media?parent=6250"}],"wp:term":[{"taxonomy":"product_brand","embeddable":true,"href":"https:\/\/xerall.com\/fr\/wp-json\/wp\/v2\/product_brand?post=6250"},{"taxonomy":"product_cat","embeddable":true,"href":"https:\/\/xerall.com\/fr\/wp-json\/wp\/v2\/product_cat?post=6250"},{"taxonomy":"product_tag","embeddable":true,"href":"https:\/\/xerall.com\/fr\/wp-json\/wp\/v2\/product_tag?post=6250"}],"curies":[{"name":"wp","href":"https:\/\/api.w.org\/{rel}","templated":true}]}}