{"id":10498,"date":"2021-09-16T11:19:11","date_gmt":"2021-09-16T09:19:11","guid":{"rendered":"https:\/\/xerall.com\/forum-2\/"},"modified":"2023-11-11T16:14:06","modified_gmt":"2023-11-11T15:14:06","slug":"forum-2","status":"publish","type":"page","link":"https:\/\/xerall.com\/pl\/forum-2\/","title":{"rendered":"Forum"},"content":{"rendered":"\t\t<div data-elementor-type=\"wp-page\" data-elementor-id=\"10498\" class=\"elementor elementor-10498 elementor-9826\">\n\t\t\t\t\t\t<section class=\"elementor-section elementor-top-section elementor-element elementor-element-16fe850 elementor-section-boxed elementor-section-height-default elementor-section-height-default\" data-id=\"16fe850\" data-element_type=\"section\" data-e-type=\"section\">\n\t\t\t\t\t\t<div class=\"elementor-container elementor-column-gap-default\">\n\t\t\t\t\t<div class=\"elementor-column elementor-col-100 elementor-top-column elementor-element elementor-element-eb120d4\" data-id=\"eb120d4\" data-element_type=\"column\" data-e-type=\"column\" data-settings=\"{&quot;background_background&quot;:&quot;classic&quot;}\">\n\t\t\t<div class=\"elementor-widget-wrap elementor-element-populated\">\n\t\t\t\t\t\t<div class=\"elementor-element elementor-element-22d58d2 elementor-widget elementor-widget-raven-posts\" data-id=\"22d58d2\" data-element_type=\"widget\" data-e-type=\"widget\" data-settings=\"{&quot;classic_show_sortable&quot;:&quot;yes&quot;,&quot;classic_show_pagination&quot;:&quot;yes&quot;,&quot;query_posts_per_page&quot;:12,&quot;_skin&quot;:&quot;classic&quot;,&quot;classic_layout&quot;:&quot;grid&quot;,&quot;classic_columns&quot;:&quot;3&quot;,&quot;classic_columns_tablet&quot;:&quot;2&quot;,&quot;classic_columns_mobile&quot;:&quot;1&quot;,&quot;classic_show_all_title&quot;:&quot;yes&quot;,&quot;classic_pagination_type&quot;:&quot;page_based&quot;,&quot;query_offset&quot;:0}\" data-widget_type=\"raven-posts.classic\">\n\t\t\t\t<div class=\"elementor-widget-container\">\n\t\t\t\t\t\t\t<div class=\"raven-sortable\">\n\t\t\t<div class=\"raven-sortable-items\">\n\t\t\t\t<a class=\"raven-sortable-item raven-sortable-active\" data-category=\"-1\" href=\"#\">All<\/a><a class=\"raven-sortable-item\" data-category=\"241\" href=\"#\">X-TankCopter<\/a><a class=\"raven-sortable-item\" data-category=\"436\" href=\"#\">XERALL ATD<\/a>\t\t\t<\/div>\n\t\t<\/div>\n\t\t\t\t<div class=\"raven-posts raven-grid raven-grid-3 raven-grid-mobile-1 raven-grid-tablet-2\" data-post-id=\"10498\" data-archive-query=\"\" data-lang=\"\">\n\t\t\t\t<div class=\"raven-grid-item raven-post-item post-12188 post type-post status-publish format-standard hentry category-xerall-atd-pl\">\n\t\t\t<div class=\"raven-post elementor-animation-grow\">\n\t\t\t\t\t\t\t\t<div class=\"raven-post-content\">\n\t\t\t\t\t<h6 class=\"raven-post-title\"><a class=\"raven-post-title-link\" href=\"https:\/\/xerall.com\/pl\/przedstawiamy-xerall-adt-najlepszy-dron-terenowy\/\">Przedstawiamy XERALL ADT: najlepszy dron terenowy<\/a><\/h6><div class=\"raven-post-excerpt\">Sp\u00f3jrz na niesamowitego drona XERALL ATD, zaprojektowanego do nawigacji w trudnym terenie, zdolnego do pionowego startu i l\u0105dowania, a nawet p\u0142ywania. Wydaje si\u0119, \u017ce jest to idealna konfiguracja i osi\u0105gi<!-- AddThis Advanced Settings generic via filter on wp_trim_excerpt --><!-- AddThis Share Buttons generic via filter on wp_trim_excerpt --><\/div>\t\t\t\t<\/div>\n\t\t\t<\/div>\n\t\t<\/div>\n\t\t\t\t<div class=\"raven-grid-item raven-post-item post-12117 post type-post status-publish format-standard hentry\">\n\t\t\t<div class=\"raven-post elementor-animation-grow\">\n\t\t\t\t\t\t\t\t<div class=\"raven-post-content\">\n\t\t\t\t\t<h6 class=\"raven-post-title\"><a class=\"raven-post-title-link\" href=\"https:\/\/xerall.com\/pl\/aktualizacja-23-01-2019\/\">AKTUALIZACJA 23.01.2019<\/a><\/h6><div class=\"raven-post-excerpt\"><!-- AddThis Advanced Settings generic via filter on wp_trim_excerpt --><!-- AddThis Share Buttons generic via filter on wp_trim_excerpt --><\/div>\t\t\t\t<\/div>\n\t\t\t<\/div>\n\t\t<\/div>\n\t\t\t\t<div class=\"raven-grid-item raven-post-item post-12111 post type-post status-publish format-standard hentry category-x-tankcopter\">\n\t\t\t<div class=\"raven-post elementor-animation-grow\">\n\t\t\t\t\t\t\t\t<div class=\"raven-post-content\">\n\t\t\t\t\t<h6 class=\"raven-post-title\"><a class=\"raven-post-title-link\" href=\"https:\/\/xerall.com\/pl\/aktualizacja-04-09-2018\/\">AKTUALIZACJA 04\/09\/2018<\/a><\/h6><div class=\"raven-post-excerpt\">Hey, Kolejna aktualizacja X-TANKCOPTER tutaj. Na pocz\u0105tku chcieliby\u015bmy podzieli\u0107 si\u0119 nowym filmem z TankCopter i uprzejmie prosimy o pomoc. Byliby\u015bmy bardzo zadowoleni, gdyby\u015b m\u00f3g\u0142 udost\u0119pni\u0107 stron\u0119 internetow\u0105 (https:\/\/xerall.com) lub wideo<!-- AddThis Advanced Settings generic via filter on wp_trim_excerpt --><!-- AddThis Share Buttons generic via filter on wp_trim_excerpt --><\/div>\t\t\t\t<\/div>\n\t\t\t<\/div>\n\t\t<\/div>\n\t\t\t\t<div class=\"raven-grid-item raven-post-item post-12098 post type-post status-publish format-standard hentry\">\n\t\t\t<div class=\"raven-post elementor-animation-grow\">\n\t\t\t\t\t\t\t\t<div class=\"raven-post-content\">\n\t\t\t\t\t<h6 class=\"raven-post-title\"><a class=\"raven-post-title-link\" href=\"https:\/\/xerall.com\/pl\/kampania-indiegogo-2\/\">KAMPANIA INDIEGOGO<\/a><\/h6><div class=\"raven-post-excerpt\">Z przyjemno\u015bci\u0105 informujemy, \u017ce kilka minut temu rozpocz\u0119li\u015bmy kampani\u0119 crowdfunding! Zgodnie z obietnic\u0105 jeste\u015bcie pierwszymi, kt\u00f3rzy zostali poinformowani o premierze naszego lataj\u0105cego czo\u0142gu platformie Indiegogo. Aby podzi\u0119kowa\u0107 za to \u017ce<!-- AddThis Advanced Settings generic via filter on wp_trim_excerpt --><!-- AddThis Share Buttons generic via filter on wp_trim_excerpt --><\/div>\t\t\t\t<\/div>\n\t\t\t<\/div>\n\t\t<\/div>\n\t\t\t\t<div class=\"raven-grid-item raven-post-item post-12092 post type-post status-publish format-standard hentry category-x-tankcopter\">\n\t\t\t<div class=\"raven-post elementor-animation-grow\">\n\t\t\t\t\t\t\t\t<div class=\"raven-post-content\">\n\t\t\t\t\t<h6 class=\"raven-post-title\"><a class=\"raven-post-title-link\" href=\"https:\/\/xerall.com\/pl\/kampania-indiegogo\/\">KAMPANIA INDIEGOGO<\/a><\/h6><div class=\"raven-post-excerpt\">Z przyjemno\u015bci\u0105 informujemy, \u017ce kilka minut temu rozpocz\u0119li\u015bmy kampani\u0119 crowdfunding! Zgodnie z obietnic\u0105 jeste\u015bcie pierwszymi, kt\u00f3rzy zostali poinformowani o premierze naszego lataj\u0105cego czo\u0142gu platformie Indiegogo. Aby podzi\u0119kowa\u0107 za to \u017ce<!-- AddThis Advanced Settings generic via filter on wp_trim_excerpt --><!-- AddThis Share Buttons generic via filter on wp_trim_excerpt --><\/div>\t\t\t\t<\/div>\n\t\t\t<\/div>\n\t\t<\/div>\n\t\t\t\t<div class=\"raven-grid-item raven-post-item post-6952 post type-post status-publish format-standard has-post-thumbnail hentry category-x-tankcopter\">\n\t\t\t<div class=\"raven-post elementor-animation-grow\">\n\t\t\t\t\t\t<div class=\"raven-post-image-wrap\">\n\t\t\t<a class=\"raven-post-image raven-image-fit\" href=\"https:\/\/xerall.com\/pl\/indiegogo-campaign\/\"><img fetchpriority=\"high\" decoding=\"async\" width=\"1024\" height=\"812\" src=\"https:\/\/xerall.com\/wp-content\/uploads\/2019\/02\/we-need-your-support2-1024x812.jpg\" class=\"attachment-large size-large wp-image-5062\" alt=\"\" srcset=\"https:\/\/xerall.com\/wp-content\/uploads\/2019\/02\/we-need-your-support2-1024x812.jpg 1024w, https:\/\/xerall.com\/wp-content\/uploads\/2019\/02\/we-need-your-support2-1000x793.jpg 1000w, https:\/\/xerall.com\/wp-content\/uploads\/2019\/02\/we-need-your-support2-300x238.jpg 300w, https:\/\/xerall.com\/wp-content\/uploads\/2019\/02\/we-need-your-support2-768x609.jpg 768w, https:\/\/xerall.com\/wp-content\/uploads\/2019\/02\/we-need-your-support2.jpg 1200w\" sizes=\"(max-width: 1024px) 100vw, 1024px\" \/> <span class=\"raven-post-image-overlay\"><\/span><\/a>\t\t<\/div>\n\t\t\t\t\t\t<div class=\"raven-post-content\">\n\t\t\t\t\t<h6 class=\"raven-post-title\"><a class=\"raven-post-title-link\" href=\"https:\/\/xerall.com\/pl\/indiegogo-campaign\/\">INDIEGOGO CAMPAIGN<\/a><\/h6><div class=\"raven-post-excerpt\">We are happy to announce we have launched the Crowdfunding campaign a few minutes ago! As promised you are the first to be informed. To say\u00a0 THANK YOU for being<!-- AddThis Advanced Settings generic via filter on wp_trim_excerpt --><!-- AddThis Share Buttons generic via filter on wp_trim_excerpt --><\/div>\t\t\t\t<\/div>\n\t\t\t<\/div>\n\t\t<\/div>\n\t\t\t\t<div class=\"raven-grid-item raven-post-item post-6959 post type-post status-publish format-standard has-post-thumbnail hentry category-x-takcopter\">\n\t\t\t<div class=\"raven-post elementor-animation-grow\">\n\t\t\t\t\t\t<div class=\"raven-post-image-wrap\">\n\t\t\t<a class=\"raven-post-image raven-image-fit\" href=\"https:\/\/xerall.com\/pl\/1913\/\"><img decoding=\"async\" width=\"1024\" height=\"576\" src=\"https:\/\/xerall.com\/wp-content\/uploads\/2019\/01\/casey-neistat-xerall-1-1024x576.jpg\" class=\"attachment-large size-large wp-image-4870\" alt=\"\" srcset=\"https:\/\/xerall.com\/wp-content\/uploads\/2019\/01\/casey-neistat-xerall-1-1024x576.jpg 1024w, https:\/\/xerall.com\/wp-content\/uploads\/2019\/01\/casey-neistat-xerall-1-1000x562.jpg 1000w, https:\/\/xerall.com\/wp-content\/uploads\/2019\/01\/casey-neistat-xerall-1-300x169.jpg 300w, https:\/\/xerall.com\/wp-content\/uploads\/2019\/01\/casey-neistat-xerall-1-768x432.jpg 768w, https:\/\/xerall.com\/wp-content\/uploads\/2019\/01\/casey-neistat-xerall-1.jpg 1300w\" sizes=\"(max-width: 1024px) 100vw, 1024px\" \/> <span class=\"raven-post-image-overlay\"><\/span><\/a>\t\t<\/div>\n\t\t\t\t\t\t<div class=\"raven-post-content\">\n\t\t\t\t\t<h6 class=\"raven-post-title\"><a class=\"raven-post-title-link\" href=\"https:\/\/xerall.com\/pl\/1913\/\">UPDATE 23\/01\/2019<\/a><\/h6><div class=\"raven-post-excerpt\">Hello Our apologies for a long time since the last update. here is what happened since the last update: 1. We managed to meet with Prime Minister of Poland and<!-- AddThis Advanced Settings generic via filter on wp_trim_excerpt --><!-- AddThis Share Buttons generic via filter on wp_trim_excerpt --><\/div>\t\t\t\t<\/div>\n\t\t\t<\/div>\n\t\t<\/div>\n\t\t\t\t<div class=\"raven-grid-item raven-post-item post-8395 post type-post status-publish format-standard has-post-thumbnail hentry category-x-takcopter\">\n\t\t\t<div class=\"raven-post elementor-animation-grow\">\n\t\t\t\t\t\t<div class=\"raven-post-image-wrap\">\n\t\t\t<a class=\"raven-post-image raven-image-fit\" href=\"https:\/\/xerall.com\/pl\/update-04-09-2018\/\"><img decoding=\"async\" width=\"1024\" height=\"1024\" src=\"https:\/\/xerall.com\/wp-content\/uploads\/2018\/08\/20180828_174404-1024x1024.jpg\" class=\"attachment-large size-large wp-image-4726\" alt=\"\" srcset=\"https:\/\/xerall.com\/wp-content\/uploads\/2018\/08\/20180828_174404-1024x1024.jpg 1024w, https:\/\/xerall.com\/wp-content\/uploads\/2018\/08\/20180828_174404-500x500.jpg 500w, https:\/\/xerall.com\/wp-content\/uploads\/2018\/08\/20180828_174404-100x100.jpg 100w, https:\/\/xerall.com\/wp-content\/uploads\/2018\/08\/20180828_174404-150x150.jpg 150w, https:\/\/xerall.com\/wp-content\/uploads\/2018\/08\/20180828_174404-300x300.jpg 300w\" sizes=\"(max-width: 1024px) 100vw, 1024px\" \/> <span class=\"raven-post-image-overlay\"><\/span><\/a>\t\t<\/div>\n\t\t\t\t\t\t<div class=\"raven-post-content\">\n\t\t\t\t\t<h6 class=\"raven-post-title\"><a class=\"raven-post-title-link\" href=\"https:\/\/xerall.com\/pl\/update-04-09-2018\/\">UPDATE 04\/09\/2018<\/a><\/h6><div class=\"raven-post-excerpt\">Hello Another X- TANKCOPTER update here. In the beginning, we would like to share a new video of the TankCopter, and kindly ask you to help us out a little<!-- AddThis Advanced Settings generic via filter on wp_trim_excerpt --><!-- AddThis Share Buttons generic via filter on wp_trim_excerpt --><\/div>\t\t\t\t<\/div>\n\t\t\t<\/div>\n\t\t<\/div>\n\t\t\t\t<div class=\"raven-grid-item raven-post-item post-8405 post type-post status-publish format-standard has-post-thumbnail hentry category-x-takcopter\">\n\t\t\t<div class=\"raven-post elementor-animation-grow\">\n\t\t\t\t\t\t<div class=\"raven-post-image-wrap\">\n\t\t\t<a class=\"raven-post-image raven-image-fit\" href=\"https:\/\/xerall.com\/pl\/update-02-08-2018\/\"><img loading=\"lazy\" decoding=\"async\" width=\"1024\" height=\"1024\" src=\"https:\/\/xerall.com\/wp-content\/uploads\/2018\/07\/xerall-web-white-1024x1024.jpg\" class=\"attachment-large size-large wp-image-4474\" alt=\"\" srcset=\"https:\/\/xerall.com\/wp-content\/uploads\/2018\/07\/xerall-web-white-1024x1024.jpg 1024w, https:\/\/xerall.com\/wp-content\/uploads\/2018\/07\/xerall-web-white-500x500.jpg 500w, https:\/\/xerall.com\/wp-content\/uploads\/2018\/07\/xerall-web-white-100x100.jpg 100w, https:\/\/xerall.com\/wp-content\/uploads\/2018\/07\/xerall-web-white-150x150.jpg 150w, https:\/\/xerall.com\/wp-content\/uploads\/2018\/07\/xerall-web-white-300x300.jpg 300w\" sizes=\"(max-width: 1024px) 100vw, 1024px\" \/> <span class=\"raven-post-image-overlay\"><\/span><\/a>\t\t<\/div>\n\t\t\t\t\t\t<div class=\"raven-post-content\">\n\t\t\t\t\t<h6 class=\"raven-post-title\"><a class=\"raven-post-title-link\" href=\"https:\/\/xerall.com\/pl\/update-02-08-2018\/\">UPDATE 02\/08\/2018<\/a><\/h6><div class=\"raven-post-excerpt\">Hello Another TankCopter update here. Below are the videos from first field testing. Please have in mind it was filmed with smartphones so the quality is poor, this week we<!-- AddThis Advanced Settings generic via filter on wp_trim_excerpt --><!-- AddThis Share Buttons generic via filter on wp_trim_excerpt --><\/div>\t\t\t\t<\/div>\n\t\t\t<\/div>\n\t\t<\/div>\n\t\t\t\t<div class=\"raven-grid-item raven-post-item post-8399 post type-post status-publish format-standard has-post-thumbnail hentry category-x-takcopter\">\n\t\t\t<div class=\"raven-post elementor-animation-grow\">\n\t\t\t\t\t\t<div class=\"raven-post-image-wrap\">\n\t\t\t<a class=\"raven-post-image raven-image-fit\" href=\"https:\/\/xerall.com\/pl\/update-02-08-2018\/\"><img loading=\"lazy\" decoding=\"async\" width=\"1024\" height=\"1024\" src=\"https:\/\/xerall.com\/wp-content\/uploads\/2018\/07\/xerall-web-white-1024x1024.jpg\" class=\"attachment-large size-large wp-image-4474\" alt=\"\" srcset=\"https:\/\/xerall.com\/wp-content\/uploads\/2018\/07\/xerall-web-white-1024x1024.jpg 1024w, https:\/\/xerall.com\/wp-content\/uploads\/2018\/07\/xerall-web-white-500x500.jpg 500w, https:\/\/xerall.com\/wp-content\/uploads\/2018\/07\/xerall-web-white-100x100.jpg 100w, https:\/\/xerall.com\/wp-content\/uploads\/2018\/07\/xerall-web-white-150x150.jpg 150w, https:\/\/xerall.com\/wp-content\/uploads\/2018\/07\/xerall-web-white-300x300.jpg 300w\" sizes=\"(max-width: 1024px) 100vw, 1024px\" \/> <span class=\"raven-post-image-overlay\"><\/span><\/a>\t\t<\/div>\n\t\t\t\t\t\t<div class=\"raven-post-content\">\n\t\t\t\t\t<h6 class=\"raven-post-title\"><a class=\"raven-post-title-link\" href=\"https:\/\/xerall.com\/pl\/update-02-08-2018\/\">UPDATE 02\/08\/2018<\/a><\/h6><div class=\"raven-post-excerpt\">Hello Another TankCopter update here. Below are the videos from first field testing. Please have in mind it was filmed with smartphones so the quality is poor, this week we<!-- AddThis Advanced Settings generic via filter on wp_trim_excerpt --><!-- AddThis Share Buttons generic via filter on wp_trim_excerpt --><\/div>\t\t\t\t<\/div>\n\t\t\t<\/div>\n\t\t<\/div>\n\t\t\t\t<div class=\"raven-grid-item raven-post-item post-8417 post type-post status-publish format-standard has-post-thumbnail hentry category-x-takcopter\">\n\t\t\t<div class=\"raven-post elementor-animation-grow\">\n\t\t\t\t\t\t<div class=\"raven-post-image-wrap\">\n\t\t\t<a class=\"raven-post-image raven-image-fit\" href=\"https:\/\/xerall.com\/pl\/concept-v1\/\"><img loading=\"lazy\" decoding=\"async\" width=\"1024\" height=\"1024\" src=\"https:\/\/xerall.com\/wp-content\/uploads\/2018\/02\/carcopter-scale-xerall-1-1024x1024.jpg\" class=\"attachment-large size-large wp-image-3826\" alt=\"\" srcset=\"https:\/\/xerall.com\/wp-content\/uploads\/2018\/02\/carcopter-scale-xerall-1-1024x1024.jpg 1024w, https:\/\/xerall.com\/wp-content\/uploads\/2018\/02\/carcopter-scale-xerall-1-500x500.jpg 500w, https:\/\/xerall.com\/wp-content\/uploads\/2018\/02\/carcopter-scale-xerall-1-100x100.jpg 100w, https:\/\/xerall.com\/wp-content\/uploads\/2018\/02\/carcopter-scale-xerall-1-150x150.jpg 150w, https:\/\/xerall.com\/wp-content\/uploads\/2018\/02\/carcopter-scale-xerall-1-300x300.jpg 300w, https:\/\/xerall.com\/wp-content\/uploads\/2018\/02\/carcopter-scale-xerall-1-600x600.jpg 600w, https:\/\/xerall.com\/wp-content\/uploads\/2018\/02\/carcopter-scale-xerall-1-266x266.jpg 266w\" sizes=\"(max-width: 1024px) 100vw, 1024px\" \/> <span class=\"raven-post-image-overlay\"><\/span><\/a>\t\t<\/div>\n\t\t\t\t\t\t<div class=\"raven-post-content\">\n\t\t\t\t\t<h6 class=\"raven-post-title\"><a class=\"raven-post-title-link\" href=\"https:\/\/xerall.com\/pl\/concept-v1\/\">CONCEPT V1<\/a><\/h6><div class=\"raven-post-excerpt\">Seeing a lot of human-carrying drones, like&nbsp;https:\/\/www.youtube.com\/watch?v=wbeoTnuo2-U&nbsp;. We decided to take a time and draft the first concept of the Flying Car on a scale 1:1. The concept&nbsp;designed for the<!-- AddThis Advanced Settings generic via filter on wp_trim_excerpt --><!-- AddThis Share Buttons generic via filter on wp_trim_excerpt --><\/div>\t\t\t\t<\/div>\n\t\t\t<\/div>\n\t\t<\/div>\n\t\t\t\t<div class=\"raven-grid-item raven-post-item post-8410 post type-post status-publish format-standard has-post-thumbnail hentry category-x-takcopter\">\n\t\t\t<div class=\"raven-post elementor-animation-grow\">\n\t\t\t\t\t\t<div class=\"raven-post-image-wrap\">\n\t\t\t<a class=\"raven-post-image raven-image-fit\" href=\"https:\/\/xerall.com\/pl\/concept-v1\/\"><img loading=\"lazy\" decoding=\"async\" width=\"1024\" height=\"1024\" src=\"https:\/\/xerall.com\/wp-content\/uploads\/2018\/02\/carcopter-scale-xerall-1-1024x1024.jpg\" class=\"attachment-large size-large wp-image-3826\" alt=\"\" srcset=\"https:\/\/xerall.com\/wp-content\/uploads\/2018\/02\/carcopter-scale-xerall-1-1024x1024.jpg 1024w, https:\/\/xerall.com\/wp-content\/uploads\/2018\/02\/carcopter-scale-xerall-1-500x500.jpg 500w, https:\/\/xerall.com\/wp-content\/uploads\/2018\/02\/carcopter-scale-xerall-1-100x100.jpg 100w, https:\/\/xerall.com\/wp-content\/uploads\/2018\/02\/carcopter-scale-xerall-1-150x150.jpg 150w, https:\/\/xerall.com\/wp-content\/uploads\/2018\/02\/carcopter-scale-xerall-1-300x300.jpg 300w, https:\/\/xerall.com\/wp-content\/uploads\/2018\/02\/carcopter-scale-xerall-1-600x600.jpg 600w, https:\/\/xerall.com\/wp-content\/uploads\/2018\/02\/carcopter-scale-xerall-1-266x266.jpg 266w\" sizes=\"(max-width: 1024px) 100vw, 1024px\" \/> <span class=\"raven-post-image-overlay\"><\/span><\/a>\t\t<\/div>\n\t\t\t\t\t\t<div class=\"raven-post-content\">\n\t\t\t\t\t<h6 class=\"raven-post-title\"><a class=\"raven-post-title-link\" href=\"https:\/\/xerall.com\/pl\/concept-v1\/\">CONCEPT V1<\/a><\/h6><div class=\"raven-post-excerpt\">Seeing a lot of human-carrying drones, like&nbsp;https:\/\/www.youtube.com\/watch?v=wbeoTnuo2-U&nbsp;. We decided to take a time and draft the first concept of the Flying Car on a scale 1:1. The concept&nbsp;designed for the<!-- AddThis Advanced Settings generic via filter on wp_trim_excerpt --><!-- AddThis Share Buttons generic via filter on wp_trim_excerpt --><\/div>\t\t\t\t<\/div>\n\t\t\t<\/div>\n\t\t<\/div>\n\t\t\t\t<\/div>\n\t\t\t\t<div class=\"raven-pagination\" data-settings=\"{&quot;posts_per_page&quot;:12,&quot;total_pages&quot;:3,&quot;pages_visible&quot;:7}\">\n\t\t\t<div class=\"raven-pagination-items\">\n\t\t\t\t<a class=\"raven-pagination-prev raven-pagination-item raven-pagination-disabled\" href=\"#\">&laquo; Prev<\/a><a class=\"raven-pagination-num raven-pagination-item raven-pagination-active\" href=\"#\" data-page-num=\"1\">1<\/a><a class=\"raven-pagination-num raven-pagination-item\" href=\"#\" data-page-num=\"2\">2<\/a><a class=\"raven-pagination-num raven-pagination-item\" href=\"#\" data-page-num=\"3\">3<\/a><a class=\"raven-pagination-next raven-pagination-item\" href=\"#\">Next &raquo;<\/a>\t\t\t<\/div>\n\t\t<\/div>\n\t\t\t\t\t\t<\/div>\n\t\t\t\t<\/div>\n\t\t\t\t\t<\/div>\n\t\t<\/div>\n\t\t\t\t\t<\/div>\n\t\t<\/section>\n\t\t\t\t<section class=\"elementor-section elementor-top-section elementor-element elementor-element-64068b4 elementor-section-boxed elementor-section-height-default elementor-section-height-default\" data-id=\"64068b4\" data-element_type=\"section\" data-e-type=\"section\">\n\t\t\t\t\t\t<div class=\"elementor-container elementor-column-gap-default\">\n\t\t\t\t\t<div class=\"elementor-column elementor-col-100 elementor-top-column elementor-element elementor-element-f296f8b\" data-id=\"f296f8b\" data-element_type=\"column\" data-e-type=\"column\">\n\t\t\t<div class=\"elementor-widget-wrap elementor-element-populated\">\n\t\t\t\t\t\t<div class=\"elementor-element elementor-element-94a6095 elementor-shape-rounded elementor-grid-0 e-grid-align-center elementor-widget elementor-widget-social-icons\" data-id=\"94a6095\" data-element_type=\"widget\" data-e-type=\"widget\" data-widget_type=\"social-icons.default\">\n\t\t\t\t<div class=\"elementor-widget-container\">\n\t\t\t\t\t\t\t<div class=\"elementor-social-icons-wrapper elementor-grid\" role=\"list\">\n\t\t\t\t\t\t\t<span class=\"elementor-grid-item\" role=\"listitem\">\n\t\t\t\t\t<a class=\"elementor-icon elementor-social-icon elementor-social-icon-facebook elementor-animation-grow elementor-repeater-item-48f04ab\" target=\"_blank\">\n\t\t\t\t\t\t<span class=\"elementor-screen-only\">Facebook<\/span>\n\t\t\t\t\t\t<i aria-hidden=\"true\" class=\"fab fa-facebook\"><\/i>\t\t\t\t\t<\/a>\n\t\t\t\t<\/span>\n\t\t\t\t\t\t\t<span class=\"elementor-grid-item\" role=\"listitem\">\n\t\t\t\t\t<a class=\"elementor-icon elementor-social-icon elementor-social-icon-twitter elementor-animation-grow elementor-repeater-item-8b2c5d5\" target=\"_blank\">\n\t\t\t\t\t\t<span class=\"elementor-screen-only\">Twitter<\/span>\n\t\t\t\t\t\t<i aria-hidden=\"true\" class=\"fab fa-twitter\"><\/i>\t\t\t\t\t<\/a>\n\t\t\t\t<\/span>\n\t\t\t\t\t\t\t<span class=\"elementor-grid-item\" role=\"listitem\">\n\t\t\t\t\t<a class=\"elementor-icon elementor-social-icon elementor-social-icon-google-plus elementor-animation-grow elementor-repeater-item-84df313\" target=\"_blank\">\n\t\t\t\t\t\t<span class=\"elementor-screen-only\">Google-plus<\/span>\n\t\t\t\t\t\t<i aria-hidden=\"true\" class=\"fab fa-google-plus\"><\/i>\t\t\t\t\t<\/a>\n\t\t\t\t<\/span>\n\t\t\t\t\t<\/div>\n\t\t\t\t\t\t<\/div>\n\t\t\t\t<\/div>\n\t\t\t\t\t<\/div>\n\t\t<\/div>\n\t\t\t\t\t<\/div>\n\t\t<\/section>\n\t\t\t\t<\/div>\n\t\t","protected":false},"excerpt":{"rendered":"<p>AllX-TANKCOPTERXERALL ATD Introducing the XERALL ADT: The Ultimate All-Terrain Drone Take a look at XERALL\u00a0ATD incredible drone, designed to navigate through rough terrain, capable of vertical takeoff and landing, and even swimming. This appears to be the ideal configuration and UPDATE 23\/01\/2019 INDIEGOGO CAMPAIGN We are happy to announce we have launched the Crowdfunding campaign [&hellip;]<!-- AddThis Advanced Settings generic via filter on wp_trim_excerpt --><!-- AddThis Share Buttons generic via filter on wp_trim_excerpt --><\/p>\n","protected":false},"author":1,"featured_media":0,"parent":0,"menu_order":0,"comment_status":"closed","ping_status":"closed","template":"","meta":{"_acf_changed":false,"om_disable_all_campaigns":false,"_monsterinsights_skip_tracking":false,"_monsterinsights_sitenote_active":false,"_monsterinsights_sitenote_note":"","_monsterinsights_sitenote_category":0,"footnotes":""},"class_list":["post-10498","page","type-page","status-publish","hentry"],"acf":[],"_links":{"self":[{"href":"https:\/\/xerall.com\/pl\/wp-json\/wp\/v2\/pages\/10498","targetHints":{"allow":["GET"]}}],"collection":[{"href":"https:\/\/xerall.com\/pl\/wp-json\/wp\/v2\/pages"}],"about":[{"href":"https:\/\/xerall.com\/pl\/wp-json\/wp\/v2\/types\/page"}],"author":[{"embeddable":true,"href":"https:\/\/xerall.com\/pl\/wp-json\/wp\/v2\/users\/1"}],"replies":[{"embeddable":true,"href":"https:\/\/xerall.com\/pl\/wp-json\/wp\/v2\/comments?post=10498"}],"version-history":[{"count":2,"href":"https:\/\/xerall.com\/pl\/wp-json\/wp\/v2\/pages\/10498\/revisions"}],"predecessor-version":[{"id":12336,"href":"https:\/\/xerall.com\/pl\/wp-json\/wp\/v2\/pages\/10498\/revisions\/12336"}],"wp:attachment":[{"href":"https:\/\/xerall.com\/pl\/wp-json\/wp\/v2\/media?parent=10498"}],"curies":[{"name":"wp","href":"https:\/\/api.w.org\/{rel}","templated":true}]}}