{"id":6002,"date":"2020-05-20T09:10:29","date_gmt":"2020-05-20T07:10:29","guid":{"rendered":"https:\/\/xerall.com\/o\/"},"modified":"2022-12-17T15:36:18","modified_gmt":"2022-12-17T14:36:18","slug":"o","status":"publish","type":"page","link":"https:\/\/xerall.com\/pl\/o\/","title":{"rendered":"O nas"},"content":{"rendered":"\t\t<div data-elementor-type=\"wp-page\" data-elementor-id=\"6002\" class=\"elementor elementor-6002 elementor-323\">\n\t\t\t\t\t\t<section class=\"elementor-section elementor-top-section elementor-element elementor-element-d48ce0e elementor-section-boxed elementor-section-height-default elementor-section-height-default\" data-id=\"d48ce0e\" data-element_type=\"section\" data-e-type=\"section\">\n\t\t\t\t\t\t<div class=\"elementor-container elementor-column-gap-default\">\n\t\t\t\t\t<div class=\"elementor-column elementor-col-100 elementor-top-column elementor-element elementor-element-ab0e755\" data-id=\"ab0e755\" data-element_type=\"column\" data-e-type=\"column\">\n\t\t\t<div class=\"elementor-widget-wrap elementor-element-populated\">\n\t\t\t\t\t\t<div class=\"elementor-element elementor-element-db58cb4 elementor-widget elementor-widget-text-editor\" data-id=\"db58cb4\" data-element_type=\"widget\" data-e-type=\"widget\" data-widget_type=\"text-editor.default\">\n\t\t\t\t<div class=\"elementor-widget-container\">\n\t\t\t\t\t\t\t\t\t<p>Xerall jest zarejestrowan\u0105 mark\u0105 firmy B-Technology Sp z o.o. specjalizuj\u0105cej si\u0119 w projektowaniu, oraz produkcji innowacyjnych dron\u00f3w wielo\u015brodowiskowych, robot\u00f3w i elektroniki u\u017cytkowej. Naszym celem jest wprowadzenie nowych technologii w dziedzinie dron\u00f3w i transportu wielo\u015brodowiskowego z naciskiem na rozw\u00f3j zaawansowanych mo\u017cliwo\u015bci lokomocji. Mamy nadziej\u0119 stworzy\u0107 drona \/ pojazd, kt\u00f3ry b\u0119dzie m\u00f3g\u0142 si\u0119 porusza\u0107 w ka\u017cdym \u015brodowisku, wodzie, ziemi i w powietrzu. Nasz pierwszy produkt, na platformie Kickstarter zebra\u0142 122 000 GBP. Druga kampania na platformie Indiegogo osi\u0105gn\u0119\u0142a 47 000 USD. Od tamtej pory pr\u0119\u017cnie si\u0119 rozwijamy, mamy nadziej\u0119 skalowa\u0107 nasz wynalazek do wielko\u015bci za\u0142ogowego pojazdu (EVTOL), obecnie prowadzimy prace badawczo-rozwojowe nad takim pojazdem, wi\u0119cej na: https:\/\/beccarii.com\/ Nasz wynalazek jest chroniony przyznanym patentem mi\u0119dzynarodowy.<br \/>Obejmuje on ok 100 kraj\u00f3w \u015bwiata. W naszej kr\u00f3tkiej historii mieli\u015bmy niesamowit\u0105 okazj\u0119, aby zaprezentowa\u0107 naszego innowacyjnego drona w filmie Sylvestra Stallone\u2019a The Expendables 3.<\/p>\n\t\t\t\t\t\t\t\t<\/div>\n\t\t\t\t<\/div>\n\t\t\t\t\t<\/div>\n\t\t<\/div>\n\t\t\t\t\t<\/div>\n\t\t<\/section>\n\t\t\t\t<section class=\"elementor-section elementor-top-section elementor-element elementor-element-3122205 elementor-section-boxed elementor-section-height-default elementor-section-height-default\" data-id=\"3122205\" data-element_type=\"section\" data-e-type=\"section\">\n\t\t\t\t\t\t<div class=\"elementor-container elementor-column-gap-default\">\n\t\t\t\t\t<div class=\"elementor-column elementor-col-100 elementor-top-column elementor-element elementor-element-33f355a\" data-id=\"33f355a\" data-element_type=\"column\" data-e-type=\"column\">\n\t\t\t<div class=\"elementor-widget-wrap elementor-element-populated\">\n\t\t\t\t\t\t<div class=\"elementor-element elementor-element-423a574 elementor-widget elementor-widget-spacer\" data-id=\"423a574\" data-element_type=\"widget\" data-e-type=\"widget\" data-widget_type=\"spacer.default\">\n\t\t\t\t<div class=\"elementor-widget-container\">\n\t\t\t\t\t\t\t<div class=\"elementor-spacer\">\n\t\t\t<div class=\"elementor-spacer-inner\"><\/div>\n\t\t<\/div>\n\t\t\t\t\t\t<\/div>\n\t\t\t\t<\/div>\n\t\t\t\t\t<\/div>\n\t\t<\/div>\n\t\t\t\t\t<\/div>\n\t\t<\/section>\n\t\t\t\t<\/div>\n\t\t<!-- AddThis Advanced Settings generic via filter on the_content --><!-- AddThis Share Buttons generic via filter on the_content -->","protected":false},"excerpt":{"rendered":"<p>Xerall jest zarejestrowan\u0105 mark\u0105 firmy B-Technology Sp z o.o. specjalizuj\u0105cej si\u0119 w projektowaniu, oraz produkcji innowacyjnych dron\u00f3w wielo\u015brodowiskowych, robot\u00f3w i elektroniki u\u017cytkowej. Naszym celem jest wprowadzenie nowych technologii w dziedzinie dron\u00f3w i transportu wielo\u015brodowiskowego z naciskiem na rozw\u00f3j zaawansowanych mo\u017cliwo\u015bci lokomocji. Mamy nadziej\u0119 stworzy\u0107 drona \/ pojazd, kt\u00f3ry b\u0119dzie m\u00f3g\u0142 si\u0119 porusza\u0107 w ka\u017cdym \u015brodowisku, [&hellip;]<!-- AddThis Advanced Settings generic via filter on wp_trim_excerpt --><!-- AddThis Share Buttons generic via filter on wp_trim_excerpt --><\/p>\n","protected":false},"author":1,"featured_media":0,"parent":0,"menu_order":0,"comment_status":"closed","ping_status":"closed","template":"","meta":{"_acf_changed":false,"om_disable_all_campaigns":false,"_monsterinsights_skip_tracking":false,"_monsterinsights_sitenote_active":false,"_monsterinsights_sitenote_note":"","_monsterinsights_sitenote_category":0,"footnotes":""},"class_list":["post-6002","page","type-page","status-publish","hentry"],"acf":[],"_links":{"self":[{"href":"https:\/\/xerall.com\/pl\/wp-json\/wp\/v2\/pages\/6002","targetHints":{"allow":["GET"]}}],"collection":[{"href":"https:\/\/xerall.com\/pl\/wp-json\/wp\/v2\/pages"}],"about":[{"href":"https:\/\/xerall.com\/pl\/wp-json\/wp\/v2\/types\/page"}],"author":[{"embeddable":true,"href":"https:\/\/xerall.com\/pl\/wp-json\/wp\/v2\/users\/1"}],"replies":[{"embeddable":true,"href":"https:\/\/xerall.com\/pl\/wp-json\/wp\/v2\/comments?post=6002"}],"version-history":[{"count":0,"href":"https:\/\/xerall.com\/pl\/wp-json\/wp\/v2\/pages\/6002\/revisions"}],"wp:attachment":[{"href":"https:\/\/xerall.com\/pl\/wp-json\/wp\/v2\/media?parent=6002"}],"curies":[{"name":"wp","href":"https:\/\/api.w.org\/{rel}","templated":true}]}}