{"id":6060,"date":"2020-05-20T10:21:48","date_gmt":"2020-05-20T08:21:48","guid":{"rendered":"https:\/\/xerall.com\/pobierz\/"},"modified":"2022-11-16T21:17:45","modified_gmt":"2022-11-16T20:17:45","slug":"pobierz","status":"publish","type":"page","link":"https:\/\/xerall.com\/pl\/pobierz\/","title":{"rendered":"Pobierz"},"content":{"rendered":"\t\t<div data-elementor-type=\"wp-page\" data-elementor-id=\"6060\" class=\"elementor elementor-6060 elementor-1117\">\n\t\t\t\t\t\t<section class=\"elementor-section elementor-top-section elementor-element elementor-element-bfbca62 elementor-section-boxed elementor-section-height-default elementor-section-height-default\" data-id=\"bfbca62\" data-element_type=\"section\" data-e-type=\"section\">\n\t\t\t\t\t\t<div class=\"elementor-container elementor-column-gap-default\">\n\t\t\t\t\t<div class=\"elementor-column elementor-col-100 elementor-top-column elementor-element elementor-element-27d25ea\" data-id=\"27d25ea\" data-element_type=\"column\" data-e-type=\"column\">\n\t\t\t<div class=\"elementor-widget-wrap elementor-element-populated\">\n\t\t\t\t\t\t<div class=\"elementor-element elementor-element-9b32b05 elementor-widget elementor-widget-text-editor\" data-id=\"9b32b05\" data-element_type=\"widget\" data-e-type=\"widget\" data-widget_type=\"text-editor.default\">\n\t\t\t\t<div class=\"elementor-widget-container\">\n\t\t\t\t\t\t\t\t\t<p><strong>Pliki X-TANKCOPTER:<\/strong><\/p>\n<p><a href=\"https:\/\/xerall.com\/wp-content\/uploads\/2018\/08\/xerall-x-tankcopter-drone-mobile-app-user-guide.pdf\">Instrukcja obs\u0142ugi aplikacji na smartfona<\/a><\/p>\n<div class=\"wpb_row vc_row vc_row-fluid jupiter-donut- mk-fullwidth-false attched-false js-master-row mk-grid mk-in-viewport\" data-mk-stretch-content=\"true\">\n<div class=\"vc_col-sm-12 wpb_column column_container jupiter-donut- _ jupiter-donut-height-full\">\n<div class=\" vc_custom_1553760754462\">\n<div id=\"text-block-4\" class=\"mk-text-block jupiter-donut- \">\n<p><a href=\"https:\/\/xerall.com\/wp-content\/uploads\/2019\/03\/x-tankcopter-instruction-manual.pdf\">Instrukcja obs\u0142ugi drona<\/a><\/p>\n<\/div>\n<\/div>\n<div class=\" vc_custom_1559544266405\">\n<div id=\"text-block-5\" class=\"mk-text-block jupiter-donut- \">\n<p><a href=\"https:\/\/xerall.com\/wp-content\/uploads\/2019\/06\/xerall-x-tankcopter-vr-instruction-manual.pdf\">Instrukcja obs\u0142ugi gogli VR<\/a><\/p>\n<p><a href=\"https:\/\/xerall.com\/wp-content\/uploads\/2021\/07\/X-TANKCOPTER-Upgrade-1-wheel-gears.zip\">Zmodernizowane ko\u0142o, przek\u0142adnie, 3D STL do wydruku<\/a><\/p>\n<div class=\"clearboth\"> <\/div>\n<\/div>\n<\/div>\n<\/div>\n<\/div>\n<div class=\"wpb_row vc_row vc_row-fluid jupiter-donut- mk-fullwidth-false attched-false js-master-row mk-grid mk-in-viewport\" data-mk-stretch-content=\"true\">\n<div class=\"vc_col-sm-12 wpb_column column_container jupiter-donut- _ jupiter-donut-height-full\">\n<div class=\" vc_custom_1533414292481\">\n<div id=\"text-block-7\" class=\"mk-text-block jupiter-donut- \">\n<p><strong>Pliki BEX CarCopter:<\/strong><\/p>\n<p><a href=\"https:\/\/xerall.com\/wp-content\/uploads\/2018\/08\/syntax-update.zip\">Aktualizacja oprogramowania <\/a><\/p>\n<\/div>\n<\/div>\n<\/div>\n<\/div>\n<div class=\"wpb_row vc_row vc_row-fluid jupiter-donut- mk-fullwidth-false attched-false js-master-row mk-grid mk-in-viewport\" data-mk-stretch-content=\"true\">\n<div class=\"vc_col-sm-12 wpb_column column_container jupiter-donut- _ jupiter-donut-height-full\">\n<div class=\" vc_custom_1550703435638\">\n<div id=\"text-block-9\" class=\"mk-text-block jupiter-donut- \">\n<p><a href=\"https:\/\/xerall.com\/wp-content\/uploads\/2019\/02\/b-ex-en-manual-hires.pdf\">Instrukcja obs\u0142ugi B-EX CarCopter<\/a><\/p>\n<p><a href=\"https:\/\/xerall.com\/wp-content\/uploads\/2019\/02\/car-esc.pdf\">Instrukcja ESC B-EX CARCOPTER<\/a><\/p>\n<\/div>\n<\/div>\n<\/div>\n<\/div>\n\t\t\t\t\t\t\t\t<\/div>\n\t\t\t\t<\/div>\n\t\t\t\t\t<\/div>\n\t\t<\/div>\n\t\t\t\t\t<\/div>\n\t\t<\/section>\n\t\t\t\t<section class=\"elementor-section elementor-top-section elementor-element elementor-element-0b68b8d elementor-section-boxed elementor-section-height-default elementor-section-height-default\" data-id=\"0b68b8d\" data-element_type=\"section\" data-e-type=\"section\">\n\t\t\t\t\t\t<div class=\"elementor-container elementor-column-gap-default\">\n\t\t\t\t\t<div class=\"elementor-column elementor-col-100 elementor-top-column elementor-element elementor-element-c9780b3\" data-id=\"c9780b3\" data-element_type=\"column\" data-e-type=\"column\">\n\t\t\t<div class=\"elementor-widget-wrap elementor-element-populated\">\n\t\t\t\t\t\t<div class=\"elementor-element elementor-element-4996abb elementor-widget elementor-widget-spacer\" data-id=\"4996abb\" data-element_type=\"widget\" data-e-type=\"widget\" data-widget_type=\"spacer.default\">\n\t\t\t\t<div class=\"elementor-widget-container\">\n\t\t\t\t\t\t\t<div class=\"elementor-spacer\">\n\t\t\t<div class=\"elementor-spacer-inner\"><\/div>\n\t\t<\/div>\n\t\t\t\t\t\t<\/div>\n\t\t\t\t<\/div>\n\t\t\t\t\t<\/div>\n\t\t<\/div>\n\t\t\t\t\t<\/div>\n\t\t<\/section>\n\t\t\t\t<\/div>\n\t\t<!-- AddThis Advanced Settings generic via filter on the_content --><!-- AddThis Share Buttons generic via filter on the_content -->","protected":false},"excerpt":{"rendered":"<p>Pliki X-TANKCOPTER: Instrukcja obs\u0142ugi aplikacji na smartfona Instrukcja obs\u0142ugi drona Instrukcja obs\u0142ugi gogli VR Zmodernizowane ko\u0142o, przek\u0142adnie, 3D STL do wydruku Pliki BEX CarCopter: Aktualizacja oprogramowania Instrukcja obs\u0142ugi B-EX CarCopter Instrukcja ESC B-EX CARCOPTER<!-- AddThis Advanced Settings generic via filter on wp_trim_excerpt --><!-- AddThis Share Buttons generic via filter on wp_trim_excerpt --><\/p>\n","protected":false},"author":1,"featured_media":0,"parent":0,"menu_order":0,"comment_status":"closed","ping_status":"closed","template":"","meta":{"_acf_changed":false,"om_disable_all_campaigns":false,"_monsterinsights_skip_tracking":false,"_monsterinsights_sitenote_active":false,"_monsterinsights_sitenote_note":"","_monsterinsights_sitenote_category":0,"footnotes":""},"class_list":["post-6060","page","type-page","status-publish","hentry"],"acf":[],"_links":{"self":[{"href":"https:\/\/xerall.com\/pl\/wp-json\/wp\/v2\/pages\/6060","targetHints":{"allow":["GET"]}}],"collection":[{"href":"https:\/\/xerall.com\/pl\/wp-json\/wp\/v2\/pages"}],"about":[{"href":"https:\/\/xerall.com\/pl\/wp-json\/wp\/v2\/types\/page"}],"author":[{"embeddable":true,"href":"https:\/\/xerall.com\/pl\/wp-json\/wp\/v2\/users\/1"}],"replies":[{"embeddable":true,"href":"https:\/\/xerall.com\/pl\/wp-json\/wp\/v2\/comments?post=6060"}],"version-history":[{"count":0,"href":"https:\/\/xerall.com\/pl\/wp-json\/wp\/v2\/pages\/6060\/revisions"}],"wp:attachment":[{"href":"https:\/\/xerall.com\/pl\/wp-json\/wp\/v2\/media?parent=6060"}],"curies":[{"name":"wp","href":"https:\/\/api.w.org\/{rel}","templated":true}]}}