{"id":11212,"date":"2022-12-16T13:24:29","date_gmt":"2022-12-16T12:24:29","guid":{"rendered":"https:\/\/xerall.com\/product\/maya\/"},"modified":"2026-04-26T06:26:29","modified_gmt":"2026-04-26T04:26:29","slug":"maya","status":"publish","type":"product","link":"https:\/\/xerall.com\/pl\/produkt\/maya\/","title":{"rendered":"MAYA"},"content":{"rendered":"<p style=\"text-align: center;\"><img fetchpriority=\"high\" decoding=\"async\" class=\"aligncenter wp-image-11099 size-full\" src=\"https:\/\/xerall.com\/wp-content\/uploads\/2022\/12\/MAYA-A-content-1-1464x600-3.jpg\" alt=\"\" width=\"1464\" height=\"600\" srcset=\"https:\/\/xerall.com\/wp-content\/uploads\/2022\/12\/MAYA-A-content-1-1464x600-3.jpg 1464w, https:\/\/xerall.com\/wp-content\/uploads\/2022\/12\/MAYA-A-content-1-1464x600-3-1000x410.jpg 1000w, https:\/\/xerall.com\/wp-content\/uploads\/2022\/12\/MAYA-A-content-1-1464x600-3-300x123.jpg 300w, https:\/\/xerall.com\/wp-content\/uploads\/2022\/12\/MAYA-A-content-1-1464x600-3-1024x420.jpg 1024w, https:\/\/xerall.com\/wp-content\/uploads\/2022\/12\/MAYA-A-content-1-1464x600-3-768x315.jpg 768w\" sizes=\"(max-width: 1464px) 100vw, 1464px\" \/><\/p>\n<p style=\"text-align: center;\">POZNAJ MAY\u0118, NAJMNIEJSZEGO DRONA W RODZINIE XERALL &#8211; Bardzo stabilny i \u0142atwy w obs\u0142udze dla pocz\u0105tkuj\u0105cych pilot\u00f3w. Nie daj si\u0119 zwie\u015b\u0107 jego niewielkim rozmiarom, jest wyposa\u017cony w wiele funkcji: automatyczny start i l\u0105dowanie, kamer\u0119 wideo z transmisj\u0105 na \u017cywo (FPV), niestandardow\u0105 tras\u0119, funkcj\u0119 bezg\u0142ow\u0105 i wiele innych &#8230;<\/p>\n<p>&nbsp;<\/p>\n<p>&nbsp;<br \/>\n&nbsp;<\/p>\n<p style=\"text-align: center;\"><img decoding=\"async\" class=\"wp-image-11135 size-full aligncenter\" src=\"https:\/\/xerall.com\/wp-content\/uploads\/2022\/12\/4-MAYA-600x350-2.jpg\" alt=\"\" width=\"650\" height=\"350\" srcset=\"https:\/\/xerall.com\/wp-content\/uploads\/2022\/12\/4-MAYA-600x350-2.jpg 650w, https:\/\/xerall.com\/wp-content\/uploads\/2022\/12\/4-MAYA-600x350-2-300x162.jpg 300w\" sizes=\"(max-width: 650px) 100vw, 650px\" \/><\/p>\n<p style=\"text-align: center;\"><strong>KAMERA WIDEO Z TRANSMISJ\u0104 WIDEO NA \u017bYWO (FPV)<\/strong><\/p>\n<p style=\"text-align: center;\">Dron wyposa\u017cony jest w kamer\u0119 FPV 640x480p transmisji, co oznacza, \u017ce podczas lotu mo\u017cna wy\u015bwietla\u0107 obraz na \u017cywo w czasie rzeczywistym na smartfonie<\/p>\n<p style=\"text-align: center;\"><img decoding=\"async\" class=\"wp-image-11141 size-full aligncenter\" src=\"https:\/\/xerall.com\/wp-content\/uploads\/2022\/12\/8-MAYA-600x350-1.jpg\" alt=\"\" width=\"600\" height=\"350\" srcset=\"https:\/\/xerall.com\/wp-content\/uploads\/2022\/12\/8-MAYA-600x350-1.jpg 600w, https:\/\/xerall.com\/wp-content\/uploads\/2022\/12\/8-MAYA-600x350-1-300x175.jpg 300w\" sizes=\"(max-width: 600px) 100vw, 600px\" \/><\/p>\n<p style=\"text-align: center;\"><strong>APLIKACJA NA SMARTFONY<\/strong><\/p>\n<p style=\"text-align: center;\">Aplikacja kompatybilna z systemami operacyjnymi Apple i Android. Aplikacja umo\u017cliwia pe\u0142n\u0105 kontrol\u0119 nad dronem, nagrywanie wideo, robienie zdj\u0119\u0107, strumieniowe przesy\u0142anie wideo na \u017cywo, wy\u015bwietlanie: poziomu na\u0142adowania baterii, wysoko\u015bci, si\u0142y sygna\u0142u i innych<\/p>\n<p style=\"text-align: center;\"><img loading=\"lazy\" decoding=\"async\" class=\"wp-image-11147 aligncenter\" src=\"https:\/\/xerall.com\/wp-content\/uploads\/2022\/12\/AUTO-TAKE-OFF-650X350-300x162.jpg\" alt=\"\" width=\"650\" height=\"350\" srcset=\"https:\/\/xerall.com\/wp-content\/uploads\/2022\/12\/AUTO-TAKE-OFF-650X350-300x162.jpg 300w, https:\/\/xerall.com\/wp-content\/uploads\/2022\/12\/AUTO-TAKE-OFF-650X350.jpg 700w\" sizes=\"(max-width: 650px) 100vw, 650px\" \/><\/p>\n<p style=\"text-align: center;\"><strong>AUTOMATYCZNY START I L\u0104DOWANIE<\/strong><\/p>\n<p style=\"text-align: center;\">Po naci\u015bni\u0119ciu przycisku dron startuje i l\u0105duje automatycznie<\/p>\n<p style=\"text-align: center;\"><img loading=\"lazy\" decoding=\"async\" class=\"aligncenter wp-image-11153 size-full\" src=\"https:\/\/xerall.com\/wp-content\/uploads\/2022\/12\/small-size-and-weight-650x350-3.jpg\" alt=\"\" width=\"650\" height=\"350\" srcset=\"https:\/\/xerall.com\/wp-content\/uploads\/2022\/12\/small-size-and-weight-650x350-3.jpg 650w, https:\/\/xerall.com\/wp-content\/uploads\/2022\/12\/small-size-and-weight-650x350-3-300x162.jpg 300w\" sizes=\"(max-width: 650px) 100vw, 650px\" \/><\/p>\n<p style=\"text-align: center;\"><strong>MA\u0141Y ROZMIAR I LEKKO\u015a\u0106<\/strong><\/p>\n<p style=\"text-align: center;\">Niewielkie rozmiary i lekko\u015b\u0107 (24 gramy) sprawiaj\u0105, \u017ce ten dron jest bezpieczny w obs\u0142udze i praktycznie niezniszczalny. Dodatkowo dron wyposa\u017cony jest w os\u0142ony \u015bmigie\u0142, kt\u00f3re chroni\u0105 otoczenie i drona przed uszkodzeniem.<\/p>\n<p style=\"text-align: center;\"><img loading=\"lazy\" decoding=\"async\" class=\"wp-image-11159 aligncenter\" src=\"https:\/\/xerall.com\/wp-content\/uploads\/2022\/12\/CUSTOM-ROUTE-650x350-1-300x162.jpg\" alt=\"\" width=\"650\" height=\"350\" srcset=\"https:\/\/xerall.com\/wp-content\/uploads\/2022\/12\/CUSTOM-ROUTE-650x350-1-300x162.jpg 300w, https:\/\/xerall.com\/wp-content\/uploads\/2022\/12\/CUSTOM-ROUTE-650x350-1.jpg 700w\" sizes=\"(max-width: 650px) 100vw, 650px\" \/><\/p>\n<p style=\"text-align: center;\"><strong>NIESTANDARDOWA TRASA LOTU<\/strong><\/p>\n<p style=\"text-align: center;\">Wystarczy narysowa\u0107 \u015bcie\u017ck\u0119 na ekranie smartfona, dron pod\u0105\u017cy za ni\u0105 autonomicznie<\/p>\n<p style=\"text-align: center;\"><img loading=\"lazy\" decoding=\"async\" class=\"aligncenter wp-image-11165\" src=\"https:\/\/xerall.com\/wp-content\/uploads\/2022\/12\/altitude-hold-650x350-1-300x162.jpg\" alt=\"\" width=\"650\" height=\"350\" srcset=\"https:\/\/xerall.com\/wp-content\/uploads\/2022\/12\/altitude-hold-650x350-1-300x162.jpg 300w, https:\/\/xerall.com\/wp-content\/uploads\/2022\/12\/altitude-hold-650x350-1.jpg 700w\" sizes=\"(max-width: 650px) 100vw, 650px\" \/><\/p>\n<p style=\"text-align: center;\"><strong>FUNKCJA ZATRZYMANIA WYSOKO\u015aCI<\/strong><\/p>\n<p style=\"text-align: center;\">Dron b\u0119dzie monitorowa\u0142 i utrzymywa\u0142 sta\u0142\u0105 wysoko\u015b\u0107, dzi\u0119ki czemu mo\u017cesz skupi\u0107 si\u0119 na lataniu<\/p>\n<p style=\"text-align: center;\"><strong>ZESTAW ZAWIERA:<\/strong><br \/>\n1 x w pe\u0142ni zmontowany dron MAYA (RTF)<br \/>\n1 kontroler radiowy 2,4 GHz z uchwytem na smartfon<br \/>\n1 x bateria 3,7 V 180mAh<br \/>\n1 x \u0142adowarka<br \/>\n4 x zapasowe \u015bmig\u0142a<\/p>\n<p style=\"text-align: center;\"><strong>SPECYFIKACJE TECHNICZNE:<\/strong><br \/>\nWaga drona: 24 g<\/p>\n<p style=\"text-align: center;\"><strong>KAMERA<\/strong><br \/>\nKamera wideo: 640 x 480p<\/p>\n<p style=\"text-align: center;\"><strong>TRANSMISJA OBRAZU VIDEO NA \u017bYWO<\/strong><br \/>\nCz\u0119stotliwo\u015b\u0107 pracy: WiFi (2,4 GHz)<br \/>\nPodgl\u0105d na \u017cywo: smartfon (aplikacja na iOS lub Androida)<\/p>\n<p style=\"text-align: center;\"><strong>GOGLE VR<\/strong><br \/>\nKompatybilny (gogle VR nie s\u0105 do\u0142\u0105czone)<\/p>\n<p style=\"text-align: center;\"><strong>\u0141ADOWARKA<\/strong><br \/>\nTyp adaptera: USB<br \/>\nCzas \u0142adowania: 25-30 min<\/p>\n<p style=\"text-align: center;\"><strong>BATERIA<\/strong><\/p>\n<p style=\"text-align: center;\">W ZESTAWIE ZNAJDUJ\u0104 SI\u0118 DWIE BATERIE!<br \/>\nPojemno\u015b\u0107: 180mAh<br \/>\nTyp baterii: Li-Po<br \/>\nNapi\u0119cie: 3,7 V<\/p>\n<p style=\"text-align: center;\"><strong>CZAS PACY<\/strong><br \/>\nMaksymalny czas lotu: 5-6 minut, 10-12 minut z do\u0142\u0105czonymi dwiema bateriami<\/p>\n<p style=\"text-align: center;\"><strong>APLIKACJA NA SMARTFONY<\/strong><br \/>\nAplikacja kompatybilna z systemami operacyjnymi Apple i Android<br \/>\nTryb sterowania: za pomoc\u0105 przycisk\u00f3w ekranowych lub wewn\u0119trznych IMU (dron b\u0119dzie pod\u0105\u017ca\u0142 za ruchem smartfona)<br \/>\nWay-punkty: wystarczy narysowa\u0107 \u015bcie\u017ck\u0119 na ekranie smartfona, dron b\u0119dzie pod\u0105\u017ca\u0107 za nim autonomicznie<br \/>\nR\u00f3b zdj\u0119cia, nagrywaj filmy i nie tylko.<\/p>\n<p style=\"text-align: center;\">Pobierz aplikacj\u0119 tutaj:<\/p>\n<p style=\"text-align: center;\"><a href=\"https:\/\/play.google.com\/store\/apps\/details?id=com.udirc.xerall&amp;hl=en\" target=\"_blank\" rel=\"noopener\"><img loading=\"lazy\" decoding=\"async\" class=\"aligncenter wp-image-1201\" src=\"https:\/\/xerall.com\/wp-content\/uploads\/2018\/06\/google-play-1000.png\" alt=\"\" width=\"200\" height=\"61\"><\/a><\/p>\n<p><a href=\"https:\/\/apps.apple.com\/us\/app\/xerall\/id1398763430\" target=\"_blank\" rel=\"noopener\"><img loading=\"lazy\" decoding=\"async\" class=\"size-full wp-image-1203 aligncenter\" src=\"https:\/\/xerall.com\/wp-content\/uploads\/2018\/06\/appple-store-badge-100.png\" alt=\"\" width=\"200\" height=\"61\" srcset=\"https:\/\/xerall.com\/wp-content\/uploads\/2018\/06\/appple-store-badge-100.png 200w, https:\/\/xerall.com\/wp-content\/uploads\/2018\/06\/appple-store-badge-100-100x31.png 100w\" sizes=\"(max-width: 200px) 100vw, 200px\" \/><\/a><\/p>\n<!-- AddThis Advanced Settings generic via filter on the_content --><!-- AddThis Share Buttons generic via filter on the_content -->","protected":false},"excerpt":{"rendered":"<p>POZNAJ MAY\u0118, NAJMNIEJSZEGO DRONA W RODZINIE XERALL<!-- AddThis Advanced Settings generic via filter on wp_trim_excerpt --><!-- AddThis Share Buttons generic via filter on wp_trim_excerpt --><\/p>\n","protected":false},"featured_media":11105,"template":"","meta":{"_acf_changed":false,"om_disable_all_campaigns":false,"_monsterinsights_skip_tracking":false,"_monsterinsights_sitenote_active":false,"_monsterinsights_sitenote_note":"","_monsterinsights_sitenote_category":0},"product_brand":[],"product_cat":[235],"product_tag":[406],"class_list":{"0":"post-11212","1":"product","2":"type-product","3":"status-publish","4":"has-post-thumbnail","6":"product_cat-modele","7":"product_tag-maya-pl","9":"first","10":"instock","11":"sale","12":"taxable","13":"shipping-taxable","14":"purchasable","15":"product-type-simple"},"acf":[],"_links":{"self":[{"href":"https:\/\/xerall.com\/pl\/wp-json\/wp\/v2\/product\/11212","targetHints":{"allow":["GET"]}}],"collection":[{"href":"https:\/\/xerall.com\/pl\/wp-json\/wp\/v2\/product"}],"about":[{"href":"https:\/\/xerall.com\/pl\/wp-json\/wp\/v2\/types\/product"}],"wp:featuredmedia":[{"embeddable":true,"href":"https:\/\/xerall.com\/pl\/wp-json\/wp\/v2\/media\/11105"}],"wp:attachment":[{"href":"https:\/\/xerall.com\/pl\/wp-json\/wp\/v2\/media?parent=11212"}],"wp:term":[{"taxonomy":"product_brand","embeddable":true,"href":"https:\/\/xerall.com\/pl\/wp-json\/wp\/v2\/product_brand?post=11212"},{"taxonomy":"product_cat","embeddable":true,"href":"https:\/\/xerall.com\/pl\/wp-json\/wp\/v2\/product_cat?post=11212"},{"taxonomy":"product_tag","embeddable":true,"href":"https:\/\/xerall.com\/pl\/wp-json\/wp\/v2\/product_tag?post=11212"}],"curies":[{"name":"wp","href":"https:\/\/api.w.org\/{rel}","templated":true}]}}