{"id":11262,"date":"2022-12-18T22:59:14","date_gmt":"2022-12-18T21:59:14","guid":{"rendered":"https:\/\/xerall.com\/product\/x\/"},"modified":"2026-02-26T15:47:47","modified_gmt":"2026-02-26T14:47:47","slug":"vivi","status":"publish","type":"product","link":"https:\/\/xerall.com\/pl\/produkt\/vivi\/","title":{"rendered":"VIVI DRONE Z APLIKACJ\u0104 NA SMARTFONY Z KAMER\u0104 HD"},"content":{"rendered":"<p><img fetchpriority=\"high\" decoding=\"async\" class=\"aligncenter wp-image-11350 size-full\" src=\"https:\/\/xerall.com\/wp-content\/uploads\/2022\/12\/VIVI-A-content-1-1464x600-2.jpg\" alt=\"\" width=\"1464\" height=\"600\" srcset=\"https:\/\/xerall.com\/wp-content\/uploads\/2022\/12\/VIVI-A-content-1-1464x600-2.jpg 1464w, https:\/\/xerall.com\/wp-content\/uploads\/2022\/12\/VIVI-A-content-1-1464x600-2-300x123.jpg 300w, https:\/\/xerall.com\/wp-content\/uploads\/2022\/12\/VIVI-A-content-1-1464x600-2-1024x420.jpg 1024w, https:\/\/xerall.com\/wp-content\/uploads\/2022\/12\/VIVI-A-content-1-1464x600-2-768x315.jpg 768w, https:\/\/xerall.com\/wp-content\/uploads\/2022\/12\/VIVI-A-content-1-1464x600-2-1000x410.jpg 1000w\" sizes=\"(max-width: 1464px) 100vw, 1464px\" \/><\/p>\n<p>&nbsp;<\/p>\n<p style=\"text-align: center;\">POZNAJ VIVI, NAJMNIEJSZEGO DRONA XERALL Z KAMER\u0104 HD &#8211; Bardzo stabilny i \u0142atwy w obs\u0142udze dla pocz\u0105tkuj\u0105cych pilot\u00f3w. Nie daj si\u0119 zwie\u015b\u0107 jego niewielkim rozmiarom, jest wyposa\u017cony w wiele funkcji: automatyczny start i l\u0105dowanie, kamer\u0119 wideo z transmisj\u0105 na \u017cywo w jako\u015bci HD (FPV), niestandardow\u0105 tras\u0119, funkcj\u0119 bezg\u0142ow\u0105 i wiele innych &#8230;<\/p>\n<p style=\"text-align: center;\"><img decoding=\"async\" class=\"alignnone wp-image-11377 size-full\" src=\"https:\/\/xerall.com\/wp-content\/uploads\/2022\/12\/VIVI-CAMERA-700.jpg\" alt=\"\" width=\"700\" height=\"377\" srcset=\"https:\/\/xerall.com\/wp-content\/uploads\/2022\/12\/VIVI-CAMERA-700.jpg 700w, https:\/\/xerall.com\/wp-content\/uploads\/2022\/12\/VIVI-CAMERA-700-300x162.jpg 300w\" sizes=\"(max-width: 700px) 100vw, 700px\" \/><\/p>\n<p style=\"text-align: center;\"><strong>KAMERA WIDEO Z TRANSMISJ\u0104 WIDEO W JAKO\u015aCI HD (FPV)<\/strong><\/p>\n<p style=\"text-align: center;\">Dron wyposa\u017cony jest w transmisj\u0119 kamery FPV HD 720p, co oznacza, \u017ce podczas lotu mo\u017cna wy\u015bwietla\u0107 obrazy na \u017cywo w czasie rzeczywistym na smartfonie<\/p>\n<p><img decoding=\"async\" class=\"aligncenter wp-image-11383 size-full\" src=\"https:\/\/xerall.com\/wp-content\/uploads\/2022\/12\/VIVI-SMARTPHONE-700.jpg\" alt=\"\" width=\"700\" height=\"377\" srcset=\"https:\/\/xerall.com\/wp-content\/uploads\/2022\/12\/VIVI-SMARTPHONE-700.jpg 700w, https:\/\/xerall.com\/wp-content\/uploads\/2022\/12\/VIVI-SMARTPHONE-700-300x162.jpg 300w\" sizes=\"(max-width: 700px) 100vw, 700px\" \/><\/p>\n<p style=\"text-align: center;\"><strong>APLIKACJA NA SMARTFONY<\/strong><\/p>\n<p style=\"text-align: center;\">Aplikacja kompatybilna z systemami operacyjnymi Apple i Android. Aplikacja umo\u017cliwia pe\u0142n\u0105 kontrol\u0119 nad dronem, nagrywanie wideo, robienie zdj\u0119\u0107, strumieniowe przesy\u0142anie wideo na \u017cywo, wy\u015bwietlanie: poziomu na\u0142adowania baterii, wysoko\u015bci, si\u0142y sygna\u0142u i innych<\/p>\n<p><img loading=\"lazy\" decoding=\"async\" class=\"aligncenter wp-image-11389 size-full\" src=\"https:\/\/xerall.com\/wp-content\/uploads\/2022\/12\/vivi-autotake-off.jpg\" alt=\"\" width=\"700\" height=\"377\" srcset=\"https:\/\/xerall.com\/wp-content\/uploads\/2022\/12\/vivi-autotake-off.jpg 700w, https:\/\/xerall.com\/wp-content\/uploads\/2022\/12\/vivi-autotake-off-300x162.jpg 300w\" sizes=\"(max-width: 700px) 100vw, 700px\" \/><\/p>\n<p style=\"text-align: center;\"><strong>AUTOMATYCZNY START I L\u0104DOWANIE<\/strong><\/p>\n<p style=\"text-align: center;\">Po naci\u015bni\u0119ciu przycisku dron startuje i l\u0105duje automatycznie<\/p>\n<p><img loading=\"lazy\" decoding=\"async\" class=\"wp-image-11395 size-full aligncenter\" src=\"https:\/\/xerall.com\/wp-content\/uploads\/2022\/12\/VIVI-rotate-camera-700.jpg\" alt=\"\" width=\"700\" height=\"377\" srcset=\"https:\/\/xerall.com\/wp-content\/uploads\/2022\/12\/VIVI-rotate-camera-700.jpg 700w, https:\/\/xerall.com\/wp-content\/uploads\/2022\/12\/VIVI-rotate-camera-700-300x162.jpg 300w\" sizes=\"(max-width: 700px) 100vw, 700px\" \/><\/p>\n<p style=\"text-align: center;\"><strong>KAMERA Z REGULOWANYM K\u0104TEM<\/strong><\/p>\n<p style=\"text-align: center;\">Kamer\u0119 drona mo\u017cna regulowa\u0107 o 90 stopni. Jest to bardzo wygodne do przechwytywania wideo z r\u00f3\u017cnych perspektyw, kamera mo\u017ce by\u0107 ustawiona tak, aby patrzy\u0142a prosto w d\u00f3\u0142 lub poziomo<\/p>\n<p><img loading=\"lazy\" decoding=\"async\" class=\"aligncenter wp-image-11401 size-full\" src=\"https:\/\/xerall.com\/wp-content\/uploads\/2022\/12\/VIVI-CUSTOM-ROUTE-700.jpg\" alt=\"\" width=\"700\" height=\"377\" srcset=\"https:\/\/xerall.com\/wp-content\/uploads\/2022\/12\/VIVI-CUSTOM-ROUTE-700.jpg 700w, https:\/\/xerall.com\/wp-content\/uploads\/2022\/12\/VIVI-CUSTOM-ROUTE-700-300x162.jpg 300w\" sizes=\"(max-width: 700px) 100vw, 700px\" \/><\/p>\n<p style=\"text-align: center;\"><strong>NIESTANDARDOWA TRASA LOTU<\/strong><\/p>\n<p style=\"text-align: center;\">Wystarczy narysowa\u0107 \u015bcie\u017ck\u0119 na ekranie smartfona, dron pod\u0105\u017cy za ni\u0105 autonomicznie<\/p>\n<p><img loading=\"lazy\" decoding=\"async\" class=\"wp-image-11407 size-full aligncenter\" src=\"https:\/\/xerall.com\/wp-content\/uploads\/2022\/12\/vivi-altitude-hold-700.jpg\" alt=\"\" width=\"700\" height=\"377\" srcset=\"https:\/\/xerall.com\/wp-content\/uploads\/2022\/12\/vivi-altitude-hold-700.jpg 700w, https:\/\/xerall.com\/wp-content\/uploads\/2022\/12\/vivi-altitude-hold-700-300x162.jpg 300w\" sizes=\"(max-width: 700px) 100vw, 700px\" \/><\/p>\n<p style=\"text-align: center;\"><strong>FUNKCJA ZATRZYMANIA WYSOKO\u015aCI<\/strong><\/p>\n<p style=\"text-align: center;\">Dron b\u0119dzie monitorowa\u0142 i utrzymywa\u0142 sta\u0142\u0105 wysoko\u015b\u0107, dzi\u0119ki czemu mo\u017cesz skupi\u0107 si\u0119 na lataniu<\/p>\n<p style=\"text-align: center;\"><strong>ZESTAW ZAWIERA:<\/strong><br \/>\n1 x w pe\u0142ni zmontowany dron VIVI (RTF)<br \/>\n1 kontroler radiowy 2,4 GHz z uchwytem na smartfon<br \/>\n<strong>2 x bateria 3,7 V 500mAh<\/strong><br \/>\n1 x \u0142adowarka<br \/>\n4 x zapasowe \u015bmig\u0142a<\/p>\n<p style=\"text-align: center;\"><strong>SPECYFIKACJE TECHNICZNE:<\/strong><br \/>\nWaga drona: 63 g<\/p>\n<p style=\"text-align: center;\"><strong>KAMERA<\/strong><br \/>\nKamera wideo: HD 720p<\/p>\n<p style=\"text-align: center;\"><strong>TRANSMISJA OBRAZU VIDEO NA \u017bYWO<\/strong><br \/>\nCz\u0119stotliwo\u015b\u0107 pracy: WiFi (2,4 GHz)<br \/>\nPodgl\u0105d na \u017cywo: smartfon (aplikacja na iOS lub Androida)<\/p>\n<p style=\"text-align: center;\"><strong>GOGLE VR<\/strong><br \/>\nKompatybilny (gogle VR nie s\u0105 do\u0142\u0105czone)<\/p>\n<p style=\"text-align: center;\"><strong>\u0141ADOWARKA<\/strong><br \/>\nTyp adaptera: USB<br \/>\nCzas \u0142adowania: 25-30 min<\/p>\n<p style=\"text-align: center;\"><strong>BATERIA<\/strong><\/p>\n<p style=\"text-align: center;\"><strong>W ZESTAWIE ZNAJDUJ\u0104 SI\u0118 DWIE BATERIE!<\/strong><br \/>\nPojemno\u015b\u0107: 180mAh<br \/>\nTyp baterii: Li-Po<br \/>\nNapi\u0119cie: 3,7 V<\/p>\n<p style=\"text-align: center;\"><strong>CZAS PACY<\/strong><br \/>\nMaksymalny czas lotu: 6-7 minut, 12-14 minut z do\u0142\u0105czonymi dwiema bateriami<\/p>\n<p style=\"text-align: center;\"><strong>APLIKACJA NA SMARTFONY<\/strong><br \/>\nAplikacja kompatybilna z systemami operacyjnymi Apple i Android<br \/>\nTryb sterowania: za pomoc\u0105 przycisk\u00f3w ekranowych lub wewn\u0119trznych IMU (dron b\u0119dzie pod\u0105\u017ca\u0142 za ruchem smartfona)<br \/>\nWay-punkty: wystarczy narysowa\u0107 \u015bcie\u017ck\u0119 na ekranie smartfona, dron b\u0119dzie pod\u0105\u017ca\u0107 za nim autonomicznie<br \/>\nR\u00f3b zdj\u0119cia, nagrywaj filmy i nie tylko.<\/p>\n<p style=\"text-align: center;\">Pobierz aplikacj\u0119 tutaj:<\/p>\n<p style=\"text-align: center;\"><a href=\"https:\/\/play.google.com\/store\/apps\/details?id=com.udirc.xerall&amp;hl=en\" target=\"_blank\" rel=\"noopener\"><img loading=\"lazy\" decoding=\"async\" class=\"aligncenter wp-image-1201\" src=\"https:\/\/xerall.com\/wp-content\/uploads\/2018\/06\/google-play-1000.png\" alt=\"\" width=\"200\" height=\"61\"><\/a><\/p>\n<p><a href=\"https:\/\/apps.apple.com\/us\/app\/xerall\/id1398763430\" target=\"_blank\" rel=\"noopener\"><img loading=\"lazy\" decoding=\"async\" class=\"size-full wp-image-1203 aligncenter\" src=\"https:\/\/xerall.com\/wp-content\/uploads\/2018\/06\/appple-store-badge-100.png\" alt=\"\" width=\"200\" height=\"61\" srcset=\"https:\/\/xerall.com\/wp-content\/uploads\/2018\/06\/appple-store-badge-100.png 200w, https:\/\/xerall.com\/wp-content\/uploads\/2018\/06\/appple-store-badge-100-100x31.png 100w\" sizes=\"(max-width: 200px) 100vw, 200px\" \/><\/a><\/p>\n<!-- AddThis Advanced Settings generic via filter on the_content --><!-- AddThis Share Buttons generic via filter on the_content -->","protected":false},"excerpt":{"rendered":"<p>POZNAJ VIVI, NAJMNIEJSZEGO DRONA XERALL Z KAMER\u0104 HD<!-- AddThis Advanced Settings generic via filter on wp_trim_excerpt --><!-- AddThis Share Buttons generic via filter on wp_trim_excerpt --><\/p>\n","protected":false},"featured_media":11252,"template":"","meta":{"_acf_changed":false,"om_disable_all_campaigns":false,"_monsterinsights_skip_tracking":false,"_monsterinsights_sitenote_active":false,"_monsterinsights_sitenote_note":"","_monsterinsights_sitenote_category":0},"product_brand":[],"product_cat":[235],"product_tag":[417],"class_list":{"0":"post-11262","1":"product","2":"type-product","3":"status-publish","4":"has-post-thumbnail","6":"product_cat-modele","7":"product_tag-vivi-pl","9":"first","10":"instock","11":"sale","12":"taxable","13":"shipping-taxable","14":"purchasable","15":"product-type-simple"},"acf":[],"_links":{"self":[{"href":"https:\/\/xerall.com\/pl\/wp-json\/wp\/v2\/product\/11262","targetHints":{"allow":["GET"]}}],"collection":[{"href":"https:\/\/xerall.com\/pl\/wp-json\/wp\/v2\/product"}],"about":[{"href":"https:\/\/xerall.com\/pl\/wp-json\/wp\/v2\/types\/product"}],"wp:featuredmedia":[{"embeddable":true,"href":"https:\/\/xerall.com\/pl\/wp-json\/wp\/v2\/media\/11252"}],"wp:attachment":[{"href":"https:\/\/xerall.com\/pl\/wp-json\/wp\/v2\/media?parent=11262"}],"wp:term":[{"taxonomy":"product_brand","embeddable":true,"href":"https:\/\/xerall.com\/pl\/wp-json\/wp\/v2\/product_brand?post=11262"},{"taxonomy":"product_cat","embeddable":true,"href":"https:\/\/xerall.com\/pl\/wp-json\/wp\/v2\/product_cat?post=11262"},{"taxonomy":"product_tag","embeddable":true,"href":"https:\/\/xerall.com\/pl\/wp-json\/wp\/v2\/product_tag?post=11262"}],"curies":[{"name":"wp","href":"https:\/\/api.w.org\/{rel}","templated":true}]}}