{"id":6178,"date":"2019-11-27T10:59:17","date_gmt":"2020-05-20T11:40:58","guid":{"rendered":"https:\/\/xerall.com\/product\/plyta-glowna\/"},"modified":"2023-09-05T18:31:59","modified_gmt":"2023-09-05T16:31:59","slug":"uklad-lotu","status":"publish","type":"product","link":"https:\/\/xerall.com\/pl\/produkt\/uklad-lotu\/","title":{"rendered":"P\u0142yta g\u0142\u00f3wna"},"content":{"rendered":"<p>Kontroler lotu, odbiornik z funkcj\u0105 nap\u0119du<\/p>\n<!-- AddThis Advanced Settings generic via filter on the_content --><!-- AddThis Share Buttons generic via filter on the_content -->","protected":false},"excerpt":{"rendered":"<p>Kontroler lotu, odbiornik z funkcj\u0105 nap\u0119du<!-- AddThis Advanced Settings generic via filter on wp_trim_excerpt --><!-- AddThis Share Buttons generic via filter on wp_trim_excerpt --><\/p>\n","protected":false},"featured_media":5590,"template":"","meta":{"_acf_changed":false,"om_disable_all_campaigns":false,"_monsterinsights_skip_tracking":false,"_monsterinsights_sitenote_active":false,"_monsterinsights_sitenote_note":"","_monsterinsights_sitenote_category":0},"product_brand":[],"product_cat":[201],"product_tag":[213],"class_list":{"0":"post-6178","1":"product","2":"type-product","3":"status-publish","4":"has-post-thumbnail","6":"product_cat-czesci-zamienne-x-tankcopter","7":"product_tag-x-tankcopter-pl","9":"first","10":"onbackorder","11":"taxable","12":"shipping-taxable","13":"purchasable","14":"product-type-simple"},"acf":[],"_links":{"self":[{"href":"https:\/\/xerall.com\/pl\/wp-json\/wp\/v2\/product\/6178","targetHints":{"allow":["GET"]}}],"collection":[{"href":"https:\/\/xerall.com\/pl\/wp-json\/wp\/v2\/product"}],"about":[{"href":"https:\/\/xerall.com\/pl\/wp-json\/wp\/v2\/types\/product"}],"wp:featuredmedia":[{"embeddable":true,"href":"https:\/\/xerall.com\/pl\/wp-json\/wp\/v2\/media\/5590"}],"wp:attachment":[{"href":"https:\/\/xerall.com\/pl\/wp-json\/wp\/v2\/media?parent=6178"}],"wp:term":[{"taxonomy":"product_brand","embeddable":true,"href":"https:\/\/xerall.com\/pl\/wp-json\/wp\/v2\/product_brand?post=6178"},{"taxonomy":"product_cat","embeddable":true,"href":"https:\/\/xerall.com\/pl\/wp-json\/wp\/v2\/product_cat?post=6178"},{"taxonomy":"product_tag","embeddable":true,"href":"https:\/\/xerall.com\/pl\/wp-json\/wp\/v2\/product_tag?post=6178"}],"curies":[{"name":"wp","href":"https:\/\/api.w.org\/{rel}","templated":true}]}}