{"id":6253,"date":"2017-01-07T12:06:52","date_gmt":"2017-01-07T11:06:52","guid":{"rendered":"https:\/\/xerall.com\/product\/x-tankcopter\/"},"modified":"2026-04-10T09:45:17","modified_gmt":"2026-04-10T07:45:17","slug":"x-tankcopter","status":"publish","type":"product","link":"https:\/\/xerall.com\/pl\/produkt\/x-tankcopter\/","title":{"rendered":"X-TANKCOPTER"},"content":{"rendered":"<p style=\"font-size: 17.6px;\"><img fetchpriority=\"high\" decoding=\"async\" class=\"wp-image-9326 size-full aligncenter\" src=\"https:\/\/xerall.com\/wp-content\/uploads\/2020\/10\/Xerall-drone-1.jpg\" alt=\"\" width=\"1200\" height=\"675\" srcset=\"https:\/\/xerall.com\/wp-content\/uploads\/2020\/10\/Xerall-drone-1.jpg 1200w, https:\/\/xerall.com\/wp-content\/uploads\/2020\/10\/Xerall-drone-1-1000x563.jpg 1000w, https:\/\/xerall.com\/wp-content\/uploads\/2020\/10\/Xerall-drone-1-300x169.jpg 300w, https:\/\/xerall.com\/wp-content\/uploads\/2020\/10\/Xerall-drone-1-1024x576.jpg 1024w, https:\/\/xerall.com\/wp-content\/uploads\/2020\/10\/Xerall-drone-1-768x432.jpg 768w\" sizes=\"(max-width: 1200px) 100vw, 1200px\" \/><\/p>\n<p style=\"text-align: center;\">Dron Xerall <strong>X-TANKCOPTER <\/strong>to jedyny na \u015bwiecie lataj\u0105cy czo\u0142g, kt\u00f3ry \u015bwietnie radzi sobie zar\u00f3wno na ziemi, jak iw powietrzu. Produkt zosta\u0142 zaprojektowany w oparciu o opatentowany uk\u0142ad nap\u0119dowy, kt\u00f3ry umo\u017cliwia efektywne po\u0142\u0105czenie zar\u00f3wno system\u00f3w lokomocji prowadz\u0105cej, jak i lotniczej.<\/p>\n<p><img decoding=\"async\" class=\"size-full wp-image-9528 aligncenter\" src=\"https:\/\/xerall.com\/wp-content\/uploads\/2017\/01\/Xerall-Drone-HD-camera.jpg\" alt=\"\" width=\"1000\" height=\"1000\" srcset=\"https:\/\/xerall.com\/wp-content\/uploads\/2017\/01\/Xerall-Drone-HD-camera.jpg 1000w, https:\/\/xerall.com\/wp-content\/uploads\/2017\/01\/Xerall-Drone-HD-camera-500x500.jpg 500w, https:\/\/xerall.com\/wp-content\/uploads\/2017\/01\/Xerall-Drone-HD-camera-100x100.jpg 100w, https:\/\/xerall.com\/wp-content\/uploads\/2017\/01\/Xerall-Drone-HD-camera-300x300.jpg 300w, https:\/\/xerall.com\/wp-content\/uploads\/2017\/01\/Xerall-Drone-HD-camera-150x150.jpg 150w, https:\/\/xerall.com\/wp-content\/uploads\/2017\/01\/Xerall-Drone-HD-camera-768x768.jpg 768w\" sizes=\"(max-width: 1000px) 100vw, 1000px\" \/><\/p>\n<p style=\"text-align: center;\">Nie martw si\u0119, je\u015bli jeste\u015b pocz\u0105tkuj\u0105cym. <strong>X-TANKCOPTER<\/strong> jest bardzo \u0142atwy do kontrolowania, idealny dla dzieci i doros\u0142ych. The advanced altitude hold mode will keep the drone stable at a set height, so you can focus on having fun.<\/p>\n<p><img decoding=\"async\" class=\"size-full wp-image-9536 aligncenter\" src=\"https:\/\/xerall.com\/wp-content\/uploads\/2017\/01\/Xerall-Auto-landing.jpg\" alt=\"\" width=\"1000\" height=\"1000\" srcset=\"https:\/\/xerall.com\/wp-content\/uploads\/2017\/01\/Xerall-Auto-landing.jpg 1000w, https:\/\/xerall.com\/wp-content\/uploads\/2017\/01\/Xerall-Auto-landing-500x500.jpg 500w, https:\/\/xerall.com\/wp-content\/uploads\/2017\/01\/Xerall-Auto-landing-100x100.jpg 100w, https:\/\/xerall.com\/wp-content\/uploads\/2017\/01\/Xerall-Auto-landing-300x300.jpg 300w, https:\/\/xerall.com\/wp-content\/uploads\/2017\/01\/Xerall-Auto-landing-150x150.jpg 150w, https:\/\/xerall.com\/wp-content\/uploads\/2017\/01\/Xerall-Auto-landing-768x768.jpg 768w\" sizes=\"(max-width: 1000px) 100vw, 1000px\" \/><\/p>\n<p style=\"text-align: center;\">It also features auto take-off and landing functions. Po naci\u015bni\u0119ciu przycisku dron autonomicznie wystartuje i zawi\u015bnie w miejscu, jeszcze jedno naci\u015bni\u0119cie przycisku i bezpiecznie wyl\u0105duje. Inn\u0105 interesuj\u0105c\u0105 funkcj\u0105 jest niestandardowa trasa. Wystarczy narysowa\u0107 \u015bcie\u017ck\u0119 na ekranie smartfona, a dron b\u0119dzie pod\u0105\u017ca\u0142 za ni\u0105 autonomicznie! Jazda jest jeszcze \u0142atwiejsza, ka\u017cdy z g\u0105sienic drona jest kontrolowana przez oddzielny dr\u0105\u017cek, co pozwala w pe\u0142ni do\u015bwiadcza\u0107 wra\u017ce\u0144 z jazdy czo\u0142giem, wykonuj\u0105c fajne sztuczki, takie jak drifting, 360 spin itp.<\/p>\n<p><img loading=\"lazy\" decoding=\"async\" class=\"size-full wp-image-9544 aligncenter\" src=\"https:\/\/xerall.com\/wp-content\/uploads\/2017\/01\/6-1.jpg\" alt=\"\" width=\"1000\" height=\"1000\" srcset=\"https:\/\/xerall.com\/wp-content\/uploads\/2017\/01\/6-1.jpg 1000w, https:\/\/xerall.com\/wp-content\/uploads\/2017\/01\/6-1-500x500.jpg 500w, https:\/\/xerall.com\/wp-content\/uploads\/2017\/01\/6-1-100x100.jpg 100w, https:\/\/xerall.com\/wp-content\/uploads\/2017\/01\/6-1-300x300.jpg 300w, https:\/\/xerall.com\/wp-content\/uploads\/2017\/01\/6-1-150x150.jpg 150w, https:\/\/xerall.com\/wp-content\/uploads\/2017\/01\/6-1-768x768.jpg 768w\" sizes=\"(max-width: 1000px) 100vw, 1000px\" \/><\/p>\n<p style=\"text-align: center;\"><strong>PILOT ZDALNEGO STEROWANIA 2,4 GHz<\/strong><br \/>\nPilot zdalnego sterowania dzia\u0142a jak w przypadku innych dron\u00f3w, oferuj\u0105c kontrol\u0119 nad odchyleniem, skokiem, rolk\u0105, wysoko\u015bci\u0105, kamer\u0105 HD itp. Po naci\u015bni\u0119ciu przycisku &#8222;tryb&#8221; quadcopter zamienia si\u0119 w zbiornik. Ka\u017cdy z tor\u00f3w jest sterowany za pomoc\u0105 oddzielnego dr\u0105\u017cka.<\/p>\n<p><img loading=\"lazy\" decoding=\"async\" class=\"aligncenter wp-image-2901\" src=\"https:\/\/xerall.com\/wp-content\/uploads\/2017\/01\/xerall-rx-e1589907448775.jpg\" alt=\"\" width=\"600\" height=\"597\" srcset=\"https:\/\/xerall.com\/wp-content\/uploads\/2017\/01\/xerall-rx-e1589907448775.jpg 700w, https:\/\/xerall.com\/wp-content\/uploads\/2017\/01\/xerall-rx-e1589907448775-100x100.jpg 100w\" sizes=\"(max-width: 600px) 100vw, 600px\" \/><\/p>\n<p style=\"text-align: center;\"><strong>TRANSMISJA FPV PRZEZ OKULARY VR<\/strong><br \/>\nTransmisja wideo VR w czasie rzeczywistym (FPV).  <strong>OKULARY VR NIE S\u0104 WLICZONE W CEN\u0118  <\/strong><\/p>\n<p><img loading=\"lazy\" decoding=\"async\" class=\"aligncenter wp-image-12772\" src=\"https:\/\/xerall.com\/wp-content\/uploads\/2017\/01\/8-scaled.jpg\" alt=\"\" width=\"1000\" height=\"1000\" srcset=\"https:\/\/xerall.com\/wp-content\/uploads\/2017\/01\/8-scaled.jpg 2560w, https:\/\/xerall.com\/wp-content\/uploads\/2017\/01\/8-300x300.jpg 300w, https:\/\/xerall.com\/wp-content\/uploads\/2017\/01\/8-1024x1024.jpg 1024w, https:\/\/xerall.com\/wp-content\/uploads\/2017\/01\/8-150x150.jpg 150w, https:\/\/xerall.com\/wp-content\/uploads\/2017\/01\/8-768x768.jpg 768w, https:\/\/xerall.com\/wp-content\/uploads\/2017\/01\/8-1536x1536.jpg 1536w, https:\/\/xerall.com\/wp-content\/uploads\/2017\/01\/8-2048x2048.jpg 2048w, https:\/\/xerall.com\/wp-content\/uploads\/2017\/01\/8-500x500.jpg 500w, https:\/\/xerall.com\/wp-content\/uploads\/2017\/01\/8-1000x1000.jpg 1000w, https:\/\/xerall.com\/wp-content\/uploads\/2017\/01\/8-100x100.jpg 100w\" sizes=\"(max-width: 1000px) 100vw, 1000px\" \/><\/p>\n<p>&nbsp;<\/p>\n<p style=\"text-align: center;\"><strong>ZESTAW ZAWIERA:<\/strong><br \/>\n1 x X-TankCopter w pe\u0142ni zmontowany (RTF)<br \/>\n1 kontroler radiowy 2,4 GHz z uchwytem na smartfon<br \/>\n1 X bateria 3,7 V 900 mAh<br \/>\n1 x \u0142adowarka<br \/>\n4 x zapasowe \u015bmig\u0142a<br \/>\n1 x \u015brubokr\u0119t do wszystkich mocowa\u0144<\/p>\n<p>&nbsp;<\/p>\n<p>&nbsp;<\/p>\n<p style=\"text-align: center;\"><strong>SPECYFIKACJE TECHNICZNE:<\/strong><br \/>\nWaga drona: 131 g<\/p>\n<p style=\"text-align: center;\"><strong>KAMERA<\/strong><br \/>\nTryby nagrywania wideo: HD 1280x720p 30 kl.\/s<br \/>\nObs\u0142ugiwany typ karty SD: MicroSD do 32 GB<\/p>\n<p style=\"text-align: center;\"><strong>TRANSMISJA OBRAZU VIDEO NA \u017bYWO<\/strong><br \/>\nCz\u0119stotliwo\u015b\u0107 pracy: WiFi (2,4 GHz)<br \/>\nPodgl\u0105d: smartphone (aplikacja na iOS lub Android)<\/p>\n<p style=\"text-align: center;\"><strong>\u0141ADOWARKA<\/strong><br \/>\nTyp adaptera: USB<br \/>\nCzas \u0142adowania: 25-30 min<\/p>\n<p style=\"text-align: center;\"><strong>BATERIA<\/strong><br \/>\nPojemno\u015b\u0107: 900 mAh<br \/>\nTyp baterii: Li-Po<br \/>\nNapi\u0119cie: 3,7 V<\/p>\n<p style=\"text-align: center;\"><strong>CZAS PACY<\/strong><br \/>\nMaksymalny czas lotu: 8 min<br \/>\nMaksymalny czas jazdy: 20-25 min<\/p>\n<p style=\"text-align: center;\"><strong>APLIKACJA NA SMARTFONY<\/strong><br \/>\nAplikacja kompatybilna z systemami operacyjnymi Apple i Android<br \/>\nTryb sterowania: za pomoc\u0105 przycisk\u00f3w ekranowych lub wewn\u0119trznych IMU (dron b\u0119dzie pod\u0105\u017ca\u0142 za ruchem smartfona)<br \/>\nWay-punkty: wystarczy narysowa\u0107 \u015bcie\u017ck\u0119 na ekranie smartfona, dron b\u0119dzie pod\u0105\u017ca\u0107 za nim autonomicznie<br \/>\nR\u00f3b zdj\u0119cia, nagrywaj filmy i nie tylko.<\/p>\n<p style=\"text-align: center;\">Pobierz aplikacj\u0119 tutaj:<\/p>\n<p>&nbsp;<\/p>\n<p><a href=\"https:\/\/play.google.com\/store\/apps\/details?id=com.udirc.xerall&amp;hl=en\" target=\"_blank\" rel=\"noopener\"><img loading=\"lazy\" decoding=\"async\" class=\"aligncenter wp-image-1201\" src=\"https:\/\/xerall.com\/wp-content\/uploads\/2018\/06\/google-play-1000.png\" alt=\"\" width=\"200\" height=\"61\"><\/a><\/p>\n<p><a href=\"https:\/\/apps.apple.com\/us\/app\/xerall\/id1398763430\" target=\"_blank\" rel=\"noopener\"><img loading=\"lazy\" decoding=\"async\" class=\"size-full wp-image-1203 aligncenter\" src=\"https:\/\/xerall.com\/wp-content\/uploads\/2018\/06\/appple-store-badge-100.png\" alt=\"\" width=\"200\" height=\"61\" srcset=\"https:\/\/xerall.com\/wp-content\/uploads\/2018\/06\/appple-store-badge-100.png 200w, https:\/\/xerall.com\/wp-content\/uploads\/2018\/06\/appple-store-badge-100-100x31.png 100w\" sizes=\"(max-width: 200px) 100vw, 200px\" \/><\/a><\/p>\n<!-- AddThis Advanced Settings generic via filter on the_content --><!-- AddThis Share Buttons generic via filter on the_content -->","protected":false},"excerpt":{"rendered":"<p>X-TANKCOPTER World pierwszy hybrydowy tank-quadcopter drone<!-- AddThis Advanced Settings generic via filter on wp_trim_excerpt --><!-- AddThis Share Buttons generic via filter on wp_trim_excerpt --><\/p>\n","protected":false},"featured_media":12782,"template":"","meta":{"_acf_changed":false,"om_disable_all_campaigns":false,"_monsterinsights_skip_tracking":false,"_monsterinsights_sitenote_active":false,"_monsterinsights_sitenote_note":"","_monsterinsights_sitenote_category":0},"product_brand":[],"product_cat":[235],"product_tag":[315],"class_list":{"0":"post-6253","1":"product","2":"type-product","3":"status-publish","4":"has-post-thumbnail","6":"product_cat-modele","7":"product_tag-x-tankcopter-sv-pl","9":"first","10":"instock","11":"sale","12":"taxable","13":"shipping-taxable","14":"purchasable","15":"product-type-simple"},"acf":[],"_links":{"self":[{"href":"https:\/\/xerall.com\/pl\/wp-json\/wp\/v2\/product\/6253","targetHints":{"allow":["GET"]}}],"collection":[{"href":"https:\/\/xerall.com\/pl\/wp-json\/wp\/v2\/product"}],"about":[{"href":"https:\/\/xerall.com\/pl\/wp-json\/wp\/v2\/types\/product"}],"wp:featuredmedia":[{"embeddable":true,"href":"https:\/\/xerall.com\/pl\/wp-json\/wp\/v2\/media\/12782"}],"wp:attachment":[{"href":"https:\/\/xerall.com\/pl\/wp-json\/wp\/v2\/media?parent=6253"}],"wp:term":[{"taxonomy":"product_brand","embeddable":true,"href":"https:\/\/xerall.com\/pl\/wp-json\/wp\/v2\/product_brand?post=6253"},{"taxonomy":"product_cat","embeddable":true,"href":"https:\/\/xerall.com\/pl\/wp-json\/wp\/v2\/product_cat?post=6253"},{"taxonomy":"product_tag","embeddable":true,"href":"https:\/\/xerall.com\/pl\/wp-json\/wp\/v2\/product_tag?post=6253"}],"curies":[{"name":"wp","href":"https:\/\/api.w.org\/{rel}","templated":true}]}}