{"id":9955,"date":"2021-03-16T15:39:55","date_gmt":"2021-03-16T14:39:55","guid":{"rendered":"https:\/\/xerall.com\/product\/zestaw-przekladni-napedowej-44-wiekszy-moment-obrotowy\/"},"modified":"2023-09-05T18:21:50","modified_gmt":"2023-09-05T16:21:50","slug":"przekladnia-jazdy-set-44-wiecej-moment-obrotowy","status":"publish","type":"product","link":"https:\/\/xerall.com\/pl\/produkt\/przekladnia-jazdy-set-44-wiecej-moment-obrotowy\/","title":{"rendered":"Zestaw przek\u0142adni nap\u0119dowej + 44% wi\u0119kszy moment obrotowy"},"content":{"rendered":"<!-- AddThis Advanced Settings generic via filter on the_content --><!-- AddThis Share Buttons generic via filter on the_content -->","protected":false},"excerpt":{"rendered":"<p><!-- AddThis Advanced Settings generic via filter on wp_trim_excerpt --><!-- AddThis Share Buttons generic via filter on wp_trim_excerpt --><\/p>\n","protected":false},"featured_media":9945,"template":"","meta":{"_acf_changed":false,"om_disable_all_campaigns":false,"_monsterinsights_skip_tracking":false,"_monsterinsights_sitenote_active":false,"_monsterinsights_sitenote_note":"","_monsterinsights_sitenote_category":0},"product_brand":[],"product_cat":[201],"product_tag":[],"class_list":{"0":"post-9955","1":"product","2":"type-product","3":"status-publish","4":"has-post-thumbnail","6":"product_cat-czesci-zamienne-x-tankcopter","8":"first","9":"instock","10":"taxable","11":"shipping-taxable","12":"purchasable","13":"product-type-simple"},"acf":[],"_links":{"self":[{"href":"https:\/\/xerall.com\/pl\/wp-json\/wp\/v2\/product\/9955","targetHints":{"allow":["GET"]}}],"collection":[{"href":"https:\/\/xerall.com\/pl\/wp-json\/wp\/v2\/product"}],"about":[{"href":"https:\/\/xerall.com\/pl\/wp-json\/wp\/v2\/types\/product"}],"wp:featuredmedia":[{"embeddable":true,"href":"https:\/\/xerall.com\/pl\/wp-json\/wp\/v2\/media\/9945"}],"wp:attachment":[{"href":"https:\/\/xerall.com\/pl\/wp-json\/wp\/v2\/media?parent=9955"}],"wp:term":[{"taxonomy":"product_brand","embeddable":true,"href":"https:\/\/xerall.com\/pl\/wp-json\/wp\/v2\/product_brand?post=9955"},{"taxonomy":"product_cat","embeddable":true,"href":"https:\/\/xerall.com\/pl\/wp-json\/wp\/v2\/product_cat?post=9955"},{"taxonomy":"product_tag","embeddable":true,"href":"https:\/\/xerall.com\/pl\/wp-json\/wp\/v2\/product_tag?post=9955"}],"curies":[{"name":"wp","href":"https:\/\/api.w.org\/{rel}","templated":true}]}}