{"id":10510,"date":"2021-09-16T11:20:51","date_gmt":"2021-09-16T09:20:51","guid":{"rendered":"https:\/\/xerall.com\/rc-forum-2\/"},"modified":"2023-11-11T16:14:08","modified_gmt":"2023-11-11T15:14:08","slug":"rc-forum-2","status":"publish","type":"page","link":"https:\/\/xerall.com\/sv\/rc-forum-2\/","title":{"rendered":"RC Forum"},"content":{"rendered":"\t\t<div data-elementor-type=\"wp-page\" data-elementor-id=\"10510\" class=\"elementor elementor-10510 elementor-9826\">\n\t\t\t\t\t\t<section class=\"elementor-section elementor-top-section elementor-element elementor-element-16fe850 elementor-section-boxed elementor-section-height-default elementor-section-height-default\" data-id=\"16fe850\" data-element_type=\"section\" data-e-type=\"section\">\n\t\t\t\t\t\t<div class=\"elementor-container elementor-column-gap-default\">\n\t\t\t\t\t<div class=\"elementor-column elementor-col-100 elementor-top-column elementor-element elementor-element-eb120d4\" data-id=\"eb120d4\" data-element_type=\"column\" data-e-type=\"column\" data-settings=\"{&quot;background_background&quot;:&quot;classic&quot;}\">\n\t\t\t<div class=\"elementor-widget-wrap elementor-element-populated\">\n\t\t\t\t\t\t<div class=\"elementor-element elementor-element-22d58d2 elementor-widget elementor-widget-raven-posts\" data-id=\"22d58d2\" data-element_type=\"widget\" data-e-type=\"widget\" data-settings=\"{&quot;classic_show_sortable&quot;:&quot;yes&quot;,&quot;classic_show_pagination&quot;:&quot;yes&quot;,&quot;query_posts_per_page&quot;:12,&quot;_skin&quot;:&quot;classic&quot;,&quot;classic_layout&quot;:&quot;grid&quot;,&quot;classic_columns&quot;:&quot;3&quot;,&quot;classic_columns_tablet&quot;:&quot;2&quot;,&quot;classic_columns_mobile&quot;:&quot;1&quot;,&quot;classic_show_all_title&quot;:&quot;yes&quot;,&quot;classic_pagination_type&quot;:&quot;page_based&quot;,&quot;query_offset&quot;:0}\" data-widget_type=\"raven-posts.classic\">\n\t\t\t\t<div class=\"elementor-widget-container\">\n\t\t\t\t\t\t\t<div class=\"raven-sortable\">\n\t\t\t<div class=\"raven-sortable-items\">\n\t\t\t\t<a class=\"raven-sortable-item raven-sortable-active\" data-category=\"-1\" href=\"#\">All<\/a><a class=\"raven-sortable-item\" data-category=\"285\" href=\"#\">X-TankCopter<\/a><a class=\"raven-sortable-item\" data-category=\"438\" href=\"#\">XERALL ATD<\/a>\t\t\t<\/div>\n\t\t<\/div>\n\t\t\t\t<div class=\"raven-posts raven-grid raven-grid-3 raven-grid-mobile-1 raven-grid-tablet-2\" data-post-id=\"10510\" data-archive-query=\"\" data-lang=\"\">\n\t\t\t\t<div class=\"raven-grid-item raven-post-item post-12192 post type-post status-publish format-standard hentry category-xerall-atd-sv\">\n\t\t\t<div class=\"raven-post elementor-animation-grow\">\n\t\t\t\t\t\t\t\t<div class=\"raven-post-content\">\n\t\t\t\t\t<h6 class=\"raven-post-title\"><a class=\"raven-post-title-link\" href=\"https:\/\/xerall.com\/sv\/vi-presenterar-xerall-adt-den-ultimata-terrangdronaren\/\">Vi presenterar XERALL ADT: Den ultimata terr\u00e4ngdr\u00f6naren<\/a><\/h6><div class=\"raven-post-excerpt\">Ta en titt p\u00e5 XERALL ATD otrolig dr\u00f6nare, utformad f\u00f6r att navigera genom grov terr\u00e4ng, som kan vertikal start och landning och till och med simma. Detta verkar vara den<!-- AddThis Advanced Settings generic via filter on wp_trim_excerpt --><!-- AddThis Share Buttons generic via filter on wp_trim_excerpt --><\/div>\t\t\t\t<\/div>\n\t\t\t<\/div>\n\t\t<\/div>\n\t\t\t\t<div class=\"raven-grid-item raven-post-item post-12119 post type-post status-publish format-standard hentry\">\n\t\t\t<div class=\"raven-post elementor-animation-grow\">\n\t\t\t\t\t\t\t\t<div class=\"raven-post-content\">\n\t\t\t\t\t<h6 class=\"raven-post-title\"><a class=\"raven-post-title-link\" href=\"https:\/\/xerall.com\/sv\/uppdatering-23-01-2019\/\">UPPDATERING 23\/01\/2019<\/a><\/h6><div class=\"raven-post-excerpt\"><!-- AddThis Advanced Settings generic via filter on wp_trim_excerpt --><!-- AddThis Share Buttons generic via filter on wp_trim_excerpt --><\/div>\t\t\t\t<\/div>\n\t\t\t<\/div>\n\t\t<\/div>\n\t\t\t\t<div class=\"raven-grid-item raven-post-item post-12102 post type-post status-publish format-standard hentry\">\n\t\t\t<div class=\"raven-post elementor-animation-grow\">\n\t\t\t\t\t\t\t\t<div class=\"raven-post-content\">\n\t\t\t\t\t<h6 class=\"raven-post-title\"><a class=\"raven-post-title-link\" href=\"https:\/\/xerall.com\/sv\/indiegogo-kampanjen-2\/\">INDIEGOGO-KAMPANJEN<\/a><\/h6><div class=\"raven-post-excerpt\">Vi \u00e4r glada att kunna meddela att vi har lanserat Crowdfunding-kampanjen f\u00f6r n\u00e5gra minuter sedan! Som utlovat \u00e4r ni de f\u00f6rsta som informeras. F\u00f6r att s\u00e4ga TACK f\u00f6r att du<!-- AddThis Advanced Settings generic via filter on wp_trim_excerpt --><!-- AddThis Share Buttons generic via filter on wp_trim_excerpt --><\/div>\t\t\t\t<\/div>\n\t\t\t<\/div>\n\t\t<\/div>\n\t\t\t\t<div class=\"raven-grid-item raven-post-item post-12095 post type-post status-publish format-standard hentry category-x-takcopter-sv\">\n\t\t\t<div class=\"raven-post elementor-animation-grow\">\n\t\t\t\t\t\t\t\t<div class=\"raven-post-content\">\n\t\t\t\t\t<h6 class=\"raven-post-title\"><a class=\"raven-post-title-link\" href=\"https:\/\/xerall.com\/sv\/indiegogo-kampanjen\/\">INDIEGOGO-KAMPANJEN<\/a><\/h6><div class=\"raven-post-excerpt\">Vi \u00e4r glada att kunna meddela att vi har lanserat Crowdfunding-kampanjen f\u00f6r n\u00e5gra minuter sedan! Som utlovat \u00e4r ni de f\u00f6rsta som informeras. F\u00f6r att s\u00e4ga TACK f\u00f6r att du<!-- AddThis Advanced Settings generic via filter on wp_trim_excerpt --><!-- AddThis Share Buttons generic via filter on wp_trim_excerpt --><\/div>\t\t\t\t<\/div>\n\t\t\t<\/div>\n\t\t<\/div>\n\t\t\t\t<div class=\"raven-grid-item raven-post-item post-8374 post type-post status-publish format-standard has-post-thumbnail hentry category-x-takcopter-sv\">\n\t\t\t<div class=\"raven-post elementor-animation-grow\">\n\t\t\t\t\t\t<div class=\"raven-post-image-wrap\">\n\t\t\t<a class=\"raven-post-image raven-image-fit\" href=\"https:\/\/xerall.com\/sv\/indiegogo-campaign\/\"><img fetchpriority=\"high\" decoding=\"async\" width=\"1024\" height=\"812\" src=\"https:\/\/xerall.com\/wp-content\/uploads\/2019\/02\/we-need-your-support2-1024x812.jpg\" class=\"attachment-large size-large wp-image-8151\" alt=\"\" srcset=\"https:\/\/xerall.com\/wp-content\/uploads\/2019\/02\/we-need-your-support2-1024x812.jpg 1024w, https:\/\/xerall.com\/wp-content\/uploads\/2019\/02\/we-need-your-support2-1000x793.jpg 1000w, https:\/\/xerall.com\/wp-content\/uploads\/2019\/02\/we-need-your-support2-300x238.jpg 300w, https:\/\/xerall.com\/wp-content\/uploads\/2019\/02\/we-need-your-support2-768x609.jpg 768w, https:\/\/xerall.com\/wp-content\/uploads\/2019\/02\/we-need-your-support2.jpg 1200w\" sizes=\"(max-width: 1024px) 100vw, 1024px\" \/> <span class=\"raven-post-image-overlay\"><\/span><\/a>\t\t<\/div>\n\t\t\t\t\t\t<div class=\"raven-post-content\">\n\t\t\t\t\t<h6 class=\"raven-post-title\"><a class=\"raven-post-title-link\" href=\"https:\/\/xerall.com\/sv\/indiegogo-campaign\/\">INDIEGOGO CAMPAIGN<\/a><\/h6><div class=\"raven-post-excerpt\">We are happy to announce we have launched the Crowdfunding campaign a few minutes ago! As promised you are the first to be informed. To say\u00a0 THANK YOU for being<!-- AddThis Advanced Settings generic via filter on wp_trim_excerpt --><!-- AddThis Share Buttons generic via filter on wp_trim_excerpt --><\/div>\t\t\t\t<\/div>\n\t\t\t<\/div>\n\t\t<\/div>\n\t\t\t\t<div class=\"raven-grid-item raven-post-item post-8378 post type-post status-publish format-standard has-post-thumbnail hentry category-x-takcopter\">\n\t\t\t<div class=\"raven-post elementor-animation-grow\">\n\t\t\t\t\t\t<div class=\"raven-post-image-wrap\">\n\t\t\t<a class=\"raven-post-image raven-image-fit\" href=\"https:\/\/xerall.com\/sv\/1913\/\"><img decoding=\"async\" width=\"1024\" height=\"576\" src=\"https:\/\/xerall.com\/wp-content\/uploads\/2019\/01\/casey-neistat-xerall-1-1024x576.jpg\" class=\"attachment-large size-large wp-image-8158\" alt=\"\" srcset=\"https:\/\/xerall.com\/wp-content\/uploads\/2019\/01\/casey-neistat-xerall-1-1024x576.jpg 1024w, https:\/\/xerall.com\/wp-content\/uploads\/2019\/01\/casey-neistat-xerall-1-1000x562.jpg 1000w, https:\/\/xerall.com\/wp-content\/uploads\/2019\/01\/casey-neistat-xerall-1-300x169.jpg 300w, https:\/\/xerall.com\/wp-content\/uploads\/2019\/01\/casey-neistat-xerall-1-768x432.jpg 768w, https:\/\/xerall.com\/wp-content\/uploads\/2019\/01\/casey-neistat-xerall-1.jpg 1300w\" sizes=\"(max-width: 1024px) 100vw, 1024px\" \/> <span class=\"raven-post-image-overlay\"><\/span><\/a>\t\t<\/div>\n\t\t\t\t\t\t<div class=\"raven-post-content\">\n\t\t\t\t\t<h6 class=\"raven-post-title\"><a class=\"raven-post-title-link\" href=\"https:\/\/xerall.com\/sv\/1913\/\">UPDATE 23\/01\/2019<\/a><\/h6><div class=\"raven-post-excerpt\">Hello Our apologies for a long time since the last update. here is what happened since the last update: 1. We managed to meet with Prime Minister of Poland and<!-- AddThis Advanced Settings generic via filter on wp_trim_excerpt --><!-- AddThis Share Buttons generic via filter on wp_trim_excerpt --><\/div>\t\t\t\t<\/div>\n\t\t\t<\/div>\n\t\t<\/div>\n\t\t\t\t<div class=\"raven-grid-item raven-post-item post-8392 post type-post status-publish format-standard has-post-thumbnail hentry category-x-takcopter-sv\">\n\t\t\t<div class=\"raven-post elementor-animation-grow\">\n\t\t\t\t\t\t<div class=\"raven-post-image-wrap\">\n\t\t\t<a class=\"raven-post-image raven-image-fit\" href=\"https:\/\/xerall.com\/sv\/update-04-09-2018\/\"><img decoding=\"async\" width=\"1024\" height=\"1024\" src=\"https:\/\/xerall.com\/wp-content\/uploads\/2018\/08\/20180828_174404-1024x1024.jpg\" class=\"attachment-large size-large wp-image-8165\" alt=\"\" srcset=\"https:\/\/xerall.com\/wp-content\/uploads\/2018\/08\/20180828_174404-1024x1024.jpg 1024w, https:\/\/xerall.com\/wp-content\/uploads\/2018\/08\/20180828_174404-500x500.jpg 500w, https:\/\/xerall.com\/wp-content\/uploads\/2018\/08\/20180828_174404-100x100.jpg 100w, https:\/\/xerall.com\/wp-content\/uploads\/2018\/08\/20180828_174404-150x150.jpg 150w, https:\/\/xerall.com\/wp-content\/uploads\/2018\/08\/20180828_174404-300x300.jpg 300w\" sizes=\"(max-width: 1024px) 100vw, 1024px\" \/> <span class=\"raven-post-image-overlay\"><\/span><\/a>\t\t<\/div>\n\t\t\t\t\t\t<div class=\"raven-post-content\">\n\t\t\t\t\t<h6 class=\"raven-post-title\"><a class=\"raven-post-title-link\" href=\"https:\/\/xerall.com\/sv\/update-04-09-2018\/\">UPDATE 04\/09\/2018<\/a><\/h6><div class=\"raven-post-excerpt\">Hello Another X- TANKCOPTER update here. In the beginning, we would like to share a new video of the TankCopter, and kindly ask you to help us out a little<!-- AddThis Advanced Settings generic via filter on wp_trim_excerpt --><!-- AddThis Share Buttons generic via filter on wp_trim_excerpt --><\/div>\t\t\t\t<\/div>\n\t\t\t<\/div>\n\t\t<\/div>\n\t\t\t\t<div class=\"raven-grid-item raven-post-item post-8401 post type-post status-publish format-standard has-post-thumbnail hentry category-x-takcopter-sv\">\n\t\t\t<div class=\"raven-post elementor-animation-grow\">\n\t\t\t\t\t\t<div class=\"raven-post-image-wrap\">\n\t\t\t<a class=\"raven-post-image raven-image-fit\" href=\"https:\/\/xerall.com\/sv\/update-02-08-2018\/\"><img loading=\"lazy\" decoding=\"async\" width=\"1024\" height=\"1024\" src=\"https:\/\/xerall.com\/wp-content\/uploads\/2018\/07\/xerall-web-white-1024x1024.jpg\" class=\"attachment-large size-large wp-image-8172\" alt=\"\" srcset=\"https:\/\/xerall.com\/wp-content\/uploads\/2018\/07\/xerall-web-white-1024x1024.jpg 1024w, https:\/\/xerall.com\/wp-content\/uploads\/2018\/07\/xerall-web-white-500x500.jpg 500w, https:\/\/xerall.com\/wp-content\/uploads\/2018\/07\/xerall-web-white-100x100.jpg 100w, https:\/\/xerall.com\/wp-content\/uploads\/2018\/07\/xerall-web-white-150x150.jpg 150w, https:\/\/xerall.com\/wp-content\/uploads\/2018\/07\/xerall-web-white-300x300.jpg 300w\" sizes=\"(max-width: 1024px) 100vw, 1024px\" \/> <span class=\"raven-post-image-overlay\"><\/span><\/a>\t\t<\/div>\n\t\t\t\t\t\t<div class=\"raven-post-content\">\n\t\t\t\t\t<h6 class=\"raven-post-title\"><a class=\"raven-post-title-link\" href=\"https:\/\/xerall.com\/sv\/update-02-08-2018\/\">UPDATE 02\/08\/2018<\/a><\/h6><div class=\"raven-post-excerpt\">Hello Another TankCopter update here. Below are the videos from first field testing. Please have in mind it was filmed with smartphones so the quality is poor, this week we<!-- AddThis Advanced Settings generic via filter on wp_trim_excerpt --><!-- AddThis Share Buttons generic via filter on wp_trim_excerpt --><\/div>\t\t\t\t<\/div>\n\t\t\t<\/div>\n\t\t<\/div>\n\t\t\t\t<div class=\"raven-grid-item raven-post-item post-8412 post type-post status-publish format-standard has-post-thumbnail hentry category-x-takcopter\">\n\t\t\t<div class=\"raven-post elementor-animation-grow\">\n\t\t\t\t\t\t<div class=\"raven-post-image-wrap\">\n\t\t\t<a class=\"raven-post-image raven-image-fit\" href=\"https:\/\/xerall.com\/sv\/concept-v1\/\"><img loading=\"lazy\" decoding=\"async\" width=\"1024\" height=\"1024\" src=\"https:\/\/xerall.com\/wp-content\/uploads\/2018\/02\/carcopter-scale-xerall-1-1024x1024.jpg\" class=\"attachment-large size-large wp-image-8179\" alt=\"\" srcset=\"https:\/\/xerall.com\/wp-content\/uploads\/2018\/02\/carcopter-scale-xerall-1-1024x1024.jpg 1024w, https:\/\/xerall.com\/wp-content\/uploads\/2018\/02\/carcopter-scale-xerall-1-500x500.jpg 500w, https:\/\/xerall.com\/wp-content\/uploads\/2018\/02\/carcopter-scale-xerall-1-100x100.jpg 100w, https:\/\/xerall.com\/wp-content\/uploads\/2018\/02\/carcopter-scale-xerall-1-150x150.jpg 150w, https:\/\/xerall.com\/wp-content\/uploads\/2018\/02\/carcopter-scale-xerall-1-300x300.jpg 300w, https:\/\/xerall.com\/wp-content\/uploads\/2018\/02\/carcopter-scale-xerall-1-600x600.jpg 600w, https:\/\/xerall.com\/wp-content\/uploads\/2018\/02\/carcopter-scale-xerall-1-266x266.jpg 266w\" sizes=\"(max-width: 1024px) 100vw, 1024px\" \/> <span class=\"raven-post-image-overlay\"><\/span><\/a>\t\t<\/div>\n\t\t\t\t\t\t<div class=\"raven-post-content\">\n\t\t\t\t\t<h6 class=\"raven-post-title\"><a class=\"raven-post-title-link\" href=\"https:\/\/xerall.com\/sv\/concept-v1\/\">CONCEPT V1<\/a><\/h6><div class=\"raven-post-excerpt\">Seeing a lot of human-carrying drones, like&nbsp;https:\/\/www.youtube.com\/watch?v=wbeoTnuo2-U&nbsp;. We decided to take a time and draft the first concept of the Flying Car on a scale 1:1. The concept&nbsp;designed for the<!-- AddThis Advanced Settings generic via filter on wp_trim_excerpt --><!-- AddThis Share Buttons generic via filter on wp_trim_excerpt --><\/div>\t\t\t\t<\/div>\n\t\t\t<\/div>\n\t\t<\/div>\n\t\t\t\t<div class=\"raven-grid-item raven-post-item post-8425 post type-post status-publish format-standard has-post-thumbnail hentry category-x-takcopter-sv tag-packaging-sv tag-production-samples-sv tag-tankcopter-sv\">\n\t\t\t<div class=\"raven-post elementor-animation-grow\">\n\t\t\t\t\t\t<div class=\"raven-post-image-wrap\">\n\t\t\t<a class=\"raven-post-image raven-image-fit\" href=\"https:\/\/xerall.com\/sv\/update-19-06-2018\/\"><img loading=\"lazy\" decoding=\"async\" width=\"1024\" height=\"1024\" src=\"https:\/\/xerall.com\/wp-content\/uploads\/2018\/06\/xerall-packaging-3-1024x1024.jpg\" class=\"attachment-large size-large wp-image-8427\" alt=\"\" srcset=\"https:\/\/xerall.com\/wp-content\/uploads\/2018\/06\/xerall-packaging-3-1024x1024.jpg 1024w, https:\/\/xerall.com\/wp-content\/uploads\/2018\/06\/xerall-packaging-3-500x500.jpg 500w, https:\/\/xerall.com\/wp-content\/uploads\/2018\/06\/xerall-packaging-3-100x100.jpg 100w, https:\/\/xerall.com\/wp-content\/uploads\/2018\/06\/xerall-packaging-3-150x150.jpg 150w\" sizes=\"(max-width: 1024px) 100vw, 1024px\" \/> <span class=\"raven-post-image-overlay\"><\/span><\/a>\t\t<\/div>\n\t\t\t\t\t\t<div class=\"raven-post-content\">\n\t\t\t\t\t<h6 class=\"raven-post-title\"><a class=\"raven-post-title-link\" href=\"https:\/\/xerall.com\/sv\/update-19-06-2018\/\">UPDATE 19\/06\/2018<\/a><\/h6><div class=\"raven-post-excerpt\">Dear all We are happy to share a good news with you. Production samples are on the way to us. Below are few pictures of the packaging. It will take<!-- AddThis Advanced Settings generic via filter on wp_trim_excerpt --><!-- AddThis Share Buttons generic via filter on wp_trim_excerpt --><\/div>\t\t\t\t<\/div>\n\t\t\t<\/div>\n\t\t<\/div>\n\t\t\t\t<div class=\"raven-grid-item raven-post-item post-8432 post type-post status-publish format-standard has-post-thumbnail hentry category-x-takcopter-sv\">\n\t\t\t<div class=\"raven-post elementor-animation-grow\">\n\t\t\t\t\t\t<div class=\"raven-post-image-wrap\">\n\t\t\t<a class=\"raven-post-image raven-image-fit\" href=\"https:\/\/xerall.com\/sv\/update-05-13-2018\/\"><img loading=\"lazy\" decoding=\"async\" width=\"1024\" height=\"1024\" src=\"https:\/\/xerall.com\/wp-content\/uploads\/2018\/05\/x-tankcopter-paint2-1024x1024.jpg\" class=\"attachment-large size-large wp-image-8186\" alt=\"\" srcset=\"https:\/\/xerall.com\/wp-content\/uploads\/2018\/05\/x-tankcopter-paint2-1024x1024.jpg 1024w, https:\/\/xerall.com\/wp-content\/uploads\/2018\/05\/x-tankcopter-paint2-100x100.jpg 100w, https:\/\/xerall.com\/wp-content\/uploads\/2018\/05\/x-tankcopter-paint2-150x150.jpg 150w\" sizes=\"(max-width: 1024px) 100vw, 1024px\" \/> <span class=\"raven-post-image-overlay\"><\/span><\/a>\t\t<\/div>\n\t\t\t\t\t\t<div class=\"raven-post-content\">\n\t\t\t\t\t<h6 class=\"raven-post-title\"><a class=\"raven-post-title-link\" href=\"https:\/\/xerall.com\/sv\/update-05-13-2018\/\">UPDATE 05\/13\/2018<\/a><\/h6><div class=\"raven-post-excerpt\">Hello &nbsp; Another production progress update here. I am happy to say, that we are moving really fast in the recent weeks \ud83d\ude42 We got out of the way: 1.<!-- AddThis Advanced Settings generic via filter on wp_trim_excerpt --><!-- AddThis Share Buttons generic via filter on wp_trim_excerpt --><\/div>\t\t\t\t<\/div>\n\t\t\t<\/div>\n\t\t<\/div>\n\t\t\t\t<div class=\"raven-grid-item raven-post-item post-8449 post type-post status-publish format-standard has-post-thumbnail hentry category-x-takcopter-sv\">\n\t\t\t<div class=\"raven-post elementor-animation-grow\">\n\t\t\t\t\t\t<div class=\"raven-post-image-wrap\">\n\t\t\t<a class=\"raven-post-image raven-image-fit\" href=\"https:\/\/xerall.com\/sv\/update-22-04-2018\/\"><img loading=\"lazy\" decoding=\"async\" width=\"1024\" height=\"1024\" src=\"https:\/\/xerall.com\/wp-content\/uploads\/2018\/04\/xerall-tankcopter-drone-1-1024x1024.jpg\" class=\"attachment-large size-large wp-image-8450\" alt=\"\" srcset=\"https:\/\/xerall.com\/wp-content\/uploads\/2018\/04\/xerall-tankcopter-drone-1-1024x1024.jpg 1024w, https:\/\/xerall.com\/wp-content\/uploads\/2018\/04\/xerall-tankcopter-drone-1-500x500.jpg 500w, https:\/\/xerall.com\/wp-content\/uploads\/2018\/04\/xerall-tankcopter-drone-1-100x100.jpg 100w, https:\/\/xerall.com\/wp-content\/uploads\/2018\/04\/xerall-tankcopter-drone-1-150x150.jpg 150w, https:\/\/xerall.com\/wp-content\/uploads\/2018\/04\/xerall-tankcopter-drone-1-266x266.jpg 266w\" sizes=\"(max-width: 1024px) 100vw, 1024px\" \/> <span class=\"raven-post-image-overlay\"><\/span><\/a>\t\t<\/div>\n\t\t\t\t\t\t<div class=\"raven-post-content\">\n\t\t\t\t\t<h6 class=\"raven-post-title\"><a class=\"raven-post-title-link\" href=\"https:\/\/xerall.com\/sv\/update-22-04-2018\/\">Update 22\/04\/2018<\/a><\/h6><div class=\"raven-post-excerpt\">Hello Another update from the factory, here. Below pictures of the first injection moulded model. Due to the fact the injection moulded plastic is lighter, stiffer from the one we<!-- AddThis Advanced Settings generic via filter on wp_trim_excerpt --><!-- AddThis Share Buttons generic via filter on wp_trim_excerpt --><\/div>\t\t\t\t<\/div>\n\t\t\t<\/div>\n\t\t<\/div>\n\t\t\t\t<\/div>\n\t\t\t\t<div class=\"raven-pagination\" data-settings=\"{&quot;posts_per_page&quot;:12,&quot;total_pages&quot;:2,&quot;pages_visible&quot;:7}\">\n\t\t\t<div class=\"raven-pagination-items\">\n\t\t\t\t<a class=\"raven-pagination-prev raven-pagination-item raven-pagination-disabled\" href=\"#\">&laquo; Prev<\/a><a class=\"raven-pagination-num raven-pagination-item raven-pagination-active\" href=\"#\" data-page-num=\"1\">1<\/a><a class=\"raven-pagination-num raven-pagination-item\" href=\"#\" data-page-num=\"2\">2<\/a><a class=\"raven-pagination-next raven-pagination-item\" href=\"#\">Next &raquo;<\/a>\t\t\t<\/div>\n\t\t<\/div>\n\t\t\t\t\t\t<\/div>\n\t\t\t\t<\/div>\n\t\t\t\t\t<\/div>\n\t\t<\/div>\n\t\t\t\t\t<\/div>\n\t\t<\/section>\n\t\t\t\t<section class=\"elementor-section elementor-top-section elementor-element elementor-element-64068b4 elementor-section-boxed elementor-section-height-default elementor-section-height-default\" data-id=\"64068b4\" data-element_type=\"section\" data-e-type=\"section\">\n\t\t\t\t\t\t<div class=\"elementor-container elementor-column-gap-default\">\n\t\t\t\t\t<div class=\"elementor-column elementor-col-100 elementor-top-column elementor-element elementor-element-f296f8b\" data-id=\"f296f8b\" data-element_type=\"column\" data-e-type=\"column\">\n\t\t\t<div class=\"elementor-widget-wrap elementor-element-populated\">\n\t\t\t\t\t\t<div class=\"elementor-element elementor-element-94a6095 elementor-shape-rounded elementor-grid-0 e-grid-align-center elementor-widget elementor-widget-social-icons\" data-id=\"94a6095\" data-element_type=\"widget\" data-e-type=\"widget\" data-widget_type=\"social-icons.default\">\n\t\t\t\t<div class=\"elementor-widget-container\">\n\t\t\t\t\t\t\t<div class=\"elementor-social-icons-wrapper elementor-grid\" role=\"list\">\n\t\t\t\t\t\t\t<span class=\"elementor-grid-item\" role=\"listitem\">\n\t\t\t\t\t<a class=\"elementor-icon elementor-social-icon elementor-social-icon-facebook elementor-animation-grow elementor-repeater-item-48f04ab\" target=\"_blank\">\n\t\t\t\t\t\t<span class=\"elementor-screen-only\">Facebook<\/span>\n\t\t\t\t\t\t<i aria-hidden=\"true\" class=\"fab fa-facebook\"><\/i>\t\t\t\t\t<\/a>\n\t\t\t\t<\/span>\n\t\t\t\t\t\t\t<span class=\"elementor-grid-item\" role=\"listitem\">\n\t\t\t\t\t<a class=\"elementor-icon elementor-social-icon elementor-social-icon-twitter elementor-animation-grow elementor-repeater-item-8b2c5d5\" target=\"_blank\">\n\t\t\t\t\t\t<span class=\"elementor-screen-only\">Twitter<\/span>\n\t\t\t\t\t\t<i aria-hidden=\"true\" class=\"fab fa-twitter\"><\/i>\t\t\t\t\t<\/a>\n\t\t\t\t<\/span>\n\t\t\t\t\t\t\t<span class=\"elementor-grid-item\" role=\"listitem\">\n\t\t\t\t\t<a class=\"elementor-icon elementor-social-icon elementor-social-icon-google-plus elementor-animation-grow elementor-repeater-item-84df313\" target=\"_blank\">\n\t\t\t\t\t\t<span class=\"elementor-screen-only\">Google-plus<\/span>\n\t\t\t\t\t\t<i aria-hidden=\"true\" class=\"fab fa-google-plus\"><\/i>\t\t\t\t\t<\/a>\n\t\t\t\t<\/span>\n\t\t\t\t\t<\/div>\n\t\t\t\t\t\t<\/div>\n\t\t\t\t<\/div>\n\t\t\t\t\t<\/div>\n\t\t<\/div>\n\t\t\t\t\t<\/div>\n\t\t<\/section>\n\t\t\t\t<\/div>\n\t\t","protected":false},"excerpt":{"rendered":"<p>AllX-TANKCOPTERXERALL ATD Introducing the XERALL ADT: The Ultimate All-Terrain Drone Take a look at XERALL\u00a0ATD incredible drone, designed to navigate through rough terrain, capable of vertical takeoff and landing, and even swimming. This appears to be the ideal configuration and UPDATE 23\/01\/2019 INDIEGOGO CAMPAIGN We are happy to announce we have launched the Crowdfunding campaign [&hellip;]<!-- AddThis Advanced Settings generic via filter on wp_trim_excerpt --><!-- AddThis Share Buttons generic via filter on wp_trim_excerpt --><\/p>\n","protected":false},"author":1,"featured_media":0,"parent":0,"menu_order":0,"comment_status":"closed","ping_status":"closed","template":"","meta":{"_acf_changed":false,"om_disable_all_campaigns":false,"_monsterinsights_skip_tracking":false,"_monsterinsights_sitenote_active":false,"_monsterinsights_sitenote_note":"","_monsterinsights_sitenote_category":0,"footnotes":""},"class_list":["post-10510","page","type-page","status-publish","hentry"],"acf":[],"_links":{"self":[{"href":"https:\/\/xerall.com\/sv\/wp-json\/wp\/v2\/pages\/10510","targetHints":{"allow":["GET"]}}],"collection":[{"href":"https:\/\/xerall.com\/sv\/wp-json\/wp\/v2\/pages"}],"about":[{"href":"https:\/\/xerall.com\/sv\/wp-json\/wp\/v2\/types\/page"}],"author":[{"embeddable":true,"href":"https:\/\/xerall.com\/sv\/wp-json\/wp\/v2\/users\/1"}],"replies":[{"embeddable":true,"href":"https:\/\/xerall.com\/sv\/wp-json\/wp\/v2\/comments?post=10510"}],"version-history":[{"count":2,"href":"https:\/\/xerall.com\/sv\/wp-json\/wp\/v2\/pages\/10510\/revisions"}],"predecessor-version":[{"id":12340,"href":"https:\/\/xerall.com\/sv\/wp-json\/wp\/v2\/pages\/10510\/revisions\/12340"}],"wp:attachment":[{"href":"https:\/\/xerall.com\/sv\/wp-json\/wp\/v2\/media?parent=10510"}],"curies":[{"name":"wp","href":"https:\/\/api.w.org\/{rel}","templated":true}]}}