{"id":8136,"date":"2020-07-21T18:44:16","date_gmt":"2020-07-21T16:44:16","guid":{"rendered":"https:\/\/xerall.com\/aterforsaljare\/"},"modified":"2024-01-10T17:04:08","modified_gmt":"2024-01-10T16:04:08","slug":"aterforsaljare","status":"publish","type":"page","link":"https:\/\/xerall.com\/sv\/aterforsaljare\/","title":{"rendered":"\u00c5terf\u00f6rs\u00e4ljare"},"content":{"rendered":"\t\t<div data-elementor-type=\"wp-page\" data-elementor-id=\"8136\" class=\"elementor elementor-8136 elementor-832\">\n\t\t\t\t\t\t<section class=\"elementor-section elementor-top-section elementor-element elementor-element-5bd4e71 elementor-section-boxed elementor-section-height-default elementor-section-height-default\" data-id=\"5bd4e71\" data-element_type=\"section\" data-e-type=\"section\">\n\t\t\t\t\t\t<div class=\"elementor-container elementor-column-gap-default\">\n\t\t\t\t\t<div class=\"elementor-column elementor-col-100 elementor-top-column elementor-element elementor-element-2664ef1\" data-id=\"2664ef1\" data-element_type=\"column\" data-e-type=\"column\">\n\t\t\t<div class=\"elementor-widget-wrap elementor-element-populated\">\n\t\t\t\t\t\t<div class=\"elementor-element elementor-element-3d72288 elementor-widget elementor-widget-image\" data-id=\"3d72288\" data-element_type=\"widget\" data-e-type=\"widget\" data-widget_type=\"image.default\">\n\t\t\t\t<div class=\"elementor-widget-container\">\n\t\t\t\t\t\t\t\t\t\t\t\t\t\t\t<img fetchpriority=\"high\" decoding=\"async\" width=\"1000\" height=\"563\" src=\"https:\/\/xerall.com\/wp-content\/uploads\/2017\/01\/xERALL-1000-.jpg\" class=\"attachment-full size-full wp-image-8939\" alt=\"\" srcset=\"https:\/\/xerall.com\/wp-content\/uploads\/2017\/01\/xERALL-1000-.jpg 1000w, https:\/\/xerall.com\/wp-content\/uploads\/2017\/01\/xERALL-1000--300x169.jpg 300w, https:\/\/xerall.com\/wp-content\/uploads\/2017\/01\/xERALL-1000--768x432.jpg 768w\" sizes=\"(max-width: 1000px) 100vw, 1000px\" \/>\t\t\t\t\t\t\t\t\t\t\t\t\t\t\t<\/div>\n\t\t\t\t<\/div>\n\t\t\t\t\t<\/div>\n\t\t<\/div>\n\t\t\t\t\t<\/div>\n\t\t<\/section>\n\t\t\t\t<section class=\"elementor-section elementor-top-section elementor-element elementor-element-b3b15c6 elementor-section-boxed elementor-section-height-default elementor-section-height-default\" data-id=\"b3b15c6\" data-element_type=\"section\" data-e-type=\"section\">\n\t\t\t\t\t\t<div class=\"elementor-container elementor-column-gap-default\">\n\t\t\t\t\t<div class=\"elementor-column elementor-col-100 elementor-top-column elementor-element elementor-element-ef77b95\" data-id=\"ef77b95\" data-element_type=\"column\" data-e-type=\"column\">\n\t\t\t<div class=\"elementor-widget-wrap elementor-element-populated\">\n\t\t\t\t\t\t<div class=\"elementor-element elementor-element-563b20e elementor-widget elementor-widget-text-editor\" data-id=\"563b20e\" data-element_type=\"widget\" data-e-type=\"widget\" data-widget_type=\"text-editor.default\">\n\t\t\t\t<div class=\"elementor-widget-container\">\n\t\t\t\t\t\t\t\t\t<p>Vi \u00e4r mer \u00e4n glada att se dig p\u00e5 denna sida. Om du k\u00e4nner samma sp\u00e4nning om v\u00e5rt projekt, har vi n\u00e5got gemensamt. L\u00e5t oss ta det till en annan niv\u00e5 och b\u00f6rja arbeta tillsammans. Vi s\u00f6ker handelspartner runt om i v\u00e4rlden. Fyll i formul\u00e4ret nedan s\u00e5 \u00e5terkommer vi till dig med det b\u00e4sta erbjudandet.<\/p>\n\t\t\t\t\t\t\t\t<\/div>\n\t\t\t\t<\/div>\n\t\t\t\t\t<\/div>\n\t\t<\/div>\n\t\t\t\t\t<\/div>\n\t\t<\/section>\n\t\t\t\t<section class=\"elementor-section elementor-top-section elementor-element elementor-element-d75c6d9 elementor-section-boxed elementor-section-height-default elementor-section-height-default\" data-id=\"d75c6d9\" data-element_type=\"section\" data-e-type=\"section\">\n\t\t\t\t\t\t<div class=\"elementor-container elementor-column-gap-default\">\n\t\t\t\t\t<div class=\"elementor-column elementor-col-100 elementor-top-column elementor-element elementor-element-8465cfd\" data-id=\"8465cfd\" data-element_type=\"column\" data-e-type=\"column\">\n\t\t\t<div class=\"elementor-widget-wrap elementor-element-populated\">\n\t\t\t\t\t\t<div class=\"elementor-element elementor-element-2aa0801 elementor-widget elementor-widget-text-editor\" data-id=\"2aa0801\" data-element_type=\"widget\" data-e-type=\"widget\" data-widget_type=\"text-editor.default\">\n\t\t\t\t<div class=\"elementor-widget-container\">\n\t\t\t\t\t\t\t\t\t<p style=\"text-align: center;\">Kontakta oss p\u00e5: <a href=\"mailto:distribution@xerall.com\">distribution@xerall.com<\/a><\/p>\n\t\t\t\t\t\t\t\t<\/div>\n\t\t\t\t<\/div>\n\t\t\t\t\t<\/div>\n\t\t<\/div>\n\t\t\t\t\t<\/div>\n\t\t<\/section>\n\t\t\t\t<section class=\"elementor-section elementor-top-section elementor-element elementor-element-9506e8f elementor-section-boxed elementor-section-height-default elementor-section-height-default\" data-id=\"9506e8f\" data-element_type=\"section\" data-e-type=\"section\">\n\t\t\t\t\t\t<div class=\"elementor-container elementor-column-gap-default\">\n\t\t\t\t\t<div class=\"elementor-column elementor-col-100 elementor-top-column elementor-element elementor-element-2e523f3\" data-id=\"2e523f3\" data-element_type=\"column\" data-e-type=\"column\">\n\t\t\t<div class=\"elementor-widget-wrap elementor-element-populated\">\n\t\t\t\t\t\t<div class=\"elementor-element elementor-element-ff72c3e elementor-shape-rounded elementor-grid-0 e-grid-align-center elementor-widget elementor-widget-social-icons\" data-id=\"ff72c3e\" data-element_type=\"widget\" data-e-type=\"widget\" data-widget_type=\"social-icons.default\">\n\t\t\t\t<div class=\"elementor-widget-container\">\n\t\t\t\t\t\t\t<div class=\"elementor-social-icons-wrapper elementor-grid\" role=\"list\">\n\t\t\t\t\t\t\t<span class=\"elementor-grid-item\" role=\"listitem\">\n\t\t\t\t\t<a class=\"elementor-icon elementor-social-icon elementor-social-icon-facebook elementor-animation-grow elementor-repeater-item-9137c71\" target=\"_blank\">\n\t\t\t\t\t\t<span class=\"elementor-screen-only\">Facebook<\/span>\n\t\t\t\t\t\t<i aria-hidden=\"true\" class=\"fab fa-facebook\"><\/i>\t\t\t\t\t<\/a>\n\t\t\t\t<\/span>\n\t\t\t\t\t\t\t<span class=\"elementor-grid-item\" role=\"listitem\">\n\t\t\t\t\t<a class=\"elementor-icon elementor-social-icon elementor-social-icon-twitter elementor-animation-grow elementor-repeater-item-353fe28\" target=\"_blank\">\n\t\t\t\t\t\t<span class=\"elementor-screen-only\">Twitter<\/span>\n\t\t\t\t\t\t<i aria-hidden=\"true\" class=\"fab fa-twitter\"><\/i>\t\t\t\t\t<\/a>\n\t\t\t\t<\/span>\n\t\t\t\t\t\t\t<span class=\"elementor-grid-item\" role=\"listitem\">\n\t\t\t\t\t<a class=\"elementor-icon elementor-social-icon elementor-social-icon-google-plus elementor-animation-grow elementor-repeater-item-d4c37ae\" target=\"_blank\">\n\t\t\t\t\t\t<span class=\"elementor-screen-only\">Google-plus<\/span>\n\t\t\t\t\t\t<i aria-hidden=\"true\" class=\"fab fa-google-plus\"><\/i>\t\t\t\t\t<\/a>\n\t\t\t\t<\/span>\n\t\t\t\t\t<\/div>\n\t\t\t\t\t\t<\/div>\n\t\t\t\t<\/div>\n\t\t\t\t\t<\/div>\n\t\t<\/div>\n\t\t\t\t\t<\/div>\n\t\t<\/section>\n\t\t\t\t<\/div>\n\t\t<!-- AddThis Advanced Settings generic via filter on the_content --><!-- AddThis Share Buttons generic via filter on the_content -->","protected":false},"excerpt":{"rendered":"<p>Vi \u00e4r mer \u00e4n glada att se dig p\u00e5 denna sida. Om du k\u00e4nner samma sp\u00e4nning om v\u00e5rt projekt, har vi n\u00e5got gemensamt. L\u00e5t oss ta det till en annan niv\u00e5 och b\u00f6rja arbeta tillsammans. Vi s\u00f6ker handelspartner runt om i v\u00e4rlden. Fyll i formul\u00e4ret nedan s\u00e5 \u00e5terkommer vi till dig med det b\u00e4sta erbjudandet. [&hellip;]<!-- AddThis Advanced Settings generic via filter on wp_trim_excerpt --><!-- AddThis Share Buttons generic via filter on wp_trim_excerpt --><\/p>\n","protected":false},"author":1,"featured_media":0,"parent":0,"menu_order":0,"comment_status":"closed","ping_status":"closed","template":"","meta":{"_acf_changed":false,"om_disable_all_campaigns":false,"_monsterinsights_skip_tracking":false,"_monsterinsights_sitenote_active":false,"_monsterinsights_sitenote_note":"","_monsterinsights_sitenote_category":0,"footnotes":""},"class_list":["post-8136","page","type-page","status-publish","hentry"],"acf":[],"_links":{"self":[{"href":"https:\/\/xerall.com\/sv\/wp-json\/wp\/v2\/pages\/8136","targetHints":{"allow":["GET"]}}],"collection":[{"href":"https:\/\/xerall.com\/sv\/wp-json\/wp\/v2\/pages"}],"about":[{"href":"https:\/\/xerall.com\/sv\/wp-json\/wp\/v2\/types\/page"}],"author":[{"embeddable":true,"href":"https:\/\/xerall.com\/sv\/wp-json\/wp\/v2\/users\/1"}],"replies":[{"embeddable":true,"href":"https:\/\/xerall.com\/sv\/wp-json\/wp\/v2\/comments?post=8136"}],"version-history":[{"count":2,"href":"https:\/\/xerall.com\/sv\/wp-json\/wp\/v2\/pages\/8136\/revisions"}],"predecessor-version":[{"id":12861,"href":"https:\/\/xerall.com\/sv\/wp-json\/wp\/v2\/pages\/8136\/revisions\/12861"}],"wp:attachment":[{"href":"https:\/\/xerall.com\/sv\/wp-json\/wp\/v2\/media?parent=8136"}],"curies":[{"name":"wp","href":"https:\/\/api.w.org\/{rel}","templated":true}]}}