{"id":8144,"date":"2020-07-21T18:44:19","date_gmt":"2020-07-21T16:44:19","guid":{"rendered":"https:\/\/xerall.com\/rc-forum\/"},"modified":"2023-09-30T09:48:54","modified_gmt":"2023-09-30T07:48:54","slug":"rc-forum","status":"publish","type":"page","link":"https:\/\/xerall.com\/sv\/rc-forum\/","title":{"rendered":"RC Forum"},"content":{"rendered":"\t\t<div data-elementor-type=\"wp-page\" data-elementor-id=\"8144\" class=\"elementor elementor-8144 elementor-505\">\n\t\t\t\t\t\t<section class=\"elementor-section elementor-top-section elementor-element elementor-element-16fe850 elementor-section-boxed elementor-section-height-default elementor-section-height-default\" data-id=\"16fe850\" data-element_type=\"section\" data-e-type=\"section\">\n\t\t\t\t\t\t<div class=\"elementor-container elementor-column-gap-default\">\n\t\t\t\t\t<div class=\"elementor-column elementor-col-100 elementor-top-column elementor-element elementor-element-eb120d4\" data-id=\"eb120d4\" data-element_type=\"column\" data-e-type=\"column\" data-settings=\"{&quot;background_background&quot;:&quot;classic&quot;}\">\n\t\t\t<div class=\"elementor-widget-wrap elementor-element-populated\">\n\t\t\t\t\t\t<div class=\"elementor-element elementor-element-22d58d2 elementor-widget elementor-widget-raven-posts\" data-id=\"22d58d2\" data-element_type=\"widget\" data-e-type=\"widget\" data-settings=\"{&quot;classic_show_sortable&quot;:&quot;yes&quot;,&quot;classic_show_pagination&quot;:&quot;yes&quot;,&quot;_skin&quot;:&quot;classic&quot;,&quot;classic_layout&quot;:&quot;grid&quot;,&quot;classic_columns&quot;:&quot;3&quot;,&quot;classic_columns_tablet&quot;:&quot;2&quot;,&quot;classic_columns_mobile&quot;:&quot;1&quot;,&quot;query_posts_per_page&quot;:6,&quot;classic_show_all_title&quot;:&quot;yes&quot;,&quot;classic_pagination_type&quot;:&quot;page_based&quot;,&quot;query_offset&quot;:0}\" data-widget_type=\"raven-posts.classic\">\n\t\t\t\t<div class=\"elementor-widget-container\">\n\t\t\t\t\t\t\t<div class=\"raven-sortable\">\n\t\t\t<div class=\"raven-sortable-items\">\n\t\t\t\t<a class=\"raven-sortable-item raven-sortable-active\" data-category=\"-1\" href=\"#\">All<\/a><a class=\"raven-sortable-item\" data-category=\"285\" href=\"#\">X-TankCopter<\/a><a class=\"raven-sortable-item\" data-category=\"438\" href=\"#\">XERALL ATD<\/a>\t\t\t<\/div>\n\t\t<\/div>\n\t\t\t\t<div class=\"raven-posts raven-grid raven-grid-3 raven-grid-mobile-1 raven-grid-tablet-2\" data-post-id=\"8144\" data-archive-query=\"\" data-lang=\"\">\n\t\t\t\t<div class=\"raven-grid-item raven-post-item post-12192 post type-post status-publish format-standard hentry category-xerall-atd-sv\">\n\t\t\t<div class=\"raven-post elementor-animation-grow\">\n\t\t\t\t\t\t\t\t<div class=\"raven-post-content\">\n\t\t\t\t\t<h4 class=\"raven-post-title\"><a class=\"raven-post-title-link\" href=\"https:\/\/xerall.com\/sv\/vi-presenterar-xerall-adt-den-ultimata-terrangdronaren\/\">Vi presenterar XERALL ADT: Den ultimata terr\u00e4ngdr\u00f6naren<\/a><\/h4><div class=\"raven-post-excerpt\">Ta en titt p\u00e5 XERALL ATD otrolig dr\u00f6nare, utformad f\u00f6r att navigera genom grov terr\u00e4ng, som kan vertikal start och landning och till och med simma. Detta verkar vara den<!-- AddThis Advanced Settings generic via filter on wp_trim_excerpt --><!-- AddThis Share Buttons generic via filter on wp_trim_excerpt --><\/div>\t\t<div class=\"raven-post-meta\"><a class=\"raven-post-meta-item raven-post-date\" href=\"https:\/\/xerall.com\/sv\/2023\/09\/\" rel=\"bookmark\">30 september 2023<\/a>\n<span class=\"raven-post-meta-divider\">\/<\/span>\n<span class=\"raven-post-meta-item raven-post-categories\"><a href=\"https:\/\/xerall.com\/sv\/category\/xerall-atd-sv\/\" rel=\"tag\">XERALL ATD<\/a><\/span>\n<span class=\"raven-post-meta-divider\">\/<\/span>\n<a class=\"raven-post-meta-item raven-post-comments\" href=\"https:\/\/xerall.com\/sv\/vi-presenterar-xerall-adt-den-ultimata-terrangdronaren\/#comments\" rel=\"bookmark\">Inga kommentarer<\/a><\/div>\n\t\t\t\t\t\t<\/div>\n\t\t\t<\/div>\n\t\t<\/div>\n\t\t\t\t<div class=\"raven-grid-item raven-post-item post-12119 post type-post status-publish format-standard hentry\">\n\t\t\t<div class=\"raven-post elementor-animation-grow\">\n\t\t\t\t\t\t\t\t<div class=\"raven-post-content\">\n\t\t\t\t\t<h4 class=\"raven-post-title\"><a class=\"raven-post-title-link\" href=\"https:\/\/xerall.com\/sv\/uppdatering-23-01-2019\/\">UPPDATERING 23\/01\/2019<\/a><\/h4><div class=\"raven-post-excerpt\"><!-- AddThis Advanced Settings generic via filter on wp_trim_excerpt --><!-- AddThis Share Buttons generic via filter on wp_trim_excerpt --><\/div>\t\t<div class=\"raven-post-meta\"><a class=\"raven-post-meta-item raven-post-date\" href=\"https:\/\/xerall.com\/sv\/2023\/09\/\" rel=\"bookmark\">30 september 2023<\/a>\n<span class=\"raven-post-meta-divider\">\/<\/span>\n<a class=\"raven-post-meta-item raven-post-comments\" href=\"https:\/\/xerall.com\/sv\/uppdatering-23-01-2019\/#comments\" rel=\"bookmark\">Inga kommentarer<\/a><\/div>\n\t\t\t\t\t\t<\/div>\n\t\t\t<\/div>\n\t\t<\/div>\n\t\t\t\t<div class=\"raven-grid-item raven-post-item post-12102 post type-post status-publish format-standard hentry\">\n\t\t\t<div class=\"raven-post elementor-animation-grow\">\n\t\t\t\t\t\t\t\t<div class=\"raven-post-content\">\n\t\t\t\t\t<h4 class=\"raven-post-title\"><a class=\"raven-post-title-link\" href=\"https:\/\/xerall.com\/sv\/indiegogo-kampanjen-2\/\">INDIEGOGO-KAMPANJEN<\/a><\/h4><div class=\"raven-post-excerpt\">Vi \u00e4r glada att kunna meddela att vi har lanserat Crowdfunding-kampanjen f\u00f6r n\u00e5gra minuter sedan! Som utlovat \u00e4r ni de f\u00f6rsta som informeras. F\u00f6r att s\u00e4ga TACK f\u00f6r att du<!-- AddThis Advanced Settings generic via filter on wp_trim_excerpt --><!-- AddThis Share Buttons generic via filter on wp_trim_excerpt --><\/div>\t\t<div class=\"raven-post-meta\"><a class=\"raven-post-meta-item raven-post-date\" href=\"https:\/\/xerall.com\/sv\/2023\/09\/\" rel=\"bookmark\">30 september 2023<\/a>\n<span class=\"raven-post-meta-divider\">\/<\/span>\n<a class=\"raven-post-meta-item raven-post-comments\" href=\"https:\/\/xerall.com\/sv\/indiegogo-kampanjen-2\/#comments\" rel=\"bookmark\">Inga kommentarer<\/a><\/div>\n\t\t\t\t\t\t<\/div>\n\t\t\t<\/div>\n\t\t<\/div>\n\t\t\t\t<div class=\"raven-grid-item raven-post-item post-12095 post type-post status-publish format-standard hentry category-x-takcopter-sv\">\n\t\t\t<div class=\"raven-post elementor-animation-grow\">\n\t\t\t\t\t\t\t\t<div class=\"raven-post-content\">\n\t\t\t\t\t<h4 class=\"raven-post-title\"><a class=\"raven-post-title-link\" href=\"https:\/\/xerall.com\/sv\/indiegogo-kampanjen\/\">INDIEGOGO-KAMPANJEN<\/a><\/h4><div class=\"raven-post-excerpt\">Vi \u00e4r glada att kunna meddela att vi har lanserat Crowdfunding-kampanjen f\u00f6r n\u00e5gra minuter sedan! Som utlovat \u00e4r ni de f\u00f6rsta som informeras. F\u00f6r att s\u00e4ga TACK f\u00f6r att du<!-- AddThis Advanced Settings generic via filter on wp_trim_excerpt --><!-- AddThis Share Buttons generic via filter on wp_trim_excerpt --><\/div>\t\t<div class=\"raven-post-meta\"><a class=\"raven-post-meta-item raven-post-date\" href=\"https:\/\/xerall.com\/sv\/2023\/09\/\" rel=\"bookmark\">30 september 2023<\/a>\n<span class=\"raven-post-meta-divider\">\/<\/span>\n<span class=\"raven-post-meta-item raven-post-categories\"><a href=\"https:\/\/xerall.com\/sv\/category\/x-takcopter-sv\/\" rel=\"tag\">X-TankCopter<\/a><\/span>\n<span class=\"raven-post-meta-divider\">\/<\/span>\n<a class=\"raven-post-meta-item raven-post-comments\" href=\"https:\/\/xerall.com\/sv\/indiegogo-kampanjen\/#comments\" rel=\"bookmark\">Inga kommentarer<\/a><\/div>\n\t\t\t\t\t\t<\/div>\n\t\t\t<\/div>\n\t\t<\/div>\n\t\t\t\t<div class=\"raven-grid-item raven-post-item post-8374 post type-post status-publish format-standard has-post-thumbnail hentry category-x-takcopter-sv\">\n\t\t\t<div class=\"raven-post elementor-animation-grow\">\n\t\t\t\t\t\t<div class=\"raven-post-image-wrap\">\n\t\t\t<a class=\"raven-post-image raven-image-fit\" href=\"https:\/\/xerall.com\/sv\/indiegogo-campaign\/\"><img fetchpriority=\"high\" decoding=\"async\" width=\"1024\" height=\"812\" src=\"https:\/\/xerall.com\/wp-content\/uploads\/2019\/02\/we-need-your-support2-1024x812.jpg\" class=\"attachment-large size-large wp-image-8151\" alt=\"\" srcset=\"https:\/\/xerall.com\/wp-content\/uploads\/2019\/02\/we-need-your-support2-1024x812.jpg 1024w, https:\/\/xerall.com\/wp-content\/uploads\/2019\/02\/we-need-your-support2-1000x793.jpg 1000w, https:\/\/xerall.com\/wp-content\/uploads\/2019\/02\/we-need-your-support2-300x238.jpg 300w, https:\/\/xerall.com\/wp-content\/uploads\/2019\/02\/we-need-your-support2-768x609.jpg 768w, https:\/\/xerall.com\/wp-content\/uploads\/2019\/02\/we-need-your-support2.jpg 1200w\" sizes=\"(max-width: 1024px) 100vw, 1024px\" \/> <span class=\"raven-post-image-overlay\"><\/span><\/a>\t\t<\/div>\n\t\t\t\t\t\t<div class=\"raven-post-content\">\n\t\t\t\t\t<h4 class=\"raven-post-title\"><a class=\"raven-post-title-link\" href=\"https:\/\/xerall.com\/sv\/indiegogo-campaign\/\">INDIEGOGO CAMPAIGN<\/a><\/h4><div class=\"raven-post-excerpt\">We are happy to announce we have launched the Crowdfunding campaign a few minutes ago! As promised you are the first to be informed. To say\u00a0 THANK YOU for being<!-- AddThis Advanced Settings generic via filter on wp_trim_excerpt --><!-- AddThis Share Buttons generic via filter on wp_trim_excerpt --><\/div>\t\t<div class=\"raven-post-meta\"><a class=\"raven-post-meta-item raven-post-date\" href=\"https:\/\/xerall.com\/sv\/2019\/02\/\" rel=\"bookmark\">12 februari 2019<\/a>\n<span class=\"raven-post-meta-divider\">\/<\/span>\n<span class=\"raven-post-meta-item raven-post-categories\"><a href=\"https:\/\/xerall.com\/sv\/category\/x-takcopter-sv\/\" rel=\"tag\">X-TankCopter<\/a><\/span>\n<span class=\"raven-post-meta-divider\">\/<\/span>\n<a class=\"raven-post-meta-item raven-post-comments\" href=\"https:\/\/xerall.com\/sv\/indiegogo-campaign\/#comments\" rel=\"bookmark\">Inga kommentarer<\/a><\/div>\n\t\t\t\t\t\t<\/div>\n\t\t\t<\/div>\n\t\t<\/div>\n\t\t\t\t<div class=\"raven-grid-item raven-post-item post-8378 post type-post status-publish format-standard has-post-thumbnail hentry category-x-takcopter\">\n\t\t\t<div class=\"raven-post elementor-animation-grow\">\n\t\t\t\t\t\t<div class=\"raven-post-image-wrap\">\n\t\t\t<a class=\"raven-post-image raven-image-fit\" href=\"https:\/\/xerall.com\/sv\/1913\/\"><img decoding=\"async\" width=\"1024\" height=\"576\" src=\"https:\/\/xerall.com\/wp-content\/uploads\/2019\/01\/casey-neistat-xerall-1-1024x576.jpg\" class=\"attachment-large size-large wp-image-8158\" alt=\"\" srcset=\"https:\/\/xerall.com\/wp-content\/uploads\/2019\/01\/casey-neistat-xerall-1-1024x576.jpg 1024w, https:\/\/xerall.com\/wp-content\/uploads\/2019\/01\/casey-neistat-xerall-1-1000x562.jpg 1000w, https:\/\/xerall.com\/wp-content\/uploads\/2019\/01\/casey-neistat-xerall-1-300x169.jpg 300w, https:\/\/xerall.com\/wp-content\/uploads\/2019\/01\/casey-neistat-xerall-1-768x432.jpg 768w, https:\/\/xerall.com\/wp-content\/uploads\/2019\/01\/casey-neistat-xerall-1.jpg 1300w\" sizes=\"(max-width: 1024px) 100vw, 1024px\" \/> <span class=\"raven-post-image-overlay\"><\/span><\/a>\t\t<\/div>\n\t\t\t\t\t\t<div class=\"raven-post-content\">\n\t\t\t\t\t<h4 class=\"raven-post-title\"><a class=\"raven-post-title-link\" href=\"https:\/\/xerall.com\/sv\/1913\/\">UPDATE 23\/01\/2019<\/a><\/h4><div class=\"raven-post-excerpt\">Hello Our apologies for a long time since the last update. here is what happened since the last update: 1. We managed to meet with Prime Minister of Poland and<!-- AddThis Advanced Settings generic via filter on wp_trim_excerpt --><!-- AddThis Share Buttons generic via filter on wp_trim_excerpt --><\/div>\t\t<div class=\"raven-post-meta\"><a class=\"raven-post-meta-item raven-post-date\" href=\"https:\/\/xerall.com\/sv\/2019\/01\/\" rel=\"bookmark\">23 januari 2019<\/a>\n<span class=\"raven-post-meta-divider\">\/<\/span>\n<span class=\"raven-post-meta-item raven-post-categories\"><a href=\"https:\/\/xerall.com\/category\/x-takcopter\/\" rel=\"tag\">X-TANKCOPTER<\/a><\/span>\n<span class=\"raven-post-meta-divider\">\/<\/span>\n<a class=\"raven-post-meta-item raven-post-comments\" href=\"https:\/\/xerall.com\/sv\/1913\/#comments\" rel=\"bookmark\">Inga kommentarer<\/a><\/div>\n\t\t\t\t\t\t<\/div>\n\t\t\t<\/div>\n\t\t<\/div>\n\t\t\t\t<\/div>\n\t\t\t\t<div class=\"raven-pagination\" data-settings=\"{&quot;posts_per_page&quot;:6,&quot;total_pages&quot;:4,&quot;pages_visible&quot;:7}\">\n\t\t\t<div class=\"raven-pagination-items\">\n\t\t\t\t<a class=\"raven-pagination-prev raven-pagination-item raven-pagination-disabled\" href=\"#\">&laquo; Prev<\/a><a class=\"raven-pagination-num raven-pagination-item raven-pagination-active\" href=\"#\" data-page-num=\"1\">1<\/a><a class=\"raven-pagination-num raven-pagination-item\" href=\"#\" data-page-num=\"2\">2<\/a><a class=\"raven-pagination-num raven-pagination-item\" href=\"#\" data-page-num=\"3\">3<\/a><a class=\"raven-pagination-num raven-pagination-item\" href=\"#\" data-page-num=\"4\">4<\/a><a class=\"raven-pagination-next raven-pagination-item\" href=\"#\">Next &raquo;<\/a>\t\t\t<\/div>\n\t\t<\/div>\n\t\t\t\t\t\t<\/div>\n\t\t\t\t<\/div>\n\t\t\t\t\t<\/div>\n\t\t<\/div>\n\t\t\t\t\t<\/div>\n\t\t<\/section>\n\t\t\t\t<section class=\"elementor-section elementor-top-section elementor-element elementor-element-64068b4 elementor-section-boxed elementor-section-height-default elementor-section-height-default\" data-id=\"64068b4\" data-element_type=\"section\" data-e-type=\"section\">\n\t\t\t\t\t\t<div class=\"elementor-container elementor-column-gap-default\">\n\t\t\t\t\t<div class=\"elementor-column elementor-col-100 elementor-top-column elementor-element elementor-element-f296f8b\" data-id=\"f296f8b\" data-element_type=\"column\" data-e-type=\"column\">\n\t\t\t<div class=\"elementor-widget-wrap elementor-element-populated\">\n\t\t\t\t\t\t<div class=\"elementor-element elementor-element-94a6095 elementor-shape-rounded elementor-grid-0 e-grid-align-center elementor-widget elementor-widget-social-icons\" data-id=\"94a6095\" data-element_type=\"widget\" data-e-type=\"widget\" data-widget_type=\"social-icons.default\">\n\t\t\t\t<div class=\"elementor-widget-container\">\n\t\t\t\t\t\t\t<div class=\"elementor-social-icons-wrapper elementor-grid\" role=\"list\">\n\t\t\t\t\t\t\t<span class=\"elementor-grid-item\" role=\"listitem\">\n\t\t\t\t\t<a class=\"elementor-icon elementor-social-icon elementor-social-icon-facebook elementor-animation-grow elementor-repeater-item-48f04ab\" target=\"_blank\">\n\t\t\t\t\t\t<span class=\"elementor-screen-only\">Facebook<\/span>\n\t\t\t\t\t\t<i aria-hidden=\"true\" class=\"fab fa-facebook\"><\/i>\t\t\t\t\t<\/a>\n\t\t\t\t<\/span>\n\t\t\t\t\t\t\t<span class=\"elementor-grid-item\" role=\"listitem\">\n\t\t\t\t\t<a class=\"elementor-icon elementor-social-icon elementor-social-icon-twitter elementor-animation-grow elementor-repeater-item-8b2c5d5\" target=\"_blank\">\n\t\t\t\t\t\t<span class=\"elementor-screen-only\">Twitter<\/span>\n\t\t\t\t\t\t<i aria-hidden=\"true\" class=\"fab fa-twitter\"><\/i>\t\t\t\t\t<\/a>\n\t\t\t\t<\/span>\n\t\t\t\t\t\t\t<span class=\"elementor-grid-item\" role=\"listitem\">\n\t\t\t\t\t<a class=\"elementor-icon elementor-social-icon elementor-social-icon-google-plus elementor-animation-grow elementor-repeater-item-84df313\" target=\"_blank\">\n\t\t\t\t\t\t<span class=\"elementor-screen-only\">Google-plus<\/span>\n\t\t\t\t\t\t<i aria-hidden=\"true\" class=\"fab fa-google-plus\"><\/i>\t\t\t\t\t<\/a>\n\t\t\t\t<\/span>\n\t\t\t\t\t<\/div>\n\t\t\t\t\t\t<\/div>\n\t\t\t\t<\/div>\n\t\t\t\t\t<\/div>\n\t\t<\/div>\n\t\t\t\t\t<\/div>\n\t\t<\/section>\n\t\t\t\t<\/div>\n\t\t","protected":false},"excerpt":{"rendered":"<p>AllX-TankCopterX-CarCopterFlying Car (scale 1:1) INDIEGOGO CAMPAIGN We are happy to announce we have launched the Crowdfunding campaign a few minutes ago! As promised you are the first to be informed. To say\u00a0 THANK YOU for being February 12, 2019 \/ X-TankCopter \/ 8 Comments UPDATE 23\/01\/2019 Hello Our apologies for a long time since the [&hellip;]<!-- AddThis Advanced Settings generic via filter on wp_trim_excerpt --><!-- AddThis Share Buttons generic via filter on wp_trim_excerpt --><\/p>\n","protected":false},"author":1,"featured_media":0,"parent":0,"menu_order":0,"comment_status":"closed","ping_status":"closed","template":"","meta":{"_acf_changed":false,"om_disable_all_campaigns":false,"_monsterinsights_skip_tracking":false,"_monsterinsights_sitenote_active":false,"_monsterinsights_sitenote_note":"","_monsterinsights_sitenote_category":0,"footnotes":""},"class_list":["post-8144","page","type-page","status-publish","hentry"],"acf":[],"_links":{"self":[{"href":"https:\/\/xerall.com\/sv\/wp-json\/wp\/v2\/pages\/8144","targetHints":{"allow":["GET"]}}],"collection":[{"href":"https:\/\/xerall.com\/sv\/wp-json\/wp\/v2\/pages"}],"about":[{"href":"https:\/\/xerall.com\/sv\/wp-json\/wp\/v2\/types\/page"}],"author":[{"embeddable":true,"href":"https:\/\/xerall.com\/sv\/wp-json\/wp\/v2\/users\/1"}],"replies":[{"embeddable":true,"href":"https:\/\/xerall.com\/sv\/wp-json\/wp\/v2\/comments?post=8144"}],"version-history":[{"count":1,"href":"https:\/\/xerall.com\/sv\/wp-json\/wp\/v2\/pages\/8144\/revisions"}],"predecessor-version":[{"id":12116,"href":"https:\/\/xerall.com\/sv\/wp-json\/wp\/v2\/pages\/8144\/revisions\/12116"}],"wp:attachment":[{"href":"https:\/\/xerall.com\/sv\/wp-json\/wp\/v2\/media?parent=8144"}],"curies":[{"name":"wp","href":"https:\/\/api.w.org\/{rel}","templated":true}]}}