{"id":8146,"date":"2020-07-21T18:44:19","date_gmt":"2020-07-21T16:44:19","guid":{"rendered":"https:\/\/xerall.com\/om\/"},"modified":"2023-09-30T09:48:46","modified_gmt":"2023-09-30T07:48:46","slug":"om","status":"publish","type":"page","link":"https:\/\/xerall.com\/sv\/om\/","title":{"rendered":"Om"},"content":{"rendered":"\t\t<div data-elementor-type=\"wp-page\" data-elementor-id=\"8146\" class=\"elementor elementor-8146 elementor-323\">\n\t\t\t\t\t\t<section class=\"elementor-section elementor-top-section elementor-element elementor-element-d48ce0e elementor-section-boxed elementor-section-height-default elementor-section-height-default\" data-id=\"d48ce0e\" data-element_type=\"section\" data-e-type=\"section\">\n\t\t\t\t\t\t<div class=\"elementor-container elementor-column-gap-default\">\n\t\t\t\t\t<div class=\"elementor-column elementor-col-100 elementor-top-column elementor-element elementor-element-ab0e755\" data-id=\"ab0e755\" data-element_type=\"column\" data-e-type=\"column\">\n\t\t\t<div class=\"elementor-widget-wrap elementor-element-populated\">\n\t\t\t\t\t\t<div class=\"elementor-element elementor-element-db58cb4 elementor-widget elementor-widget-text-editor\" data-id=\"db58cb4\" data-element_type=\"widget\" data-e-type=\"widget\" data-widget_type=\"text-editor.default\">\n\t\t\t\t<div class=\"elementor-widget-container\">\n\t\t\t\t\t\t\t\t\t<p>Xerall \u00e4r ett registrerat varum\u00e4rke av B-Technology Sp z.o.o. f\u00f6retag som specialiserat sig p\u00e5 design, FoU och produktion av innovativa terr\u00e4ngdr\u00f6nare, UAV, RC Leksaker, robotar och kundelektronik. V\u00e5rt m\u00e5l \u00e4r att f\u00e5 ny teknik till omr\u00e5det dr\u00f6nare och fordonstransporter med betoning p\u00e5 hur de r\u00f6r sig. Vi hoppas kunna skapa dr\u00f6naren\/fordonet som kan fungera i alla milj\u00f6er, vatten, mark och i luften. V\u00e5r f\u00f6rsta modell B Flying Car, framg\u00e5ngsrikt lanserad p\u00e5 Kickstarter-plattformen. Projektet f\u00f6rl\u00e4ngde sitt m\u00e5l och n\u00e5dde 122 000 pund sterling. Den andra kampanjen p\u00e5 Indiegogo-plattformen steg 4700 USD. Eftersom vi forts\u00e4tter att utveckla, \u00e4nnu mer, sp\u00e4nnande dr\u00f6nare, UAV: s, robotar och hoppas att skala v\u00e5r uppfinning till storleken p\u00e5 den bemannade fordonet (Flying Car).<br \/>V\u00e5r uppfinning skyddas av det beviljade internationella patentet. Det t\u00e4cker 80 procent av de globala marknaderna. I v\u00e5r korta historia hade vi en fantastisk m\u00f6jlighet att presentera v\u00e5r innovativa dr\u00f6nare i Sylvester Stallone film The Expendables 3. Kolla in filmen f\u00f6r att se hur v\u00e5r dr\u00f6nare presterade<\/p>\n\t\t\t\t\t\t\t\t<\/div>\n\t\t\t\t<\/div>\n\t\t\t\t\t<\/div>\n\t\t<\/div>\n\t\t\t\t\t<\/div>\n\t\t<\/section>\n\t\t\t\t<section class=\"elementor-section elementor-top-section elementor-element elementor-element-3122205 elementor-section-boxed elementor-section-height-default elementor-section-height-default\" data-id=\"3122205\" data-element_type=\"section\" data-e-type=\"section\">\n\t\t\t\t\t\t<div class=\"elementor-container elementor-column-gap-default\">\n\t\t\t\t\t<div class=\"elementor-column elementor-col-100 elementor-top-column elementor-element elementor-element-33f355a\" data-id=\"33f355a\" data-element_type=\"column\" data-e-type=\"column\">\n\t\t\t<div class=\"elementor-widget-wrap elementor-element-populated\">\n\t\t\t\t\t\t<div class=\"elementor-element elementor-element-423a574 elementor-widget elementor-widget-spacer\" data-id=\"423a574\" data-element_type=\"widget\" data-e-type=\"widget\" data-widget_type=\"spacer.default\">\n\t\t\t\t<div class=\"elementor-widget-container\">\n\t\t\t\t\t\t\t<div class=\"elementor-spacer\">\n\t\t\t<div class=\"elementor-spacer-inner\"><\/div>\n\t\t<\/div>\n\t\t\t\t\t\t<\/div>\n\t\t\t\t<\/div>\n\t\t\t\t\t<\/div>\n\t\t<\/div>\n\t\t\t\t\t<\/div>\n\t\t<\/section>\n\t\t\t\t<\/div>\n\t\t<!-- AddThis Advanced Settings generic via filter on the_content --><!-- AddThis Share Buttons generic via filter on the_content -->","protected":false},"excerpt":{"rendered":"<p>Xerall \u00e4r ett registrerat varum\u00e4rke av B-Technology Sp z.o.o. f\u00f6retag som specialiserat sig p\u00e5 design, FoU och produktion av innovativa terr\u00e4ngdr\u00f6nare, UAV, RC Leksaker, robotar och kundelektronik. V\u00e5rt m\u00e5l \u00e4r att f\u00e5 ny teknik till omr\u00e5det dr\u00f6nare och fordonstransporter med betoning p\u00e5 hur de r\u00f6r sig. Vi hoppas kunna skapa dr\u00f6naren\/fordonet som kan fungera i [&hellip;]<!-- AddThis Advanced Settings generic via filter on wp_trim_excerpt --><!-- AddThis Share Buttons generic via filter on wp_trim_excerpt --><\/p>\n","protected":false},"author":1,"featured_media":0,"parent":0,"menu_order":0,"comment_status":"closed","ping_status":"closed","template":"","meta":{"_acf_changed":false,"om_disable_all_campaigns":false,"_monsterinsights_skip_tracking":false,"_monsterinsights_sitenote_active":false,"_monsterinsights_sitenote_note":"","_monsterinsights_sitenote_category":0,"footnotes":""},"class_list":["post-8146","page","type-page","status-publish","hentry"],"acf":[],"_links":{"self":[{"href":"https:\/\/xerall.com\/sv\/wp-json\/wp\/v2\/pages\/8146","targetHints":{"allow":["GET"]}}],"collection":[{"href":"https:\/\/xerall.com\/sv\/wp-json\/wp\/v2\/pages"}],"about":[{"href":"https:\/\/xerall.com\/sv\/wp-json\/wp\/v2\/types\/page"}],"author":[{"embeddable":true,"href":"https:\/\/xerall.com\/sv\/wp-json\/wp\/v2\/users\/1"}],"replies":[{"embeddable":true,"href":"https:\/\/xerall.com\/sv\/wp-json\/wp\/v2\/comments?post=8146"}],"version-history":[{"count":1,"href":"https:\/\/xerall.com\/sv\/wp-json\/wp\/v2\/pages\/8146\/revisions"}],"predecessor-version":[{"id":12068,"href":"https:\/\/xerall.com\/sv\/wp-json\/wp\/v2\/pages\/8146\/revisions\/12068"}],"wp:attachment":[{"href":"https:\/\/xerall.com\/sv\/wp-json\/wp\/v2\/media?parent=8146"}],"curies":[{"name":"wp","href":"https:\/\/api.w.org\/{rel}","templated":true}]}}