{"id":11264,"date":"2022-12-18T22:59:14","date_gmt":"2022-12-18T21:59:14","guid":{"rendered":"https:\/\/xerall.com\/product\/x\/"},"modified":"2024-04-03T04:22:56","modified_gmt":"2024-04-03T02:22:56","slug":"vivi","status":"publish","type":"product","link":"https:\/\/xerall.com\/sv\/produkt\/vivi\/","title":{"rendered":"VIVI-DR\u00d6NARE MED HD-KAMERA SMARTPHONE-APP"},"content":{"rendered":"<p><img fetchpriority=\"high\" decoding=\"async\" class=\"aligncenter wp-image-11350 size-full\" src=\"https:\/\/xerall.com\/wp-content\/uploads\/2022\/12\/VIVI-A-content-1-1464x600-2.jpg\" alt=\"\" width=\"1464\" height=\"600\" srcset=\"https:\/\/xerall.com\/wp-content\/uploads\/2022\/12\/VIVI-A-content-1-1464x600-2.jpg 1464w, https:\/\/xerall.com\/wp-content\/uploads\/2022\/12\/VIVI-A-content-1-1464x600-2-300x123.jpg 300w, https:\/\/xerall.com\/wp-content\/uploads\/2022\/12\/VIVI-A-content-1-1464x600-2-1024x420.jpg 1024w, https:\/\/xerall.com\/wp-content\/uploads\/2022\/12\/VIVI-A-content-1-1464x600-2-768x315.jpg 768w, https:\/\/xerall.com\/wp-content\/uploads\/2022\/12\/VIVI-A-content-1-1464x600-2-1000x410.jpg 1000w\" sizes=\"(max-width: 1464px) 100vw, 1464px\" \/><\/p>\n<p>&nbsp;<\/p>\n<p style=\"text-align: center;\">M\u00d6T VIVI DEN MINSTA XERALL-DR\u00d6NAREN MED HD-KAMERA- Mycket stabil och l\u00e4tt att styra f\u00f6r nyb\u00f6rjare. L\u00e5t dig inte luras av dess lilla storlek, den \u00e4r full av m\u00e5nga funktioner: automatisk start och landning, videokamera med live\u00f6verf\u00f6ring i HD-kvalitet (FPV), anpassad rutt, huvudl\u00f6s funktion och m\u00e5nga fler &#8230;<\/p>\n<p style=\"text-align: center;\"><img decoding=\"async\" class=\"alignnone wp-image-11377 size-full\" src=\"https:\/\/xerall.com\/wp-content\/uploads\/2022\/12\/VIVI-CAMERA-700.jpg\" alt=\"\" width=\"700\" height=\"377\" srcset=\"https:\/\/xerall.com\/wp-content\/uploads\/2022\/12\/VIVI-CAMERA-700.jpg 700w, https:\/\/xerall.com\/wp-content\/uploads\/2022\/12\/VIVI-CAMERA-700-300x162.jpg 300w\" sizes=\"(max-width: 700px) 100vw, 700px\" \/><\/p>\n<p style=\"text-align: center;\"><strong>VIDEOKAMERA MED DIREKTUPPSPELNING AV VIDEO I HD-KVALITET (FPV)<\/strong><\/p>\n<p style=\"text-align: center;\">Dr\u00f6naren \u00e4r utrustad med en FPV HD-kamera 720p-\u00f6verf\u00f6ring, vilket inneb\u00e4r att du under flygningen kan visa livebilder i realtid p\u00e5 din smartphone<\/p>\n<p><img decoding=\"async\" class=\"aligncenter wp-image-11383 size-full\" src=\"https:\/\/xerall.com\/wp-content\/uploads\/2022\/12\/VIVI-SMARTPHONE-700.jpg\" alt=\"\" width=\"700\" height=\"377\" srcset=\"https:\/\/xerall.com\/wp-content\/uploads\/2022\/12\/VIVI-SMARTPHONE-700.jpg 700w, https:\/\/xerall.com\/wp-content\/uploads\/2022\/12\/VIVI-SMARTPHONE-700-300x162.jpg 300w\" sizes=\"(max-width: 700px) 100vw, 700px\" \/><\/p>\n<p style=\"text-align: center;\"><strong>SMARTPHONE APP<\/strong><\/p>\n<p style=\"text-align: center;\">Applikation kompatibel med Apple- och Android-operativsystem. Applikationen till\u00e5ter full kontroll \u00f6ver dr\u00f6naren, spela in video, ta foton, str\u00f6mma livevideo, visa: batteriniv\u00e5, h\u00f6jd, signalstyrka och mer<\/p>\n<p><img loading=\"lazy\" decoding=\"async\" class=\"aligncenter wp-image-11389 size-full\" src=\"https:\/\/xerall.com\/wp-content\/uploads\/2022\/12\/vivi-autotake-off.jpg\" alt=\"\" width=\"700\" height=\"377\" srcset=\"https:\/\/xerall.com\/wp-content\/uploads\/2022\/12\/vivi-autotake-off.jpg 700w, https:\/\/xerall.com\/wp-content\/uploads\/2022\/12\/vivi-autotake-off-300x162.jpg 300w\" sizes=\"(max-width: 700px) 100vw, 700px\" \/><\/p>\n<p style=\"text-align: center;\"><strong>AUTOMATISK START OCH LANDNING<\/strong><\/p>\n<p style=\"text-align: center;\">Med ett knapptryck tar dr\u00f6naren fart och landar automatiskt<\/p>\n<p><img loading=\"lazy\" decoding=\"async\" class=\"wp-image-11395 size-full aligncenter\" src=\"https:\/\/xerall.com\/wp-content\/uploads\/2022\/12\/VIVI-rotate-camera-700.jpg\" alt=\"\" width=\"700\" height=\"377\" srcset=\"https:\/\/xerall.com\/wp-content\/uploads\/2022\/12\/VIVI-rotate-camera-700.jpg 700w, https:\/\/xerall.com\/wp-content\/uploads\/2022\/12\/VIVI-rotate-camera-700-300x162.jpg 300w\" sizes=\"(max-width: 700px) 100vw, 700px\" \/><\/p>\n<p style=\"text-align: center;\"><strong>JUSTERBAR VINKELKAMERA<\/strong><\/p>\n<p style=\"text-align: center;\">Dr\u00f6narens kamera kan justeras med 90 grader. Detta \u00e4r mycket bekv\u00e4mt f\u00f6r att f\u00e5nga video fr\u00e5n olika perspektiv, kameran kan placeras f\u00f6r att se rakt ner eller horisontellt<\/p>\n<p><img loading=\"lazy\" decoding=\"async\" class=\"aligncenter wp-image-11401 size-full\" src=\"https:\/\/xerall.com\/wp-content\/uploads\/2022\/12\/VIVI-CUSTOM-ROUTE-700.jpg\" alt=\"\" width=\"700\" height=\"377\" srcset=\"https:\/\/xerall.com\/wp-content\/uploads\/2022\/12\/VIVI-CUSTOM-ROUTE-700.jpg 700w, https:\/\/xerall.com\/wp-content\/uploads\/2022\/12\/VIVI-CUSTOM-ROUTE-700-300x162.jpg 300w\" sizes=\"(max-width: 700px) 100vw, 700px\" \/><\/p>\n<p style=\"text-align: center;\"><strong>ANPASSAD FLYGRUTT<\/strong><\/p>\n<p style=\"text-align: center;\">Rita bara v\u00e4gen p\u00e5 smarttelefonsk\u00e4rmen, dr\u00f6naren f\u00f6ljer den autonomt<\/p>\n<p><img loading=\"lazy\" decoding=\"async\" class=\"wp-image-11407 size-full aligncenter\" src=\"https:\/\/xerall.com\/wp-content\/uploads\/2022\/12\/vivi-altitude-hold-700.jpg\" alt=\"\" width=\"700\" height=\"377\" srcset=\"https:\/\/xerall.com\/wp-content\/uploads\/2022\/12\/vivi-altitude-hold-700.jpg 700w, https:\/\/xerall.com\/wp-content\/uploads\/2022\/12\/vivi-altitude-hold-700-300x162.jpg 300w\" sizes=\"(max-width: 700px) 100vw, 700px\" \/><\/p>\n<p style=\"text-align: center;\"><strong>H\u00d6JDH\u00c5LLNINGSFUNKTION<\/strong><\/p>\n<p style=\"text-align: center;\">Dr\u00f6naren kommer att \u00f6vervaka och h\u00e5lla en konstant h\u00f6jd s\u00e5 att du kan fokusera p\u00e5 att flyga<\/p>\n<p style=\"text-align: center;\"><strong>SETET INNEH\u00c5LLER:<\/strong><br \/>\n1 x VIVI -dr\u00f6nare helt monterad (RTF)<br \/>\n1 x 2,4 GHz-radiostyrenhet med en smartphone-h\u00e5llare<br \/>\n<strong>2 x 3,7 V 500mAh batteri<\/strong><br \/>\n1 x laddare<br \/>\n4 x reservpropeller<\/p>\n<p style=\"text-align: center;\"><strong>TEKNISKA SPECIFIKATIONER:<\/strong><br \/>\nDr\u00f6narens vikt: 63 g<\/p>\n<p style=\"text-align: center;\"><strong>Kamera<\/strong><br \/>\nVideokamera: HD 720p<\/p>\n<p style=\"text-align: center;\"><strong>LIVE VIDEO<\/strong><br \/>\nDriftfrekvens: WiFi (2,4 GHz)<br \/>\nLive f\u00f6rhandsvisning: smartphone (applikation f\u00f6r iOS eller Android)<\/p>\n<p style=\"text-align: center;\"><strong>VR GLAS\u00d6GON<\/strong><br \/>\nKompatibel (VR-glas\u00f6gon ing\u00e5r ej)<\/p>\n<p style=\"text-align: center;\"><strong>Laddare<\/strong><br \/>\nTyp av adapter: USB<br \/>\nLaddningstid: 25-30 min<\/p>\n<p style=\"text-align: center;\"><strong>Batteri<\/strong><\/p>\n<p style=\"text-align: center;\"><strong>TV\u00c5 BATTERIER ING\u00c5R!<\/strong><br \/>\nKapacitet: 180mAh<br \/>\nBatterityp: Li-Po<br \/>\nSp\u00e4nning: 3,7 V<\/p>\n<p style=\"text-align: center;\"><strong>Uth\u00e5llighet<\/strong><br \/>\nMaximal flygtid: 6-7 minuter, 12-14 minuter med tv\u00e5 medf\u00f6ljande batterier<\/p>\n<p style=\"text-align: center;\"><strong>SMARTPHONE APP<\/strong><br \/>\nProgram kompatibel med Apple och Android operativsystem<br \/>\nKontrolll\u00e4ge: med hj\u00e4lp av knapparna p\u00e5 sk\u00e4rmen eller interna IMU (dr\u00f6naren kommer att f\u00f6lja smartphonens r\u00f6relse)<br \/>\nWay-punkter: bara rita v\u00e4gen p\u00e5 smartphone sk\u00e4rmen kommer dr\u00f6naren att f\u00f6lja den sj\u00e4lvst\u00e4ndigt<br \/>\nTa foton, spela in videor med mera.<\/p>\n<p style=\"text-align: center;\">Ladda ner appen h\u00e4r:<\/p>\n<p style=\"text-align: center;\"><a href=\"https:\/\/play.google.com\/store\/apps\/details?id=com.udirc.xerall&amp;hl=en\" target=\"_blank\" rel=\"noopener\"><img loading=\"lazy\" decoding=\"async\" class=\"aligncenter wp-image-1201\" src=\"https:\/\/xerall.com\/wp-content\/uploads\/2018\/06\/google-play-1000-e1591259782247.png\" alt=\"\" width=\"200\" height=\"61\"><\/a><\/p>\n<p><a href=\"https:\/\/apps.apple.com\/us\/app\/xerall\/id1398763430\" target=\"_blank\" rel=\"noopener\"><img loading=\"lazy\" decoding=\"async\" class=\"size-full wp-image-1203 aligncenter\" src=\"https:\/\/xerall.com\/wp-content\/uploads\/2018\/06\/appple-store-badge-100.png\" alt=\"\" width=\"200\" height=\"61\" srcset=\"https:\/\/xerall.com\/wp-content\/uploads\/2018\/06\/appple-store-badge-100.png 200w, https:\/\/xerall.com\/wp-content\/uploads\/2018\/06\/appple-store-badge-100-100x31.png 100w\" sizes=\"(max-width: 200px) 100vw, 200px\" \/><\/a><\/p>\n<!-- AddThis Advanced Settings generic via filter on the_content --><!-- AddThis Share Buttons generic via filter on the_content -->","protected":false},"excerpt":{"rendered":"<p>M\u00d6T VIVI DEN MINSTA XERALL-DR\u00d6NAREN MED HD-KAMERA<!-- AddThis Advanced Settings generic via filter on wp_trim_excerpt --><!-- AddThis Share Buttons generic via filter on wp_trim_excerpt --><\/p>\n","protected":false},"featured_media":11252,"template":"","meta":{"_acf_changed":false,"om_disable_all_campaigns":false,"_monsterinsights_skip_tracking":false,"_monsterinsights_sitenote_active":false,"_monsterinsights_sitenote_note":"","_monsterinsights_sitenote_category":0},"product_brand":[],"product_cat":[281],"product_tag":[419],"class_list":{"0":"post-11264","1":"product","2":"type-product","3":"status-publish","4":"has-post-thumbnail","6":"product_cat-modeller","7":"product_tag-vivi-sv","9":"first","10":"instock","11":"sale","12":"taxable","13":"shipping-taxable","14":"purchasable","15":"product-type-simple"},"acf":[],"_links":{"self":[{"href":"https:\/\/xerall.com\/sv\/wp-json\/wp\/v2\/product\/11264","targetHints":{"allow":["GET"]}}],"collection":[{"href":"https:\/\/xerall.com\/sv\/wp-json\/wp\/v2\/product"}],"about":[{"href":"https:\/\/xerall.com\/sv\/wp-json\/wp\/v2\/types\/product"}],"wp:featuredmedia":[{"embeddable":true,"href":"https:\/\/xerall.com\/sv\/wp-json\/wp\/v2\/media\/11252"}],"wp:attachment":[{"href":"https:\/\/xerall.com\/sv\/wp-json\/wp\/v2\/media?parent=11264"}],"wp:term":[{"taxonomy":"product_brand","embeddable":true,"href":"https:\/\/xerall.com\/sv\/wp-json\/wp\/v2\/product_brand?post=11264"},{"taxonomy":"product_cat","embeddable":true,"href":"https:\/\/xerall.com\/sv\/wp-json\/wp\/v2\/product_cat?post=11264"},{"taxonomy":"product_tag","embeddable":true,"href":"https:\/\/xerall.com\/sv\/wp-json\/wp\/v2\/product_tag?post=11264"}],"curies":[{"name":"wp","href":"https:\/\/api.w.org\/{rel}","templated":true}]}}