{"id":8073,"date":"2019-11-27T10:55:46","date_gmt":"2019-11-27T09:55:46","guid":{"rendered":"https:\/\/xerall.com\/product\/flyg-motor-cw\/"},"modified":"2023-09-05T18:26:38","modified_gmt":"2023-09-05T16:26:38","slug":"motsols-motor-8-5-x-22-mm-svart-vit-trad-vit-kontakt","status":"publish","type":"product","link":"https:\/\/xerall.com\/sv\/produkt\/motsols-motor-8-5-x-22-mm-svart-vit-trad-vit-kontakt\/","title":{"rendered":"Flyg Motor CW"},"content":{"rendered":"<p>Medurs Motor: K\u00e4rnl\u00f6s 8,5 x 22 mm 4,2 V (svart och vit tr\u00e5d\/vit kontakt)<\/p>\n<!-- AddThis Advanced Settings generic via filter on the_content --><!-- AddThis Share Buttons generic via filter on the_content -->","protected":false},"excerpt":{"rendered":"<p>Medurs Motor: K\u00e4rnl\u00f6s 8,5 x 22 mm 4,2 V (svart och vit tr\u00e5d\/vit kontakt)<!-- AddThis Advanced Settings generic via filter on wp_trim_excerpt --><!-- AddThis Share Buttons generic via filter on wp_trim_excerpt --><\/p>\n","protected":false},"featured_media":2387,"template":"","meta":{"_acf_changed":false,"om_disable_all_campaigns":false,"_monsterinsights_skip_tracking":false,"_monsterinsights_sitenote_active":false,"_monsterinsights_sitenote_note":"","_monsterinsights_sitenote_category":0},"product_brand":[],"product_cat":[275],"product_tag":[277,312],"class_list":{"0":"post-8073","1":"product","2":"type-product","3":"status-publish","4":"has-post-thumbnail","6":"product_cat-x-tankcopter-reservdelar","7":"product_tag-motor-sv","8":"product_tag-x-tankcopter-sv-sv","10":"first","11":"onbackorder","12":"taxable","13":"shipping-taxable","14":"purchasable","15":"product-type-simple"},"acf":[],"_links":{"self":[{"href":"https:\/\/xerall.com\/sv\/wp-json\/wp\/v2\/product\/8073","targetHints":{"allow":["GET"]}}],"collection":[{"href":"https:\/\/xerall.com\/sv\/wp-json\/wp\/v2\/product"}],"about":[{"href":"https:\/\/xerall.com\/sv\/wp-json\/wp\/v2\/types\/product"}],"wp:featuredmedia":[{"embeddable":true,"href":"https:\/\/xerall.com\/sv\/wp-json\/wp\/v2\/media\/2387"}],"wp:attachment":[{"href":"https:\/\/xerall.com\/sv\/wp-json\/wp\/v2\/media?parent=8073"}],"wp:term":[{"taxonomy":"product_brand","embeddable":true,"href":"https:\/\/xerall.com\/sv\/wp-json\/wp\/v2\/product_brand?post=8073"},{"taxonomy":"product_cat","embeddable":true,"href":"https:\/\/xerall.com\/sv\/wp-json\/wp\/v2\/product_cat?post=8073"},{"taxonomy":"product_tag","embeddable":true,"href":"https:\/\/xerall.com\/sv\/wp-json\/wp\/v2\/product_tag?post=8073"}],"curies":[{"name":"wp","href":"https:\/\/api.w.org\/{rel}","templated":true}]}}