{"id":8074,"date":"2019-11-27T10:58:11","date_gmt":"2019-11-27T09:58:11","guid":{"rendered":"https:\/\/xerall.com\/product\/spar-balten-x-2\/"},"modified":"2023-09-05T18:27:19","modified_gmt":"2023-09-05T16:27:19","slug":"spar-balten-x-2","status":"publish","type":"product","link":"https:\/\/xerall.com\/sv\/produkt\/spar-balten-x-2\/","title":{"rendered":"Sp\u00e5r B\u00e4lten x 2"},"content":{"rendered":"<p>Neopren MLX 256 b\u00e4lte x 2<\/p>\n<!-- AddThis Advanced Settings generic via filter on the_content --><!-- AddThis Share Buttons generic via filter on the_content -->","protected":false},"excerpt":{"rendered":"<p>Neopren MLX 256 b\u00e4lte x 2<!-- AddThis Advanced Settings generic via filter on wp_trim_excerpt --><!-- AddThis Share Buttons generic via filter on wp_trim_excerpt --><\/p>\n","protected":false},"featured_media":2383,"template":"","meta":{"_acf_changed":false,"om_disable_all_campaigns":false,"_monsterinsights_skip_tracking":false,"_monsterinsights_sitenote_active":false,"_monsterinsights_sitenote_note":"","_monsterinsights_sitenote_category":0},"product_brand":[],"product_cat":[275],"product_tag":[280,279],"class_list":{"0":"post-8074","1":"product","2":"type-product","3":"status-publish","4":"has-post-thumbnail","6":"product_cat-x-tankcopter-reservdelar","7":"product_tag-spar","8":"product_tag-tankcopter-tankcopter","10":"first","11":"onbackorder","12":"taxable","13":"shipping-taxable","14":"purchasable","15":"product-type-simple"},"acf":[],"_links":{"self":[{"href":"https:\/\/xerall.com\/sv\/wp-json\/wp\/v2\/product\/8074","targetHints":{"allow":["GET"]}}],"collection":[{"href":"https:\/\/xerall.com\/sv\/wp-json\/wp\/v2\/product"}],"about":[{"href":"https:\/\/xerall.com\/sv\/wp-json\/wp\/v2\/types\/product"}],"wp:featuredmedia":[{"embeddable":true,"href":"https:\/\/xerall.com\/sv\/wp-json\/wp\/v2\/media\/2383"}],"wp:attachment":[{"href":"https:\/\/xerall.com\/sv\/wp-json\/wp\/v2\/media?parent=8074"}],"wp:term":[{"taxonomy":"product_brand","embeddable":true,"href":"https:\/\/xerall.com\/sv\/wp-json\/wp\/v2\/product_brand?post=8074"},{"taxonomy":"product_cat","embeddable":true,"href":"https:\/\/xerall.com\/sv\/wp-json\/wp\/v2\/product_cat?post=8074"},{"taxonomy":"product_tag","embeddable":true,"href":"https:\/\/xerall.com\/sv\/wp-json\/wp\/v2\/product_tag?post=8074"}],"curies":[{"name":"wp","href":"https:\/\/api.w.org\/{rel}","templated":true}]}}