{"id":8075,"date":"2019-11-27T10:54:47","date_gmt":"2019-11-27T09:54:47","guid":{"rendered":"https:\/\/xerall.com\/product\/flyg-motor-ccw\/"},"modified":"2023-09-05T18:26:43","modified_gmt":"2023-09-05T16:26:43","slug":"medurs-motor-8-5x22m-rod-och-bule-trad-rod-kontakt","status":"publish","type":"product","link":"https:\/\/xerall.com\/sv\/produkt\/medurs-motor-8-5x22m-rod-och-bule-trad-rod-kontakt\/","title":{"rendered":"Flyg Motor CCW"},"content":{"rendered":"<p>Medurs Motor: K\u00e4rnl\u00f6s 8,5 x 22 mm 4,2 V (r\u00f6d och bule tr\u00e5d \/ r\u00f6d kontakt)<\/p>\n<!-- AddThis Advanced Settings generic via filter on the_content --><!-- AddThis Share Buttons generic via filter on the_content -->","protected":false},"excerpt":{"rendered":"<p>Medurs Motor: K\u00e4rnl\u00f6s 8,5 x 22 mm 4,2 V (r\u00f6d och bule tr\u00e5d \/ r\u00f6d kontakt)<!-- AddThis Advanced Settings generic via filter on wp_trim_excerpt --><!-- AddThis Share Buttons generic via filter on wp_trim_excerpt --><\/p>\n","protected":false},"featured_media":2389,"template":"","meta":{"_acf_changed":false,"om_disable_all_campaigns":false,"_monsterinsights_skip_tracking":false,"_monsterinsights_sitenote_active":false,"_monsterinsights_sitenote_note":"","_monsterinsights_sitenote_category":0},"product_brand":[],"product_cat":[275],"product_tag":[],"class_list":{"0":"post-8075","1":"product","2":"type-product","3":"status-publish","4":"has-post-thumbnail","6":"product_cat-x-tankcopter-reservdelar","8":"first","9":"onbackorder","10":"taxable","11":"shipping-taxable","12":"purchasable","13":"product-type-simple"},"acf":[],"_links":{"self":[{"href":"https:\/\/xerall.com\/sv\/wp-json\/wp\/v2\/product\/8075","targetHints":{"allow":["GET"]}}],"collection":[{"href":"https:\/\/xerall.com\/sv\/wp-json\/wp\/v2\/product"}],"about":[{"href":"https:\/\/xerall.com\/sv\/wp-json\/wp\/v2\/types\/product"}],"wp:featuredmedia":[{"embeddable":true,"href":"https:\/\/xerall.com\/sv\/wp-json\/wp\/v2\/media\/2389"}],"wp:attachment":[{"href":"https:\/\/xerall.com\/sv\/wp-json\/wp\/v2\/media?parent=8075"}],"wp:term":[{"taxonomy":"product_brand","embeddable":true,"href":"https:\/\/xerall.com\/sv\/wp-json\/wp\/v2\/product_brand?post=8075"},{"taxonomy":"product_cat","embeddable":true,"href":"https:\/\/xerall.com\/sv\/wp-json\/wp\/v2\/product_cat?post=8075"},{"taxonomy":"product_tag","embeddable":true,"href":"https:\/\/xerall.com\/sv\/wp-json\/wp\/v2\/product_tag?post=8075"}],"curies":[{"name":"wp","href":"https:\/\/api.w.org\/{rel}","templated":true}]}}