{"id":8239,"date":"2017-01-07T12:06:52","date_gmt":"2017-01-07T11:06:52","guid":{"rendered":"https:\/\/xerall.com\/product\/x-tankcopter\/"},"modified":"2023-12-22T10:25:11","modified_gmt":"2023-12-22T09:25:11","slug":"x-tankcopter","status":"publish","type":"product","link":"https:\/\/xerall.com\/sv\/produkt\/x-tankcopter\/","title":{"rendered":"X-TANKCOPTER"},"content":{"rendered":"<p style=\"font-size: 17.6px;\"><img fetchpriority=\"high\" decoding=\"async\" class=\"wp-image-9326 size-full aligncenter\" src=\"https:\/\/xerall.com\/wp-content\/uploads\/2020\/10\/Xerall-drone-1.jpg\" alt=\"\" width=\"1200\" height=\"675\" srcset=\"https:\/\/xerall.com\/wp-content\/uploads\/2020\/10\/Xerall-drone-1.jpg 1200w, https:\/\/xerall.com\/wp-content\/uploads\/2020\/10\/Xerall-drone-1-1000x563.jpg 1000w, https:\/\/xerall.com\/wp-content\/uploads\/2020\/10\/Xerall-drone-1-300x169.jpg 300w, https:\/\/xerall.com\/wp-content\/uploads\/2020\/10\/Xerall-drone-1-1024x576.jpg 1024w, https:\/\/xerall.com\/wp-content\/uploads\/2020\/10\/Xerall-drone-1-768x432.jpg 768w\" sizes=\"(max-width: 1200px) 100vw, 1200px\" \/><\/p>\n<p style=\"text-align: center;\">Xerall <strong>X-TANKCOPTER drone <\/strong>\u00e4r v\u00e4rldens enda flygande tank som fungerar bra b\u00e5de p\u00e5 marken och i luften. Produkten har utformats p\u00e5 ett patenterat framdrivningssystem som m\u00f6jligg\u00f6r effektiv anslutning av b\u00e5de driv- och flygr\u00f6relsesystem.<\/p>\n<p><img decoding=\"async\" class=\"size-full wp-image-9528 aligncenter\" src=\"https:\/\/xerall.com\/wp-content\/uploads\/2017\/01\/Xerall-Drone-HD-camera.jpg\" alt=\"\" width=\"1000\" height=\"1000\" srcset=\"https:\/\/xerall.com\/wp-content\/uploads\/2017\/01\/Xerall-Drone-HD-camera.jpg 1000w, https:\/\/xerall.com\/wp-content\/uploads\/2017\/01\/Xerall-Drone-HD-camera-500x500.jpg 500w, https:\/\/xerall.com\/wp-content\/uploads\/2017\/01\/Xerall-Drone-HD-camera-100x100.jpg 100w, https:\/\/xerall.com\/wp-content\/uploads\/2017\/01\/Xerall-Drone-HD-camera-300x300.jpg 300w, https:\/\/xerall.com\/wp-content\/uploads\/2017\/01\/Xerall-Drone-HD-camera-150x150.jpg 150w, https:\/\/xerall.com\/wp-content\/uploads\/2017\/01\/Xerall-Drone-HD-camera-768x768.jpg 768w\" sizes=\"(max-width: 1000px) 100vw, 1000px\" \/><\/p>\n<p style=\"text-align: center;\">Oroa dig inte om du \u00e4r nyb\u00f6rjare. <strong>X-TANKCOPTER<\/strong> \u00e4r mycket l\u00e4tt att kontrollera, perfekt f\u00f6r barn och vuxna. Det avancerade h\u00f6jdh\u00e5llningsl\u00e4get h\u00e5ller dr\u00f6naren stabil i en viss h\u00f6jd, s\u00e5 att du kan fokusera p\u00e5 att ha kul.<\/p>\n<p><img decoding=\"async\" class=\"size-full wp-image-9536 aligncenter\" src=\"https:\/\/xerall.com\/wp-content\/uploads\/2017\/01\/Xerall-Auto-landing.jpg\" alt=\"\" width=\"1000\" height=\"1000\" srcset=\"https:\/\/xerall.com\/wp-content\/uploads\/2017\/01\/Xerall-Auto-landing.jpg 1000w, https:\/\/xerall.com\/wp-content\/uploads\/2017\/01\/Xerall-Auto-landing-500x500.jpg 500w, https:\/\/xerall.com\/wp-content\/uploads\/2017\/01\/Xerall-Auto-landing-100x100.jpg 100w, https:\/\/xerall.com\/wp-content\/uploads\/2017\/01\/Xerall-Auto-landing-300x300.jpg 300w, https:\/\/xerall.com\/wp-content\/uploads\/2017\/01\/Xerall-Auto-landing-150x150.jpg 150w, https:\/\/xerall.com\/wp-content\/uploads\/2017\/01\/Xerall-Auto-landing-768x768.jpg 768w\" sizes=\"(max-width: 1000px) 100vw, 1000px\" \/><\/p>\n<p style=\"text-align: center;\">Den har ocks\u00e5 automatiska start- och landningsfunktioner. Med knapptryckningen kommer dr\u00f6naren att lyfta och sv\u00e4va p\u00e5 plats, ytterligare ett tryck p\u00e5 knappen och det kommer att sjunka och s\u00e4kert landa. En annan intressant funktion \u00e4r en anpassad rutt. Bara rita en v\u00e4g p\u00e5 sk\u00e4rmen och dr\u00f6naren kommer att f\u00f6lja den sj\u00e4lvst\u00e4ndigt! K\u00f6rning \u00e4r \u00e4nnu enklare, varje dr\u00f6nare sp\u00e5r styrs av en separat pinne (hand) som g\u00f6r det m\u00f6jligt att dra full nytta av tanken prestanda, g\u00f6r coola trick, som drivande, 360 spinn etc.<\/p>\n<p><img loading=\"lazy\" decoding=\"async\" class=\"size-full wp-image-9544 aligncenter\" src=\"https:\/\/xerall.com\/wp-content\/uploads\/2017\/01\/6-1.jpg\" alt=\"\" width=\"1000\" height=\"1000\" srcset=\"https:\/\/xerall.com\/wp-content\/uploads\/2017\/01\/6-1.jpg 1000w, https:\/\/xerall.com\/wp-content\/uploads\/2017\/01\/6-1-500x500.jpg 500w, https:\/\/xerall.com\/wp-content\/uploads\/2017\/01\/6-1-100x100.jpg 100w, https:\/\/xerall.com\/wp-content\/uploads\/2017\/01\/6-1-300x300.jpg 300w, https:\/\/xerall.com\/wp-content\/uploads\/2017\/01\/6-1-150x150.jpg 150w, https:\/\/xerall.com\/wp-content\/uploads\/2017\/01\/6-1-768x768.jpg 768w\" sizes=\"(max-width: 1000px) 100vw, 1000px\" \/><\/p>\n<p style=\"text-align: center;\"><strong>FJ\u00c4RRKONTROLL 2,4 GHz<\/strong><br \/>\nFj\u00e4rrkontrollen fungerar som i fallet med andra dr\u00f6nare, som erbjuder kontroll \u00f6ver gir, pitch, rulle, h\u00f6jd, HD-kamera etc. N\u00e4r du har tryckt p\u00e5 &#8221;mode&#8221;-knappen fyrhjulingen f\u00f6rvandlas till en tank. Var och en av sp\u00e5ren styrs av en separat pinne.<\/p>\n<p><img loading=\"lazy\" decoding=\"async\" class=\"aligncenter wp-image-2901\" src=\"https:\/\/xerall.com\/wp-content\/uploads\/2017\/01\/xerall-rx-e1589907448775.jpg\" alt=\"\" width=\"600\" height=\"597\" srcset=\"https:\/\/xerall.com\/wp-content\/uploads\/2017\/01\/xerall-rx-e1589907448775.jpg 700w, https:\/\/xerall.com\/wp-content\/uploads\/2017\/01\/xerall-rx-e1589907448775-100x100.jpg 100w\" sizes=\"(max-width: 600px) 100vw, 600px\" \/><\/p>\n<p style=\"text-align: center;\"><strong>FPV \u00d6VERF\u00d6RING GENOM VR GLAS\u00d6GON<\/strong><br \/>\nVR-video\u00f6verf\u00f6ring i realtid (FPV).  <strong>VR-GLAS\u00d6GON ING\u00c5R INTE  <\/strong><\/p>\n<p><img loading=\"lazy\" decoding=\"async\" class=\"aligncenter wp-image-12772\" src=\"https:\/\/xerall.com\/wp-content\/uploads\/2017\/01\/8-scaled.jpg\" alt=\"\" width=\"1000\" height=\"1000\" srcset=\"https:\/\/xerall.com\/wp-content\/uploads\/2017\/01\/8-scaled.jpg 2560w, https:\/\/xerall.com\/wp-content\/uploads\/2017\/01\/8-300x300.jpg 300w, https:\/\/xerall.com\/wp-content\/uploads\/2017\/01\/8-1024x1024.jpg 1024w, https:\/\/xerall.com\/wp-content\/uploads\/2017\/01\/8-150x150.jpg 150w, https:\/\/xerall.com\/wp-content\/uploads\/2017\/01\/8-768x768.jpg 768w, https:\/\/xerall.com\/wp-content\/uploads\/2017\/01\/8-1536x1536.jpg 1536w, https:\/\/xerall.com\/wp-content\/uploads\/2017\/01\/8-2048x2048.jpg 2048w, https:\/\/xerall.com\/wp-content\/uploads\/2017\/01\/8-500x500.jpg 500w, https:\/\/xerall.com\/wp-content\/uploads\/2017\/01\/8-1000x1000.jpg 1000w, https:\/\/xerall.com\/wp-content\/uploads\/2017\/01\/8-100x100.jpg 100w\" sizes=\"(max-width: 1000px) 100vw, 1000px\" \/><\/p>\n<p>&nbsp;<\/p>\n<p style=\"text-align: center;\"><strong>SETET INNEH\u00c5LLER:<\/strong><br \/>\n1 x X-TankCopter helt monterad (RTF)<br \/>\n1 x 2,4 GHz-radiostyrenhet med en smartphone-h\u00e5llare<br \/>\n1 x 3,7 V 900 mAh batteri<br \/>\n1 x laddare<br \/>\n4 x reservpropeller<br \/>\n1 x skruvmejsel f\u00f6r alla f\u00e4stelement<\/p>\n<p>&nbsp;<\/p>\n<p>&nbsp;<\/p>\n<p style=\"text-align: center;\"><strong>TEKNISKA SPECIFIKATIONER:<\/strong><br \/>\ndr\u00f6narens vikt: 131 g<\/p>\n<p style=\"text-align: center;\"><strong>Kamera<\/strong><br \/>\nVideoinspelningsl\u00e4gen: HD 1280x720p 30 fps<br \/>\nSD-korttyp som st\u00f6ds: MicroSD upp till 32 GB<\/p>\n<p style=\"text-align: center;\"><strong>LIVE VIDEO<\/strong><br \/>\nDriftfrekvens: WiFi (2,4 GHz)<br \/>\nPreview: smartphone (ans\u00f6kan om iOS eller Android)<\/p>\n<p style=\"text-align: center;\"><strong>Laddare<\/strong><br \/>\nTyp av adapter: USB<br \/>\nLaddningstid: 25-30 min<\/p>\n<p style=\"text-align: center;\"><strong>Batteri<\/strong><br \/>\nKapacitet: 900 mAh<br \/>\nBatterityp: Li-Po<br \/>\nSp\u00e4nning: 3,7 V<\/p>\n<p style=\"text-align: center;\"><strong>Uth\u00e5llighet<\/strong><br \/>\nMaximal flygtid: 8 min<br \/>\nMaximal k\u00f6rtid: 20-25 min<\/p>\n<p style=\"text-align: center;\"><strong>SMARTPHONE APP<\/strong><br \/>\nProgram kompatibel med Apple och Android operativsystem<br \/>\nKontrolll\u00e4ge: med hj\u00e4lp av knapparna p\u00e5 sk\u00e4rmen eller interna IMU (dr\u00f6naren kommer att f\u00f6lja smartphonens r\u00f6relse)<br \/>\nWay-punkter: bara rita v\u00e4gen p\u00e5 smartphone sk\u00e4rmen kommer dr\u00f6naren att f\u00f6lja den sj\u00e4lvst\u00e4ndigt<br \/>\nTa foton, spela in videor med mera.<\/p>\n<p style=\"text-align: center;\">Ladda ner appen h\u00e4r:<\/p>\n<p>&nbsp;<\/p>\n<p><a href=\"https:\/\/play.google.com\/store\/apps\/details?id=com.udirc.xerall&amp;hl=en\" target=\"_blank\" rel=\"noopener\"><img loading=\"lazy\" decoding=\"async\" class=\"aligncenter wp-image-1201\" src=\"https:\/\/xerall.com\/wp-content\/uploads\/2018\/06\/google-play-1000-e1591259782247.png\" alt=\"\" width=\"200\" height=\"61\"><\/a><\/p>\n<p><a href=\"https:\/\/apps.apple.com\/us\/app\/xerall\/id1398763430\" target=\"_blank\" rel=\"noopener\"><img loading=\"lazy\" decoding=\"async\" class=\"size-full wp-image-1203 aligncenter\" src=\"https:\/\/xerall.com\/wp-content\/uploads\/2018\/06\/appple-store-badge-100.png\" alt=\"\" width=\"200\" height=\"61\" srcset=\"https:\/\/xerall.com\/wp-content\/uploads\/2018\/06\/appple-store-badge-100.png 200w, https:\/\/xerall.com\/wp-content\/uploads\/2018\/06\/appple-store-badge-100-100x31.png 100w\" sizes=\"(max-width: 200px) 100vw, 200px\" \/><\/a><\/p>\n<!-- AddThis Advanced Settings generic via filter on the_content --><!-- AddThis Share Buttons generic via filter on the_content -->","protected":false},"excerpt":{"rendered":"<p>X-TANKCOPTER V\u00e4rldens f\u00f6rsta hybridtank-quadcopter drone<!-- AddThis Advanced Settings generic via filter on wp_trim_excerpt --><!-- AddThis Share Buttons generic via filter on wp_trim_excerpt --><\/p>\n","protected":false},"featured_media":12784,"template":"","meta":{"_acf_changed":false,"om_disable_all_campaigns":false,"_monsterinsights_skip_tracking":false,"_monsterinsights_sitenote_active":false,"_monsterinsights_sitenote_note":"","_monsterinsights_sitenote_category":0},"product_brand":[],"product_cat":[281],"product_tag":[312],"class_list":{"0":"post-8239","1":"product","2":"type-product","3":"status-publish","4":"has-post-thumbnail","6":"product_cat-modeller","7":"product_tag-x-tankcopter-sv-sv","9":"first","10":"instock","11":"sale","12":"taxable","13":"shipping-taxable","14":"purchasable","15":"product-type-simple"},"acf":[],"_links":{"self":[{"href":"https:\/\/xerall.com\/sv\/wp-json\/wp\/v2\/product\/8239","targetHints":{"allow":["GET"]}}],"collection":[{"href":"https:\/\/xerall.com\/sv\/wp-json\/wp\/v2\/product"}],"about":[{"href":"https:\/\/xerall.com\/sv\/wp-json\/wp\/v2\/types\/product"}],"wp:featuredmedia":[{"embeddable":true,"href":"https:\/\/xerall.com\/sv\/wp-json\/wp\/v2\/media\/12784"}],"wp:attachment":[{"href":"https:\/\/xerall.com\/sv\/wp-json\/wp\/v2\/media?parent=8239"}],"wp:term":[{"taxonomy":"product_brand","embeddable":true,"href":"https:\/\/xerall.com\/sv\/wp-json\/wp\/v2\/product_brand?post=8239"},{"taxonomy":"product_cat","embeddable":true,"href":"https:\/\/xerall.com\/sv\/wp-json\/wp\/v2\/product_cat?post=8239"},{"taxonomy":"product_tag","embeddable":true,"href":"https:\/\/xerall.com\/sv\/wp-json\/wp\/v2\/product_tag?post=8239"}],"curies":[{"name":"wp","href":"https:\/\/api.w.org\/{rel}","templated":true}]}}